{"id":989,"date":"2023-01-10T13:52:34","date_gmt":"2023-01-10T16:52:34","guid":{"rendered":"https:\/\/tintascuritiba.com.br\/?post_type=product&#038;p=989"},"modified":"2023-01-10T13:52:34","modified_gmt":"2023-01-10T16:52:34","slug":"roma-cacamba-plastica-para-tinta","status":"publish","type":"product","link":"https:\/\/tintascuritiba.com.br\/index.php\/produto\/roma-cacamba-plastica-para-tinta\/","title":{"rendered":"Roma Ca\u00e7amba pl\u00e1stica para tinta"},"content":{"rendered":"<p>Ca\u00e7amba pl\u00e1stica para tinta.<br \/>\nFabricada em pl\u00e1stico super-resistente.<br \/>\nMedidor de capacidade \u2013 m\u00e1ximo 10L.<br \/>\nCabo anat\u00f4mico.<\/p>\n<p>Acompanha gancho met\u00e1lico para uso em escadas.<\/p>\n<table border=\"0\" width=\"100%\" cellspacing=\"0\" cellpadding=\"3\">\n<tbody>\n<tr>\n<td width=\"20%\">Ref.<\/td>\n<td width=\"52%\">Tam.\u00a0\u2013 Size<\/td>\n<td width=\"4%\"><\/td>\n<td width=\"24%\">C\u00f3d. EAN 13<\/td>\n<\/tr>\n<tr>\n<td width=\"20%\">312120<\/td>\n<td>10L<\/td>\n<td><\/td>\n<td width=\"24%\">7891595002660<\/td>\n<\/tr>\n<\/tbody>\n<\/table>\n","protected":false},"excerpt":{"rendered":"<p>Ca\u00e7amba pl\u00e1stica para tinta.<br \/>\nFabricada em pl\u00e1stico super-resistente.<br \/>\nMedidor de capacidade \u2013 m\u00e1ximo 10L.<br \/>\nCabo anat\u00f4mico.<\/p>\n<p>Acompanha gancho met\u00e1lico para uso em escadas.<\/p>\n","protected":false},"featured_media":990,"comment_status":"open","ping_status":"closed","template":"","meta":[],"product_cat":[58],"product_tag":[402,403,366],"class_list":{"0":"post-989","1":"product","2":"type-product","3":"status-publish","4":"has-post-thumbnail","5":"hentry","6":"product_cat-acessorios-e-ferramentas","7":"product_tag-cacamba-plastica-para-tinta-10-litros","8":"product_tag-ref-312120","9":"product_tag-roma","11":"entry","12":"has-media","13":"owp-thumbs-layout-horizontal","14":"owp-btn-normal","15":"owp-tabs-layout-horizontal","16":"has-no-thumbnails","17":"has-product-nav"},"_links":{"self":[{"href":"https:\/\/tintascuritiba.com.br\/index.php\/wp-json\/wp\/v2\/product\/989","targetHints":{"allow":["GET"]}}],"collection":[{"href":"https:\/\/tintascuritiba.com.br\/index.php\/wp-json\/wp\/v2\/product"}],"about":[{"href":"https:\/\/tintascuritiba.com.br\/index.php\/wp-json\/wp\/v2\/types\/product"}],"replies":[{"embeddable":true,"href":"https:\/\/tintascuritiba.com.br\/index.php\/wp-json\/wp\/v2\/comments?post=989"}],"wp:featuredmedia":[{"embeddable":true,"href":"https:\/\/tintascuritiba.com.br\/index.php\/wp-json\/wp\/v2\/media\/990"}],"wp:attachment":[{"href":"https:\/\/tintascuritiba.com.br\/index.php\/wp-json\/wp\/v2\/media?parent=989"}],"wp:term":[{"taxonomy":"product_cat","embeddable":true,"href":"https:\/\/tintascuritiba.com.br\/index.php\/wp-json\/wp\/v2\/product_cat?post=989"},{"taxonomy":"product_tag","embeddable":true,"href":"https:\/\/tintascuritiba.com.br\/index.php\/wp-json\/wp\/v2\/product_tag?post=989"}],"curies":[{"name":"wp","href":"https:\/\/api.w.org\/{rel}","templated":true}]}}