{"id":985,"date":"2022-12-27T16:56:40","date_gmt":"2022-12-27T19:56:40","guid":{"rendered":"https:\/\/tintascuritiba.com.br\/?post_type=product&#038;p=985"},"modified":"2022-12-27T16:56:40","modified_gmt":"2022-12-27T19:56:40","slug":"roma-desempenadeira-inox-nivel-pro-16cm","status":"publish","type":"product","link":"https:\/\/tintascuritiba.com.br\/index.php\/produto\/roma-desempenadeira-inox-nivel-pro-16cm\/","title":{"rendered":"Roma Desempenadeira Inox Nivel PRO 16cm"},"content":{"rendered":"<p>Esp\u00e1tula desempenadeira profissional 16CM, ideal para massa corrida.<\/p>\n<p>L\u00e2mina a\u00e7o inox, uma ferramenta para servi\u00e7os gerais.<\/p>\n<table width=\"799\">\n<tbody>\n<tr>\n<td>Ref.<\/td>\n<td>Tam. \u2013 Size<\/td>\n<td>C\u00f3d. EAN 13<\/td>\n<\/tr>\n<tr>\n<td>675 10<\/td>\n<td>16CM<\/td>\n<td>7891595004152<\/td>\n<\/tr>\n<\/tbody>\n<\/table>\n","protected":false},"excerpt":{"rendered":"<p>Esp\u00e1tula desempenadeira profissional 16CM, ideal para massa corrida.<\/p>\n<p>L\u00e2mina a\u00e7o inox, uma ferramenta para servi\u00e7os gerais.<\/p>\n","protected":false},"featured_media":986,"comment_status":"open","ping_status":"closed","template":"","meta":[],"product_cat":[58],"product_tag":[398,366],"class_list":{"0":"post-985","1":"product","2":"type-product","3":"status-publish","4":"has-post-thumbnail","5":"hentry","6":"product_cat-acessorios-e-ferramentas","7":"product_tag-desempenadeira-inox-nivel-pro-16cm","8":"product_tag-roma","10":"entry","11":"has-media","12":"owp-thumbs-layout-horizontal","13":"owp-btn-normal","14":"owp-tabs-layout-horizontal","15":"has-no-thumbnails","16":"has-product-nav"},"_links":{"self":[{"href":"https:\/\/tintascuritiba.com.br\/index.php\/wp-json\/wp\/v2\/product\/985","targetHints":{"allow":["GET"]}}],"collection":[{"href":"https:\/\/tintascuritiba.com.br\/index.php\/wp-json\/wp\/v2\/product"}],"about":[{"href":"https:\/\/tintascuritiba.com.br\/index.php\/wp-json\/wp\/v2\/types\/product"}],"replies":[{"embeddable":true,"href":"https:\/\/tintascuritiba.com.br\/index.php\/wp-json\/wp\/v2\/comments?post=985"}],"wp:featuredmedia":[{"embeddable":true,"href":"https:\/\/tintascuritiba.com.br\/index.php\/wp-json\/wp\/v2\/media\/986"}],"wp:attachment":[{"href":"https:\/\/tintascuritiba.com.br\/index.php\/wp-json\/wp\/v2\/media?parent=985"}],"wp:term":[{"taxonomy":"product_cat","embeddable":true,"href":"https:\/\/tintascuritiba.com.br\/index.php\/wp-json\/wp\/v2\/product_cat?post=985"},{"taxonomy":"product_tag","embeddable":true,"href":"https:\/\/tintascuritiba.com.br\/index.php\/wp-json\/wp\/v2\/product_tag?post=985"}],"curies":[{"name":"wp","href":"https:\/\/api.w.org\/{rel}","templated":true}]}}