{"id":981,"date":"2022-12-27T16:49:34","date_gmt":"2022-12-27T19:49:34","guid":{"rendered":"https:\/\/tintascuritiba.com.br\/?post_type=product&#038;p=981"},"modified":"2022-12-27T16:49:34","modified_gmt":"2022-12-27T19:49:34","slug":"roma-espatula-aco-inox-multiuso-c-cabo","status":"publish","type":"product","link":"https:\/\/tintascuritiba.com.br\/index.php\/produto\/roma-espatula-aco-inox-multiuso-c-cabo\/","title":{"rendered":"Roma Esp\u00e1tula A\u00e7o Inox Multiuso c\/cabo"},"content":{"rendered":"<p>Esp\u00e1tula multiuso, ferramenta 5 em 1 produzida em a\u00e7o inox de grande resist\u00eancia e durabilidade. Desempenha 5 fun\u00e7\u00f5es: retirar pregos, abrir tampas de latas de tintas, raspar superf\u00edcies, rasgar latas e limpar rolos retirando o acesso de tinta, \u00e1gua ou solvente.<\/p>\n<p>INDICA\u00c7\u00c3O DE USO:<br \/>\nRetirar pregos, limpar rolos, abrir tampas de latas de tintas, raspar superf\u00edcies, rasgar latas.<\/p>\n<table width=\"800\">\n<tbody>\n<tr>\n<td>Ref.<\/td>\n<td>Tam. \u2013 Size<\/td>\n<td>C\u00f3d. EAN 13<\/td>\n<\/tr>\n<tr>\n<td>2030 1<\/td>\n<td>2,5 X 8 X 21,50 cm<\/td>\n<td>7891595008457<\/td>\n<\/tr>\n<\/tbody>\n<\/table>\n","protected":false},"excerpt":{"rendered":"<p>Esp\u00e1tula multiuso, ferramenta 5 em 1 produzida em a\u00e7o inox de grande resist\u00eancia e durabilidade. Desempenha 5 fun\u00e7\u00f5es: retirar pregos, abrir tampas de latas de tintas, raspar superf\u00edcies, rasgar latas e limpar rolos retirando o acesso de tinta, \u00e1gua ou solvente.<\/p>\n","protected":false},"featured_media":983,"comment_status":"open","ping_status":"closed","template":"","meta":[],"product_cat":[58],"product_tag":[397,366],"class_list":{"0":"post-981","1":"product","2":"type-product","3":"status-publish","4":"has-post-thumbnail","5":"hentry","6":"product_cat-acessorios-e-ferramentas","7":"product_tag-espatula-aco-inox-multiuso-c-cabo","8":"product_tag-roma","10":"entry","11":"has-media","12":"owp-thumbs-layout-horizontal","13":"owp-btn-normal","14":"owp-tabs-layout-horizontal","15":"has-no-thumbnails","16":"has-product-nav"},"_links":{"self":[{"href":"https:\/\/tintascuritiba.com.br\/index.php\/wp-json\/wp\/v2\/product\/981","targetHints":{"allow":["GET"]}}],"collection":[{"href":"https:\/\/tintascuritiba.com.br\/index.php\/wp-json\/wp\/v2\/product"}],"about":[{"href":"https:\/\/tintascuritiba.com.br\/index.php\/wp-json\/wp\/v2\/types\/product"}],"replies":[{"embeddable":true,"href":"https:\/\/tintascuritiba.com.br\/index.php\/wp-json\/wp\/v2\/comments?post=981"}],"wp:featuredmedia":[{"embeddable":true,"href":"https:\/\/tintascuritiba.com.br\/index.php\/wp-json\/wp\/v2\/media\/983"}],"wp:attachment":[{"href":"https:\/\/tintascuritiba.com.br\/index.php\/wp-json\/wp\/v2\/media?parent=981"}],"wp:term":[{"taxonomy":"product_cat","embeddable":true,"href":"https:\/\/tintascuritiba.com.br\/index.php\/wp-json\/wp\/v2\/product_cat?post=981"},{"taxonomy":"product_tag","embeddable":true,"href":"https:\/\/tintascuritiba.com.br\/index.php\/wp-json\/wp\/v2\/product_tag?post=981"}],"curies":[{"name":"wp","href":"https:\/\/api.w.org\/{rel}","templated":true}]}}