{"id":972,"date":"2022-12-20T17:16:43","date_gmt":"2022-12-20T20:16:43","guid":{"rendered":"https:\/\/tintascuritiba.com.br\/?post_type=product&#038;p=972"},"modified":"2022-12-20T17:16:44","modified_gmt":"2022-12-20T20:16:44","slug":"roma-kits-23cm-flex","status":"publish","type":"product","link":"https:\/\/tintascuritiba.com.br\/index.php\/produto\/roma-kits-23cm-flex\/","title":{"rendered":"Roma Kits 23cm \u2013 Flex"},"content":{"rendered":"<table border=\"0\" width=\"100%\" cellspacing=\"0\" cellpadding=\"3\">\n<tbody>\n<tr>\n<td>Ref.<\/td>\n<td>Tam.\u00a0\u2013 Size<\/td>\n<td>C\u00f3d. EAN 13<\/td>\n<\/tr>\n<\/tbody>\n<\/table>\n<table border=\"0\" width=\"100%\" cellspacing=\"0\" cellpadding=\"3\">\n<tbody>\n<tr>\n<td>685 00<\/td>\n<td><span class=\"fontstyle0\">KIT FLEX 23cm \u2013 03 p\u00e7s (323 16 + 317 1.1\/2\u2033)<\/span><\/td>\n<td><span class=\"fontstyle0\">7891595006781<\/span><\/td>\n<\/tr>\n<\/tbody>\n<\/table>\n<table border=\"0\" width=\"100%\" cellspacing=\"0\" cellpadding=\"3\">\n<tbody>\n<tr>\n<td>685 04<\/td>\n<td><span class=\"fontstyle0\">KIT FLEX 23cm \u2013 03 P\u00c7S (822 23)<\/span><\/td>\n<td><span class=\"fontstyle0\">7891595005494<\/span><\/td>\n<\/tr>\n<\/tbody>\n<\/table>\n<p>685 06\u00a0 \u00a0 \u00a0 \u00a0 \u00a0 \u00a0 \u00a0 \u00a0 \u00a0 KIT FLEX 23cm &#8211; 05 P\u00c7S (Acompanha: 01 bandeja 23cm, 01 cabo, 01 rolo de l\u00e3, 01 esp\u00e1tula de a\u00e7o e 01 mexedor de tinta.)<\/p>\n<p>685 07\u00a0 \u00a0 \u00a0 \u00a0 \u00a0 \u00a0 \u00a0 \u00a0 \u00a0 KIT FLEX 23cm &#8211; 05P\u00c7S (Acompanha: 01 bandeja 23cm, 01 cabo, 01 rolo de l\u00e3, 01 trincha e 01 mexedor de tinta.)<\/p>\n","protected":false},"excerpt":{"rendered":"<table border=\"0\" width=\"100%\" cellspacing=\"0\" cellpadding=\"3\">\n<tbody>\n<tr>\n<td>Ref.<\/td>\n<td>Tam.\u00a0\u2013 Size<\/td>\n<td>C\u00f3d. EAN 13<\/td>\n<\/tr>\n<\/tbody>\n<\/table>\n<table border=\"0\" width=\"100%\" cellspacing=\"0\" cellpadding=\"3\">\n<tbody>\n<tr>\n<td>685 00<\/td>\n<td><span class=\"fontstyle0\">KIT FLEX 23cm \u2013 03 p\u00e7s (323 16 + 317 1.1\/2\u2033)<\/span><\/td>\n<td><span class=\"fontstyle0\">7891595006781<\/span><\/td>\n<\/tr>\n<\/tbody>\n<\/table>\n<table border=\"0\" width=\"100%\" cellspacing=\"0\" cellpadding=\"3\">\n<tbody>\n<tr>\n<td>685 04<\/td>\n<td><span class=\"fontstyle0\">KIT FLEX 23cm \u2013 03 P\u00c7S (822 23)<\/span><\/td>\n<td><span class=\"fontstyle0\">7891595005494<\/span><\/td>\n<\/tr>\n<\/tbody>\n<\/table>\n<p>685 06\u00a0 \u00a0 \u00a0 \u00a0 \u00a0 \u00a0 \u00a0 \u00a0 \u00a0 KIT FLEX 23cm &#8211; 05 P\u00c7S (Acompanha: 01 bandeja 23cm, 01 cabo, 01 rolo de l\u00e3, 01 esp\u00e1tula de a\u00e7o e 01 mexedor de tinta.)<\/p>\n<p>685 07\u00a0 \u00a0 \u00a0 \u00a0 \u00a0 \u00a0 \u00a0 \u00a0 \u00a0 KIT FLEX 23cm &#8211; 05P\u00c7S (Acompanha: 01 bandeja 23cm, 01 cabo, 01 rolo de l\u00e3, 01 trincha e 01 mexedor de tinta.)<\/p>\n","protected":false},"featured_media":974,"comment_status":"open","ping_status":"closed","template":"","meta":[],"product_cat":[58],"product_tag":[392,393,394,395,391,366],"class_list":{"0":"post-972","1":"product","2":"type-product","3":"status-publish","4":"has-post-thumbnail","5":"hentry","6":"product_cat-acessorios-e-ferramentas","7":"product_tag-685-00","8":"product_tag-685-04","9":"product_tag-685-06","10":"product_tag-685-07","11":"product_tag-kits-23cm-flex","12":"product_tag-roma","14":"entry","15":"has-media","16":"owp-thumbs-layout-horizontal","17":"owp-btn-normal","18":"owp-tabs-layout-horizontal","19":"has-product-nav"},"_links":{"self":[{"href":"https:\/\/tintascuritiba.com.br\/index.php\/wp-json\/wp\/v2\/product\/972","targetHints":{"allow":["GET"]}}],"collection":[{"href":"https:\/\/tintascuritiba.com.br\/index.php\/wp-json\/wp\/v2\/product"}],"about":[{"href":"https:\/\/tintascuritiba.com.br\/index.php\/wp-json\/wp\/v2\/types\/product"}],"replies":[{"embeddable":true,"href":"https:\/\/tintascuritiba.com.br\/index.php\/wp-json\/wp\/v2\/comments?post=972"}],"wp:featuredmedia":[{"embeddable":true,"href":"https:\/\/tintascuritiba.com.br\/index.php\/wp-json\/wp\/v2\/media\/974"}],"wp:attachment":[{"href":"https:\/\/tintascuritiba.com.br\/index.php\/wp-json\/wp\/v2\/media?parent=972"}],"wp:term":[{"taxonomy":"product_cat","embeddable":true,"href":"https:\/\/tintascuritiba.com.br\/index.php\/wp-json\/wp\/v2\/product_cat?post=972"},{"taxonomy":"product_tag","embeddable":true,"href":"https:\/\/tintascuritiba.com.br\/index.php\/wp-json\/wp\/v2\/product_tag?post=972"}],"curies":[{"name":"wp","href":"https:\/\/api.w.org\/{rel}","templated":true}]}}