{"id":961,"date":"2022-12-20T16:21:23","date_gmt":"2022-12-20T19:21:23","guid":{"rendered":"https:\/\/tintascuritiba.com.br\/?post_type=product&#038;p=961"},"modified":"2022-12-20T16:21:23","modified_gmt":"2022-12-20T19:21:23","slug":"roma-rolo-de-la-de-carneiro-bernina-255","status":"publish","type":"product","link":"https:\/\/tintascuritiba.com.br\/index.php\/produto\/roma-rolo-de-la-de-carneiro-bernina-255\/","title":{"rendered":"Roma Rolo de l\u00e3 de carneiro Bernina \u2013 255"},"content":{"rendered":"<p><span class=\"fontstyle0\">Rolo de l\u00e3 de carneiro Bernina.<br \/>\nAltura da fibra: 5mm.<br \/>\nIndicado para superf\u00edcies lisas, com fino acabamento.<\/span><\/p>\n<p><strong>Ideal para aplica\u00e7\u00e3o de tintas ep\u00f3xi, resinas e vernizes.<\/strong><\/p>\n<p>Fabricado pelo sistema de termofus\u00e3o.<\/p>\n<div>\n<table border=\"0\" width=\"736\" cellspacing=\"0\" cellpadding=\"3\">\n<tbody>\n<tr>\n<td width=\"20%\">Ref.<\/td>\n<td width=\"52%\">Tam.\u00a0\u2013 Size<\/td>\n<td width=\"4%\"><\/td>\n<td width=\"24%\">C\u00f3d. EAN 13<\/td>\n<\/tr>\n<tr>\n<td width=\"20%\">255 05<\/td>\n<td>05cm \u2013 5mm<\/td>\n<td><img loading=\"lazy\" decoding=\"async\" src=\"https:\/\/i0.wp.com\/www.pinceisroma.com.br\/imagens\/icon_catalogo_cabo.png?w=900&amp;ssl=1\" width=\"14\" height=\"12\" \/><\/td>\n<td width=\"24%\">7891595003223<\/td>\n<\/tr>\n<tr>\n<td width=\"20%\">255 09<\/td>\n<td>09cm \u2013 5mm<\/td>\n<td><img loading=\"lazy\" decoding=\"async\" src=\"https:\/\/i0.wp.com\/www.pinceisroma.com.br\/imagens\/icon_catalogo_cabo.png?w=900&amp;ssl=1\" width=\"14\" height=\"12\" \/><\/td>\n<td width=\"24%\">7891595002196<\/td>\n<\/tr>\n<tr>\n<td width=\"20%\">255 15<\/td>\n<td>15cm \u2013 5mm<\/td>\n<td><img loading=\"lazy\" decoding=\"async\" src=\"https:\/\/i0.wp.com\/www.pinceisroma.com.br\/imagens\/icon_catalogo_cabo.png?w=900&amp;ssl=1\" width=\"14\" height=\"12\" \/><\/td>\n<td width=\"24%\">7891595002202<\/td>\n<\/tr>\n<tr>\n<td width=\"20%\">255 23<\/td>\n<td>23cm \u2013 5mm<\/td>\n<td><img loading=\"lazy\" decoding=\"async\" src=\"https:\/\/i0.wp.com\/www.pinceisroma.com.br\/imagens\/icon_catalogo_scabo.png?w=900&amp;ssl=1\" width=\"14\" height=\"16\" \/><\/td>\n<td width=\"24%\">7891595002219<\/td>\n<\/tr>\n<\/tbody>\n<\/table>\n<\/div>\n","protected":false},"excerpt":{"rendered":"<p><span class=\"fontstyle0\">Rolo de l\u00e3 de carneiro Bernina.<br \/>\nAltura da fibra: 5mm.<br \/>\nIndicado para superf\u00edcies lisas, com fino acabamento.<\/span><\/p>\n<p><strong>Ideal para aplica\u00e7\u00e3o de tintas ep\u00f3xi, resinas e vernizes.<\/strong><\/p>\n","protected":false},"featured_media":963,"comment_status":"open","ping_status":"closed","template":"","meta":[],"product_cat":[58],"product_tag":[379,380,381,382,378,366],"class_list":{"0":"post-961","1":"product","2":"type-product","3":"status-publish","4":"has-post-thumbnail","5":"hentry","6":"product_cat-acessorios-e-ferramentas","7":"product_tag-255-05","8":"product_tag-255-09","9":"product_tag-255-15","10":"product_tag-255-23","11":"product_tag-rolo-de-la-de-carneiro-bernina-255","12":"product_tag-roma","14":"entry","15":"has-media","16":"owp-thumbs-layout-horizontal","17":"owp-btn-normal","18":"owp-tabs-layout-horizontal","19":"has-product-nav"},"_links":{"self":[{"href":"https:\/\/tintascuritiba.com.br\/index.php\/wp-json\/wp\/v2\/product\/961","targetHints":{"allow":["GET"]}}],"collection":[{"href":"https:\/\/tintascuritiba.com.br\/index.php\/wp-json\/wp\/v2\/product"}],"about":[{"href":"https:\/\/tintascuritiba.com.br\/index.php\/wp-json\/wp\/v2\/types\/product"}],"replies":[{"embeddable":true,"href":"https:\/\/tintascuritiba.com.br\/index.php\/wp-json\/wp\/v2\/comments?post=961"}],"wp:featuredmedia":[{"embeddable":true,"href":"https:\/\/tintascuritiba.com.br\/index.php\/wp-json\/wp\/v2\/media\/963"}],"wp:attachment":[{"href":"https:\/\/tintascuritiba.com.br\/index.php\/wp-json\/wp\/v2\/media?parent=961"}],"wp:term":[{"taxonomy":"product_cat","embeddable":true,"href":"https:\/\/tintascuritiba.com.br\/index.php\/wp-json\/wp\/v2\/product_cat?post=961"},{"taxonomy":"product_tag","embeddable":true,"href":"https:\/\/tintascuritiba.com.br\/index.php\/wp-json\/wp\/v2\/product_tag?post=961"}],"curies":[{"name":"wp","href":"https:\/\/api.w.org\/{rel}","templated":true}]}}