{"id":940,"date":"2022-12-20T11:32:10","date_gmt":"2022-12-20T14:32:10","guid":{"rendered":"https:\/\/tintascuritiba.com.br\/?post_type=product&#038;p=940"},"modified":"2022-12-20T11:36:36","modified_gmt":"2022-12-20T14:36:36","slug":"selfdecor-telafix","status":"publish","type":"product","link":"https:\/\/tintascuritiba.com.br\/index.php\/produto\/selfdecor-telafix\/","title":{"rendered":"SelfDecor TelaFix"},"content":{"rendered":"<p><strong>O QUE \u00c9<\/strong><\/p>\n<p>A Tela Fix possui um sistema pioneiro de bandagem central n\u00e3o aderente que permite que a jun\u00e7\u00e3o dos materiais se movimente conforme a dilata\u00e7\u00e3o, sem que haja \u201crompimento\u201d no local aplicado.<\/p>\n<p>Uma solu\u00e7\u00e3o que tamb\u00e9m pode ser utilizada durante a constru\u00e7\u00e3o, em jun\u00e7\u00f5es de materiais diversos, onde as trincas e fissuras s\u00e3o mais prop\u00edcias em fun\u00e7\u00e3o da a\u00e7\u00e3o do tempo.?<\/p>\n<p>Al\u00e9m disso, a TELA FIX \u00e9 antimofo, permitindo maior durabilidade mesmo com a umidade comum em paredes e forros.?<\/p>\n<p>Para melhores resultados, sugerimos o uso desse produto acompanhado do TAPA TRINCA\u00ae.<\/p>\n<p><strong>COMPOSI\u00c7\u00c3O<\/strong><\/p>\n<p>100% poli\u00e9ster com bandagem de polipropileno.<\/p>\n<p><strong>ONDE APLICAR<\/strong><\/p>\n<p>Ideal para aplica\u00e7\u00f5es em juntas ou emendas de parede pois permite que a jun\u00e7\u00e3o dos materiais se movimente conforme a dilata\u00e7\u00e3o, sem que haja rompimento do revestimento aplicado.<\/p>\n<p>Indicado para utiliza\u00e7\u00e3o reparadora e preventiva de trincas e fissuras<\/p>\n<p>Uso externo e interno.<\/p>\n<p><strong>Embalagens<\/strong><\/p>\n<p>100mm\/30mm\/3m, 100mm\/30mm\/5m, 150mm\/50mm\/10m<\/p>\n","protected":false},"excerpt":{"rendered":"<p>A TELAFIX possui um sistema pioneiro de bandagem central n\u00e3o aderente que permite que a jun\u00e7\u00e3o dos materiais se movimente conforme a dilata\u00e7\u00e3o, sem que haja \u201crompimento\u201d no local aplicado.<\/p>\n<p>Uma solu\u00e7\u00e3o que tamb\u00e9m pode ser utilizada durante a constru\u00e7\u00e3o, em jun\u00e7\u00f5es de materiais diversos, onde as trincas e fissuras s\u00e3o mais prop\u00edcias em fun\u00e7\u00e3o da a\u00e7\u00e3o do tempo.?<\/p>\n<p>Al\u00e9m disso, a TELAFIX \u00e9 antimofo, permitindo maior durabilidade mesmo com a umidade comum em paredes e forros.?<\/p>\n<p>Para melhores resultados, sugerimos o uso desse produto acompanhado do TAPA TRINCA\u00ae.<\/p>\n","protected":false},"featured_media":946,"comment_status":"open","ping_status":"closed","template":"","meta":[],"product_cat":[18],"product_tag":[363,365],"class_list":{"0":"post-940","1":"product","2":"type-product","3":"status-publish","4":"has-post-thumbnail","5":"hentry","6":"product_cat-geral","7":"product_tag-selfdecor","8":"product_tag-telafix","10":"entry","11":"has-media","12":"owp-thumbs-layout-horizontal","13":"owp-btn-normal","14":"owp-tabs-layout-horizontal","15":"has-product-nav"},"_links":{"self":[{"href":"https:\/\/tintascuritiba.com.br\/index.php\/wp-json\/wp\/v2\/product\/940","targetHints":{"allow":["GET"]}}],"collection":[{"href":"https:\/\/tintascuritiba.com.br\/index.php\/wp-json\/wp\/v2\/product"}],"about":[{"href":"https:\/\/tintascuritiba.com.br\/index.php\/wp-json\/wp\/v2\/types\/product"}],"replies":[{"embeddable":true,"href":"https:\/\/tintascuritiba.com.br\/index.php\/wp-json\/wp\/v2\/comments?post=940"}],"wp:featuredmedia":[{"embeddable":true,"href":"https:\/\/tintascuritiba.com.br\/index.php\/wp-json\/wp\/v2\/media\/946"}],"wp:attachment":[{"href":"https:\/\/tintascuritiba.com.br\/index.php\/wp-json\/wp\/v2\/media?parent=940"}],"wp:term":[{"taxonomy":"product_cat","embeddable":true,"href":"https:\/\/tintascuritiba.com.br\/index.php\/wp-json\/wp\/v2\/product_cat?post=940"},{"taxonomy":"product_tag","embeddable":true,"href":"https:\/\/tintascuritiba.com.br\/index.php\/wp-json\/wp\/v2\/product_tag?post=940"}],"curies":[{"name":"wp","href":"https:\/\/api.w.org\/{rel}","templated":true}]}}