{"id":934,"date":"2022-12-20T11:22:23","date_gmt":"2022-12-20T14:22:23","guid":{"rendered":"https:\/\/tintascuritiba.com.br\/?post_type=product&#038;p=934"},"modified":"2022-12-20T11:22:24","modified_gmt":"2022-12-20T14:22:24","slug":"selfdecor-fita-fix","status":"publish","type":"product","link":"https:\/\/tintascuritiba.com.br\/index.php\/produto\/selfdecor-fita-fix\/","title":{"rendered":"SelfDecor Fita Fix"},"content":{"rendered":"<p><strong>O QUE \u00c9<\/strong><\/p>\n<p>A solu\u00e7\u00e3o pr\u00e1tica para reparos de fissuras e trincas superficiais. Fita Fix \u00e9 uma pel\u00edcula extra fina de alta elasticidade e de f\u00e1cil aplica\u00e7\u00e3o, pois n\u00e3o tem a necessidade de quebrar ou escarear a parede. Pode ser utilizada para \u00e1reas internas e externas.<\/p>\n<p><strong>COMPOSI\u00c7\u00c3O<\/strong><\/p>\n<p>100% polipropileno<\/p>\n<p><strong>ONDE APLICAR<\/strong><\/p>\n<p>Ideal para reparos fissuras superficiais em paredes em geral, inclusive forros de gesso, sem necessidade de quebrar, permitindo a vida longa da pintura.<\/p>\n<p>Uso externo e interno.<\/p>\n<p><strong>Embalagens Dispon\u00edveis<\/strong><\/p>\n<p>5cm\/10 metros, 5cm\/5 metros, 5cm\/3 metros<\/p>\n","protected":false},"excerpt":{"rendered":"<p>A solu\u00e7\u00e3o pr\u00e1tica para reparos de fissuras e trincas superficiais. Fita Fix \u00e9 uma pel\u00edcula extra fina de alta elasticidade e de f\u00e1cil aplica\u00e7\u00e3o, pois n\u00e3o tem a necessidade de quebrar ou escarear a parede. Pode ser utilizada para \u00e1reas internas e externas.<\/p>\n","protected":false},"featured_media":939,"comment_status":"open","ping_status":"closed","template":"","meta":[],"product_cat":[18,58],"product_tag":[364,363],"class_list":{"0":"post-934","1":"product","2":"type-product","3":"status-publish","4":"has-post-thumbnail","5":"hentry","6":"product_cat-geral","7":"product_cat-acessorios-e-ferramentas","8":"product_tag-fita-fix","9":"product_tag-selfdecor","11":"entry","12":"has-media","13":"owp-thumbs-layout-horizontal","14":"owp-btn-normal","15":"owp-tabs-layout-horizontal","16":"has-product-nav"},"_links":{"self":[{"href":"https:\/\/tintascuritiba.com.br\/index.php\/wp-json\/wp\/v2\/product\/934","targetHints":{"allow":["GET"]}}],"collection":[{"href":"https:\/\/tintascuritiba.com.br\/index.php\/wp-json\/wp\/v2\/product"}],"about":[{"href":"https:\/\/tintascuritiba.com.br\/index.php\/wp-json\/wp\/v2\/types\/product"}],"replies":[{"embeddable":true,"href":"https:\/\/tintascuritiba.com.br\/index.php\/wp-json\/wp\/v2\/comments?post=934"}],"wp:featuredmedia":[{"embeddable":true,"href":"https:\/\/tintascuritiba.com.br\/index.php\/wp-json\/wp\/v2\/media\/939"}],"wp:attachment":[{"href":"https:\/\/tintascuritiba.com.br\/index.php\/wp-json\/wp\/v2\/media?parent=934"}],"wp:term":[{"taxonomy":"product_cat","embeddable":true,"href":"https:\/\/tintascuritiba.com.br\/index.php\/wp-json\/wp\/v2\/product_cat?post=934"},{"taxonomy":"product_tag","embeddable":true,"href":"https:\/\/tintascuritiba.com.br\/index.php\/wp-json\/wp\/v2\/product_tag?post=934"}],"curies":[{"name":"wp","href":"https:\/\/api.w.org\/{rel}","templated":true}]}}