{"id":919,"date":"2022-12-20T09:20:05","date_gmt":"2022-12-20T12:20:05","guid":{"rendered":"https:\/\/tintascuritiba.com.br\/?post_type=product&#038;p=919"},"modified":"2022-12-20T10:45:51","modified_gmt":"2022-12-20T13:45:51","slug":"botafogo-escada-extensiva-em-aluminio","status":"publish","type":"product","link":"https:\/\/tintascuritiba.com.br\/index.php\/produto\/botafogo-escada-extensiva-em-aluminio\/","title":{"rendered":"Botafogo Escada Extensiva de Alum\u00ednio"},"content":{"rendered":"<div id=\"eluidbf810a9c\" class=\"eluidbf810a9c            col-md-6 col-sm-6   znColumnElement\">\n<div class=\"znColumnElement-innerWrapper-eluidbf810a9c znColumnElement-innerWrapper znColumnElement-innerWrapper--valign-top znColumnElement-innerWrapper--halign-left \">\n<div class=\"znColumnElement-innerContent\">\n<div class=\"zn_text_box eluid4b6948c5  zn_text_box-light element-scheme--light\">\n<p>Escada \u00e1gil de alum\u00ednio, o que lhe confere extrema leveza e resist\u00eancia. \u00c9 indicada para servi\u00e7os em geral, podendo ser utilizada de duas formas: estendida, e no formato pintor. Possui barras estabilizadoras. Sua carga m\u00e1xima de trabalho \u00e9 de 150 Kg.<\/p>\n<\/div>\n<\/div>\n<\/div>\n<\/div>\n<div id=\"eluid77457a61\" class=\"eluid77457a61            col-md-1-5 col-sm-1-5   znColumnElement\">\n<div class=\"znColumnElement-innerWrapper-eluid77457a61 znColumnElement-innerWrapper znColumnElement-innerWrapper--valign-top znColumnElement-innerWrapper--halign-left \">\n<div class=\"znColumnElement-innerContent\">\n<div class=\"th-spacer clearfix eluidb53df268     \"><\/div>\n<\/div>\n<\/div>\n<\/div>\n<div id=\"eluida07c9946\" class=\"eluida07c9946            col-md-5 col-sm-5   znColumnElement\">\n<div class=\"znColumnElement-innerWrapper-eluida07c9946 znColumnElement-innerWrapper znColumnElement-innerWrapper--valign-top znColumnElement-innerWrapper--halign-center \">\n<div class=\"znColumnElement-innerContent\">\n<div class=\"zn_text_box eluid099a4036  zn_text_box-light element-scheme--light\">\n<p><strong>Dispon\u00edveis nos tamanhos<\/strong>: 5&#215;2, 6&#215;2, 7&#215;2, 9&#215;2, 10&#215;2, 11&#215;2, 13&#215;2, 15&#215;2 degraus<\/p>\n<\/div>\n<div class=\"zn_text_box eluid176ee7f2  zn_text_box-light element-scheme--light\">\n<div class=\"port_meta clearfix\">\n<div class=\"port_meta_first\">Garantia: Um ano<\/div>\n<div class=\"port_meta_last\"><\/div>\n<\/div>\n<div class=\"port_meta clearfix\">\n<div class=\"port_meta_first\">Peso m\u00e1ximo suportado: 150kg<\/div>\n<\/div>\n<\/div>\n<\/div>\n<\/div>\n<\/div>\n<div><\/div>\n<div>\n<div id=\"eluid56781fad\" class=\"eluid56781fad            col-md-2 col-sm-2   znColumnElement\">\n<div class=\"znColumnElement-innerWrapper-eluid56781fad znColumnElement-innerWrapper znColumnElement-innerWrapper--valign-top znColumnElement-innerWrapper--halign-left \">\n<div class=\"znColumnElement-innerContent\"><\/div>\n<\/div>\n<\/div>\n<div id=\"eluid3d5ce7f5\" class=\"eluid3d5ce7f5            col-md-6 col-sm-6   znColumnElement\">\n<div class=\"znColumnElement-innerWrapper-eluid3d5ce7f5 znColumnElement-innerWrapper znColumnElement-innerWrapper--valign-top znColumnElement-innerWrapper--halign-left \">\n<div class=\"znColumnElement-innerContent\">\n<div class=\"image-boxes imgbox-simple eluide60e241d \">\n<div class=\"image-boxes-holder imgboxes-wrapper u-mb-0  \">\n<div class=\"image-boxes-img-wrapper img-align-center\"><img decoding=\"async\" class=\"image-boxes-img img-responsive \" title=\"\" src=\"http:\/\/www.lbotafogo.ind.br\/wp-content\/uploads\/2018\/04\/tabela-alturas-escada-extensivel.jpg\" alt=\"\" \/><\/div>\n<\/div>\n<\/div>\n<\/div>\n<\/div>\n<\/div>\n<\/div>\n","protected":false},"excerpt":{"rendered":"<p>Escada \u00e1gil de alum\u00ednio, o que lhe confere extrema leveza e resist\u00eancia. \u00c9 indicada para servi\u00e7os em geral, podendo ser utilizada de duas formas: estendida, e no formato pintor. Possui barras estabilizadoras. Sua carga m\u00e1xima de trabalho \u00e9 de 150 Kg.<\/p>\n","protected":false},"featured_media":924,"comment_status":"open","ping_status":"closed","template":"","meta":[],"product_cat":[18,58],"product_tag":[351,352,353,354,347,348,349,350,340,346],"class_list":{"0":"post-919","1":"product","2":"type-product","3":"status-publish","4":"has-post-thumbnail","5":"hentry","6":"product_cat-geral","7":"product_cat-acessorios-e-ferramentas","8":"product_tag-10x2-degraus","9":"product_tag-11x2-degraus","10":"product_tag-13x2-degraus","11":"product_tag-15x2-degraus","12":"product_tag-5x2-degraus","13":"product_tag-6x2-degraus","14":"product_tag-7x2-degraus","15":"product_tag-9x2-degraus","16":"product_tag-botafogo","17":"product_tag-escada-extensiva","19":"entry","20":"has-media","21":"owp-thumbs-layout-horizontal","22":"owp-btn-normal","23":"owp-tabs-layout-horizontal","24":"has-product-nav"},"_links":{"self":[{"href":"https:\/\/tintascuritiba.com.br\/index.php\/wp-json\/wp\/v2\/product\/919","targetHints":{"allow":["GET"]}}],"collection":[{"href":"https:\/\/tintascuritiba.com.br\/index.php\/wp-json\/wp\/v2\/product"}],"about":[{"href":"https:\/\/tintascuritiba.com.br\/index.php\/wp-json\/wp\/v2\/types\/product"}],"replies":[{"embeddable":true,"href":"https:\/\/tintascuritiba.com.br\/index.php\/wp-json\/wp\/v2\/comments?post=919"}],"wp:featuredmedia":[{"embeddable":true,"href":"https:\/\/tintascuritiba.com.br\/index.php\/wp-json\/wp\/v2\/media\/924"}],"wp:attachment":[{"href":"https:\/\/tintascuritiba.com.br\/index.php\/wp-json\/wp\/v2\/media?parent=919"}],"wp:term":[{"taxonomy":"product_cat","embeddable":true,"href":"https:\/\/tintascuritiba.com.br\/index.php\/wp-json\/wp\/v2\/product_cat?post=919"},{"taxonomy":"product_tag","embeddable":true,"href":"https:\/\/tintascuritiba.com.br\/index.php\/wp-json\/wp\/v2\/product_tag?post=919"}],"curies":[{"name":"wp","href":"https:\/\/api.w.org\/{rel}","templated":true}]}}