{"id":914,"date":"2022-12-20T09:18:44","date_gmt":"2022-12-20T12:18:44","guid":{"rendered":"https:\/\/tintascuritiba.com.br\/?post_type=product&#038;p=914"},"modified":"2022-12-20T09:30:59","modified_gmt":"2022-12-20T12:30:59","slug":"botafogo-escada-domestica","status":"publish","type":"product","link":"https:\/\/tintascuritiba.com.br\/index.php\/produto\/botafogo-escada-domestica\/","title":{"rendered":"Botafogo Escada Dom\u00e9stica de Alum\u00ednio"},"content":{"rendered":"<div id=\"eluid8b0f8623\" class=\"eluid8b0f8623 col-md-6 col-sm-6 znColumnElement\">\n<div class=\"znColumnElement-innerWrapper-eluid8b0f8623 znColumnElement-innerWrapper znColumnElement-innerWrapper--valign-top znColumnElement-innerWrapper--halign-left \">\n<div class=\"znColumnElement-innerContent\">\n<div class=\"zn_text_box eluid459be84d zn_text_box-light element-scheme--light\">\n<p>Escada em alum\u00ednio para uso dom\u00e9stico. Leve e pr\u00e1tica, \u00e9 essencial para o dia-a-dia. Com apenas 10 cm quando dobrada \u00e9 bem f\u00e1cil de guardar. Seu patamar de polipropileno de alta resist\u00eancia\u00a0d\u00e1\u00a0seguran\u00e7a para o trabalho di\u00e1rio.<\/p>\n<\/div>\n<\/div>\n<\/div>\n<\/div>\n<div id=\"eluid0cdfcbe5\" class=\"eluid0cdfcbe5 col-md-3 col-sm-3 znColumnElement\">\n<div class=\"znColumnElement-innerWrapper-eluid0cdfcbe5 znColumnElement-innerWrapper znColumnElement-innerWrapper--valign-top znColumnElement-innerWrapper--halign-left \">\n<div class=\"znColumnElement-innerContent\">\n<div class=\"zn_text_box eluid9a27518b zn_text_box-light element-scheme--light\">\n<div class=\"port_meta clearfix\">\n<div class=\"port_meta_first\">Garantia: Tr\u00eas anos<\/div>\n<\/div>\n<div class=\"port_meta clearfix\">\n<div class=\"port_meta_last\"><\/div>\n<\/div>\n<div class=\"port_meta clearfix\">\n<div class=\"port_meta_first\">Peso m\u00e1ximo suportado: 120 kg<\/div>\n<\/div>\n<\/div>\n<\/div>\n<\/div>\n<\/div>\n<div><\/div>\n<div>Escadas dispon\u00edveis com 3 , 5 ,7 e 9 degraus.<\/div>\n<div id=\"eluid0cdfcbe5\" class=\"eluid0cdfcbe5 col-md-3 col-sm-3 znColumnElement\">\n<div class=\"znColumnElement-innerWrapper-eluid0cdfcbe5 znColumnElement-innerWrapper znColumnElement-innerWrapper--valign-top znColumnElement-innerWrapper--halign-left \">\n<div class=\"znColumnElement-innerContent\">\n<div class=\"zn_text_box eluid9a27518b zn_text_box-light element-scheme--light\">\n<div class=\"port_meta clearfix\">\n<div class=\"port_meta_last\"><\/div>\n<\/div>\n<div class=\"port_meta clearfix\">\n<div class=\"port_meta_last\"><\/div>\n<\/div>\n<\/div>\n<\/div>\n<\/div>\n<\/div>\n<div id=\"eluid80b123c3\" class=\"eluid80b123c3 col-md-3 col-sm-3 znColumnElement\">\n<div class=\"znColumnElement-innerWrapper-eluid80b123c3 znColumnElement-innerWrapper znColumnElement-innerWrapper--valign-top znColumnElement-innerWrapper--halign-left \">\n<div class=\"znColumnElement-innerContent\">\n<div class=\"zn_text_box eluidbca3a1b3 zn_text_box-light element-scheme--light\">\n<div class=\"port_meta clearfix\">\n<div class=\"port_meta_first\">\n<div class=\"port_meta clearfix\">\n<div class=\"port_meta_first\"><\/div>\n<\/div>\n<div class=\"port_meta clearfix\">\n<div class=\"port_meta_first\"><\/div>\n<div class=\"port_meta_last\"><\/div>\n<\/div>\n<div class=\"port_meta clearfix\"><\/div>\n<\/div>\n<\/div>\n<\/div>\n<\/div>\n<\/div>\n<\/div>\n<div id=\"eluid7f8ec494\" class=\"eluid7f8ec494 col-md-2 col-sm-2 znColumnElement\">\n<div class=\"znColumnElement-innerWrapper-eluid7f8ec494 znColumnElement-innerWrapper znColumnElement-innerWrapper--valign-top znColumnElement-innerWrapper--halign-left \">\n<div class=\"znColumnElement-innerContent\"><\/div>\n<\/div>\n<\/div>\n","protected":false},"excerpt":{"rendered":"<div id=\"eluid8b0f8623\" class=\"eluid8b0f8623 col-md-6 col-sm-6 znColumnElement\">\n<div class=\"znColumnElement-innerWrapper-eluid8b0f8623 znColumnElement-innerWrapper znColumnElement-innerWrapper--valign-top znColumnElement-innerWrapper--halign-left \">\n<div class=\"znColumnElement-innerContent\">\n<div class=\"zn_text_box eluid459be84d zn_text_box-light element-scheme--light\">\n<p>Escada em alum\u00ednio para uso dom\u00e9stico. Leve e pr\u00e1tica, \u00e9 essencial para o dia-a-dia. Com apenas 10 cm quando dobrada \u00e9 bem f\u00e1cil de guardar. Seu patamar de polipropileno de alta resist\u00eancia\u00a0d\u00e1\u00a0seguran\u00e7a para o trabalho di\u00e1rio.<\/p>\n<\/div>\n<\/div>\n<\/div>\n<\/div>\n<div id=\"eluid0cdfcbe5\" class=\"eluid0cdfcbe5 col-md-3 col-sm-3 znColumnElement\">\n<div class=\"znColumnElement-innerWrapper-eluid0cdfcbe5 znColumnElement-innerWrapper znColumnElement-innerWrapper--valign-top znColumnElement-innerWrapper--halign-left \">\n<div class=\"znColumnElement-innerContent\">\n<div class=\"zn_text_box eluid9a27518b zn_text_box-light element-scheme--light\">\n<div class=\"port_meta clearfix\">\n<div class=\"port_meta_first\">Garantia: Tr\u00eas anos<\/div>\n<\/div>\n<div class=\"port_meta clearfix\">\n<div class=\"port_meta_last\"><\/div>\n<\/div>\n<div class=\"port_meta clearfix\">\n<div class=\"port_meta_first\">Peso m\u00e1ximo suportado: 120 kg<\/div>\n<div>\n<div><\/div>\n<div>Escadas dispon\u00edveis com 3 , 5 ,7 e 9 degraus.<\/div>\n<\/div>\n<\/div>\n<\/div>\n<\/div>\n<\/div>\n<\/div>\n","protected":false},"featured_media":918,"comment_status":"open","ping_status":"closed","template":"","meta":[],"product_cat":[18,58],"product_tag":[342,343,344,345,340,341],"class_list":{"0":"post-914","1":"product","2":"type-product","3":"status-publish","4":"has-post-thumbnail","5":"hentry","6":"product_cat-geral","7":"product_cat-acessorios-e-ferramentas","8":"product_tag-3-degraus","9":"product_tag-5-degraus","10":"product_tag-7-degraus","11":"product_tag-9-degraus","12":"product_tag-botafogo","13":"product_tag-escada-domestica","15":"entry","16":"has-media","17":"owp-thumbs-layout-horizontal","18":"owp-btn-normal","19":"owp-tabs-layout-horizontal","20":"has-product-nav"},"_links":{"self":[{"href":"https:\/\/tintascuritiba.com.br\/index.php\/wp-json\/wp\/v2\/product\/914","targetHints":{"allow":["GET"]}}],"collection":[{"href":"https:\/\/tintascuritiba.com.br\/index.php\/wp-json\/wp\/v2\/product"}],"about":[{"href":"https:\/\/tintascuritiba.com.br\/index.php\/wp-json\/wp\/v2\/types\/product"}],"replies":[{"embeddable":true,"href":"https:\/\/tintascuritiba.com.br\/index.php\/wp-json\/wp\/v2\/comments?post=914"}],"wp:featuredmedia":[{"embeddable":true,"href":"https:\/\/tintascuritiba.com.br\/index.php\/wp-json\/wp\/v2\/media\/918"}],"wp:attachment":[{"href":"https:\/\/tintascuritiba.com.br\/index.php\/wp-json\/wp\/v2\/media?parent=914"}],"wp:term":[{"taxonomy":"product_cat","embeddable":true,"href":"https:\/\/tintascuritiba.com.br\/index.php\/wp-json\/wp\/v2\/product_cat?post=914"},{"taxonomy":"product_tag","embeddable":true,"href":"https:\/\/tintascuritiba.com.br\/index.php\/wp-json\/wp\/v2\/product_tag?post=914"}],"curies":[{"name":"wp","href":"https:\/\/api.w.org\/{rel}","templated":true}]}}