{"id":907,"date":"2022-12-19T17:02:30","date_gmt":"2022-12-19T20:02:30","guid":{"rendered":"https:\/\/tintascuritiba.com.br\/?post_type=product&#038;p=907"},"modified":"2022-12-19T17:02:31","modified_gmt":"2022-12-19T20:02:31","slug":"baileu-acessorios-pistola-de-projecao","status":"publish","type":"product","link":"https:\/\/tintascuritiba.com.br\/index.php\/produto\/baileu-acessorios-pistola-de-projecao\/","title":{"rendered":"Bail\u00e9u Acess\u00f3rios Pistola de Proje\u00e7\u00e3o"},"content":{"rendered":"<p class=\"p1\">Kit para manuten\u00e7\u00e3o em Pistola de Proje\u00e7\u00e3o de Textura, contem:<\/p>\n<p class=\"p1\">1- Gatilho<\/p>\n<p class=\"p1\">1- Borracha de press\u00e3o<\/p>\n<p class=\"p1\">1- Trava do gatilho<\/p>\n<p class=\"p1\">1- Bico de sa\u00edda<\/p>\n<p class=\"p1\">1- Arruela de trava<\/p>\n<p class=\"p1\">1- Mola de tra\u00e7\u00e3o<\/p>\n<p class=\"p1\">1- Tubo roscado<\/p>\n<p class=\"p1\">1- Flange conica<\/p>\n<p class=\"p1\">1- Arruela de poliacetal<\/p>\n<p class=\"p1\">1- Bucha central Guia<\/p>\n<p class=\"p1\">1- Parafuso Borb 0001411<\/p>\n<p class=\"p1\">1- Porca Borboleta<\/p>\n","protected":false},"excerpt":{"rendered":"<p class=\"p1\">Kit para manuten\u00e7\u00e3o em Pistola de Proje\u00e7\u00e3o de Textura, contem:<\/p>\n<p class=\"p1\">1- Gatilho<\/p>\n<p class=\"p1\">1- Borracha de press\u00e3o<\/p>\n<p class=\"p1\">1- Trava do gatilho<\/p>\n<p class=\"p1\">1- Bico de sa\u00edda<\/p>\n<p class=\"p1\">1- Arruela de trava<\/p>\n<p class=\"p1\">1- Mola de tra\u00e7\u00e3o<\/p>\n<p class=\"p1\">1- Tubo roscado<\/p>\n<p class=\"p1\">1- Flange conica<\/p>\n<p class=\"p1\">1- Arruela de poliacetal<\/p>\n<p class=\"p1\">1- Bucha central Guia<\/p>\n<p class=\"p1\">1- Parafuso Borb 0001411<\/p>\n<p class=\"p1\">1- Porca Borboleta<\/p>\n","protected":false},"featured_media":908,"comment_status":"open","ping_status":"closed","template":"","meta":[],"product_cat":[58],"product_tag":[338,335],"class_list":{"0":"post-907","1":"product","2":"type-product","3":"status-publish","4":"has-post-thumbnail","5":"hentry","6":"product_cat-acessorios-e-ferramentas","7":"product_tag-acessorios-pistola-de-projecao","8":"product_tag-baileu","10":"entry","11":"has-media","12":"owp-thumbs-layout-horizontal","13":"owp-btn-normal","14":"owp-tabs-layout-horizontal","15":"has-no-thumbnails","16":"has-product-nav"},"_links":{"self":[{"href":"https:\/\/tintascuritiba.com.br\/index.php\/wp-json\/wp\/v2\/product\/907","targetHints":{"allow":["GET"]}}],"collection":[{"href":"https:\/\/tintascuritiba.com.br\/index.php\/wp-json\/wp\/v2\/product"}],"about":[{"href":"https:\/\/tintascuritiba.com.br\/index.php\/wp-json\/wp\/v2\/types\/product"}],"replies":[{"embeddable":true,"href":"https:\/\/tintascuritiba.com.br\/index.php\/wp-json\/wp\/v2\/comments?post=907"}],"wp:featuredmedia":[{"embeddable":true,"href":"https:\/\/tintascuritiba.com.br\/index.php\/wp-json\/wp\/v2\/media\/908"}],"wp:attachment":[{"href":"https:\/\/tintascuritiba.com.br\/index.php\/wp-json\/wp\/v2\/media?parent=907"}],"wp:term":[{"taxonomy":"product_cat","embeddable":true,"href":"https:\/\/tintascuritiba.com.br\/index.php\/wp-json\/wp\/v2\/product_cat?post=907"},{"taxonomy":"product_tag","embeddable":true,"href":"https:\/\/tintascuritiba.com.br\/index.php\/wp-json\/wp\/v2\/product_tag?post=907"}],"curies":[{"name":"wp","href":"https:\/\/api.w.org\/{rel}","templated":true}]}}