{"id":893,"date":"2022-12-14T16:38:21","date_gmt":"2022-12-14T19:38:21","guid":{"rendered":"https:\/\/tintascuritiba.com.br\/?post_type=product&#038;p=893"},"modified":"2022-12-19T15:19:42","modified_gmt":"2022-12-19T18:19:42","slug":"baileu-caneca-amarela-3-5l-com-tampa-para-pistola","status":"publish","type":"product","link":"https:\/\/tintascuritiba.com.br\/index.php\/produto\/baileu-caneca-amarela-3-5l-com-tampa-para-pistola\/","title":{"rendered":"Bail\u00e9u Caneca Amarela 3.5L para Pistola"},"content":{"rendered":"<p class=\"p1\">A caneca \u00e9 indicada\u00a0para pistola de pintura de gravidade. Tem \u00f3tima resist\u00eancia a quedas e produtos qu\u00edmicos corrosivos.<\/p>\n<p class=\"p1\">Caneca para pistola 3,5L<\/p>\n<p class=\"p1\">Medida:27x31x21 cm<\/p>\n<p class=\"p1\">Peso: 118g<\/p>\n","protected":false},"excerpt":{"rendered":"<p class=\"p1\">A caneca \u00e9 indicada\u00a0para pistola de pintura de gravidade. Tem \u00f3tima resist\u00eancia a quedas e produtos qu\u00edmicos corrosivos.<\/p>\n<p class=\"p1\">Caneca para pistola 3,5L<\/p>\n<p class=\"p1\">Medida:27x31x21 cm<\/p>\n<p class=\"p1\">Peso: 118g<\/p>\n","protected":false},"featured_media":894,"comment_status":"open","ping_status":"closed","template":"","meta":[],"product_cat":[58],"product_tag":[335,336],"class_list":{"0":"post-893","1":"product","2":"type-product","3":"status-publish","4":"has-post-thumbnail","5":"hentry","6":"product_cat-acessorios-e-ferramentas","7":"product_tag-baileu","8":"product_tag-caneca-amarela-3-5l-com-tampa-para-pistola","10":"entry","11":"has-media","12":"owp-thumbs-layout-horizontal","13":"owp-btn-normal","14":"owp-tabs-layout-horizontal","15":"has-product-nav"},"_links":{"self":[{"href":"https:\/\/tintascuritiba.com.br\/index.php\/wp-json\/wp\/v2\/product\/893","targetHints":{"allow":["GET"]}}],"collection":[{"href":"https:\/\/tintascuritiba.com.br\/index.php\/wp-json\/wp\/v2\/product"}],"about":[{"href":"https:\/\/tintascuritiba.com.br\/index.php\/wp-json\/wp\/v2\/types\/product"}],"replies":[{"embeddable":true,"href":"https:\/\/tintascuritiba.com.br\/index.php\/wp-json\/wp\/v2\/comments?post=893"}],"wp:featuredmedia":[{"embeddable":true,"href":"https:\/\/tintascuritiba.com.br\/index.php\/wp-json\/wp\/v2\/media\/894"}],"wp:attachment":[{"href":"https:\/\/tintascuritiba.com.br\/index.php\/wp-json\/wp\/v2\/media?parent=893"}],"wp:term":[{"taxonomy":"product_cat","embeddable":true,"href":"https:\/\/tintascuritiba.com.br\/index.php\/wp-json\/wp\/v2\/product_cat?post=893"},{"taxonomy":"product_tag","embeddable":true,"href":"https:\/\/tintascuritiba.com.br\/index.php\/wp-json\/wp\/v2\/product_tag?post=893"}],"curies":[{"name":"wp","href":"https:\/\/api.w.org\/{rel}","templated":true}]}}