{"id":886,"date":"2022-12-14T15:24:27","date_gmt":"2022-12-14T18:24:27","guid":{"rendered":"https:\/\/tintascuritiba.com.br\/?post_type=product&#038;p=886"},"modified":"2022-12-14T15:24:28","modified_gmt":"2022-12-14T18:24:28","slug":"allchem-removedor-de-ceras","status":"publish","type":"product","link":"https:\/\/tintascuritiba.com.br\/index.php\/produto\/allchem-removedor-de-ceras\/","title":{"rendered":"Allchem Removedor de Ceras"},"content":{"rendered":"<p>Indica\u00e7\u00e3o de uso:<\/p>\n<p>Indicado para remo\u00e7\u00e3o de ceras, vernizes e impermeabilizantes.<\/p>\n<p>Caracter\u00edsticas do produto:<\/p>\n<p>O produto foi desenvolvido especialmente para a limpeza e remo\u00e7\u00e3o de ceras, manchas e sujeira pesada de impermeabilizantes em pisos de tabu\u00e3o, cer\u00e2micos, vin\u00edlicos, laminados, granitos e pedras decorativas de forma r\u00e1pida, f\u00e1cil, pr\u00e1tica e eficiente, deixando-os limpos para receber nova cobertura.<\/p>\n<p>Embalagem: 950mL, 5L.<\/p>\n<p>Vantagens:<\/p>\n<p>&#8211; Remove at\u00e9 5 camadas de cera de uma s\u00f3 vez;<br \/>\n&#8211; Alto rendimento;<br \/>\n&#8211; F\u00e1cil aplica\u00e7\u00e3o.<\/p>\n<p>Prepara\u00e7\u00e3o da superf\u00edcie:<\/p>\n<p>Varrer e aspirar o local a ser limpo. Pode ser usado concentrado ou dilu\u00eddo. Diluir 1 parte do produto com 1 a 8 partes de \u00e1gua, dependendo do tipo e quantidade de cera, incrusta\u00e7\u00e3o ou sujeiras a serem removidas.<\/p>\n<p>Modo de uso:<\/p>\n<p>Aplicar o produto sobre a \u00e1rea a ser limpa e deixar agir por 5 a 10 minutos, n\u00e3o deixar secar. Ap\u00f3s, usar um rodo, escova, vassoura ou enceradeira industrial para remover a solu\u00e7\u00e3o e em seguida passar um pano \u00famido ou lavar com \u00e1gua corrente. Se necess\u00e1rio repetir a opera\u00e7\u00e3o.<\/p>\n<p>N\u00e3o custa lembrar! leia, sempre e com aten\u00e7\u00e3o, o r\u00f3tulo para obter o m\u00e1ximo do produto e, assim, atingir o resultado desejado. Queremos voc\u00ea 100% satisfeito!<\/p>\n<p>Garantia de qualidade: o Removedor de Ceras \u00e9 um produto ALLCHEM, uma ind\u00fastria que atende todo o Brasil, h\u00e1 32 anos, entregando o melhor custo x benef\u00edcio das categorias.<\/p>\n","protected":false},"excerpt":{"rendered":"<p>O produto foi desenvolvido especialmente para a limpeza e remo\u00e7\u00e3o de ceras, manchas e sujeira pesada de impermeabilizantes em pisos de tabu\u00e3o, cer\u00e2micos, vin\u00edlicos, laminados, granitos e pedras decorativas de forma r\u00e1pida, f\u00e1cil, pr\u00e1tica e eficiente, deixando-os limpos para receber nova cobertura.<\/p>\n","protected":false},"featured_media":887,"comment_status":"open","ping_status":"closed","template":"","meta":[],"product_cat":[18],"product_tag":[332,333],"class_list":{"0":"post-886","1":"product","2":"type-product","3":"status-publish","4":"has-post-thumbnail","5":"hentry","6":"product_cat-geral","7":"product_tag-allchem","8":"product_tag-removedor-de-ceras","10":"entry","11":"has-media","12":"owp-thumbs-layout-horizontal","13":"owp-btn-normal","14":"owp-tabs-layout-horizontal","15":"has-product-nav"},"_links":{"self":[{"href":"https:\/\/tintascuritiba.com.br\/index.php\/wp-json\/wp\/v2\/product\/886","targetHints":{"allow":["GET"]}}],"collection":[{"href":"https:\/\/tintascuritiba.com.br\/index.php\/wp-json\/wp\/v2\/product"}],"about":[{"href":"https:\/\/tintascuritiba.com.br\/index.php\/wp-json\/wp\/v2\/types\/product"}],"replies":[{"embeddable":true,"href":"https:\/\/tintascuritiba.com.br\/index.php\/wp-json\/wp\/v2\/comments?post=886"}],"wp:featuredmedia":[{"embeddable":true,"href":"https:\/\/tintascuritiba.com.br\/index.php\/wp-json\/wp\/v2\/media\/887"}],"wp:attachment":[{"href":"https:\/\/tintascuritiba.com.br\/index.php\/wp-json\/wp\/v2\/media?parent=886"}],"wp:term":[{"taxonomy":"product_cat","embeddable":true,"href":"https:\/\/tintascuritiba.com.br\/index.php\/wp-json\/wp\/v2\/product_cat?post=886"},{"taxonomy":"product_tag","embeddable":true,"href":"https:\/\/tintascuritiba.com.br\/index.php\/wp-json\/wp\/v2\/product_tag?post=886"}],"curies":[{"name":"wp","href":"https:\/\/api.w.org\/{rel}","templated":true}]}}