{"id":877,"date":"2022-12-13T16:36:27","date_gmt":"2022-12-13T19:36:27","guid":{"rendered":"https:\/\/tintascuritiba.com.br\/?post_type=product&#038;p=877"},"modified":"2022-12-13T16:36:28","modified_gmt":"2022-12-13T19:36:28","slug":"epex-art-decor-rodateto","status":"publish","type":"product","link":"https:\/\/tintascuritiba.com.br\/index.php\/produto\/epex-art-decor-rodateto\/","title":{"rendered":"Epex Art Decor Rodateto"},"content":{"rendered":"<p>Os detalhes tornam um ambiente mais agrad\u00e1vel e aconchegante. A linha Rodateto traz pe\u00e7as elegantes e modernas, ideais para resid\u00eancias, empresas ou escrit\u00f3rios. Uma \u00f3tima op\u00e7\u00e3o para quem procura a renova\u00e7\u00e3o do ambiente sem os transtornos do gesso.<\/p>\n<p><b>Por que Rodateto ao inv\u00e9s de gesso?<\/b><\/p>\n<p>Rodatetos de gesso s\u00e3o sin\u00f4nimo de eleg\u00e2ncia beleza, mas s\u00f3 quem conhece sua instala\u00e7\u00e3o sabe o quanto \u00e9 complicado lidar com este material. \u00c9 necess\u00e1rio contratar um servi\u00e7o especializado, o processo requer picote e lixamento das paredes, gerando muito p\u00f3. Ap\u00f3s instalado, \u00e9 necess\u00e1rio cuidado constante com umidade, mofo e descolamento. \u00c9 necess\u00e1rio mais um preparo especial se quiser pintura e caso voc\u00ea queira retirar o material futuramente, s\u00f3 quebrando.<\/p>\n<p><b>Vantagens<\/b><b><strong>:<\/strong><\/b><\/p>\n<ul>\n<li>F\u00e1cil e r\u00e1pida instala\u00e7\u00e3o mediante adesivo;<\/li>\n<li>N\u00e3o descola ou mancha com a umidade;<\/li>\n<li>\u00c9 lav\u00e1vel e f\u00e1cil de limpar;<\/li>\n<li>N\u00e3o acumula mofo, fungos ou bact\u00e9rias.<\/li>\n<\/ul>\n","protected":false},"excerpt":{"rendered":"<p>Os detalhes tornam um ambiente mais agrad\u00e1vel e aconchegante. A linha Rodateto traz pe\u00e7as elegantes e modernas, ideais para resid\u00eancias, empresas ou escrit\u00f3rios. Uma \u00f3tima op\u00e7\u00e3o para quem procura a renova\u00e7\u00e3o do ambiente sem os transtornos do gesso.<\/p>\n","protected":false},"featured_media":878,"comment_status":"open","ping_status":"closed","template":"","meta":[],"product_cat":[18],"product_tag":[322,323,324,320,325,319,326,327,328,329,330,321],"class_list":{"0":"post-877","1":"product","2":"type-product","3":"status-publish","4":"has-post-thumbnail","5":"hentry","6":"product_cat-geral","7":"product_tag-a100","8":"product_tag-a35","9":"product_tag-a60","10":"product_tag-art-decor","11":"product_tag-d100","12":"product_tag-decor","13":"product_tag-e35","14":"product_tag-f50","15":"product_tag-f80","16":"product_tag-r60n","17":"product_tag-r90n","18":"product_tag-rodateto","20":"entry","21":"has-media","22":"owp-thumbs-layout-horizontal","23":"owp-btn-normal","24":"owp-tabs-layout-horizontal","25":"has-product-nav"},"_links":{"self":[{"href":"https:\/\/tintascuritiba.com.br\/index.php\/wp-json\/wp\/v2\/product\/877","targetHints":{"allow":["GET"]}}],"collection":[{"href":"https:\/\/tintascuritiba.com.br\/index.php\/wp-json\/wp\/v2\/product"}],"about":[{"href":"https:\/\/tintascuritiba.com.br\/index.php\/wp-json\/wp\/v2\/types\/product"}],"replies":[{"embeddable":true,"href":"https:\/\/tintascuritiba.com.br\/index.php\/wp-json\/wp\/v2\/comments?post=877"}],"wp:featuredmedia":[{"embeddable":true,"href":"https:\/\/tintascuritiba.com.br\/index.php\/wp-json\/wp\/v2\/media\/878"}],"wp:attachment":[{"href":"https:\/\/tintascuritiba.com.br\/index.php\/wp-json\/wp\/v2\/media?parent=877"}],"wp:term":[{"taxonomy":"product_cat","embeddable":true,"href":"https:\/\/tintascuritiba.com.br\/index.php\/wp-json\/wp\/v2\/product_cat?post=877"},{"taxonomy":"product_tag","embeddable":true,"href":"https:\/\/tintascuritiba.com.br\/index.php\/wp-json\/wp\/v2\/product_tag?post=877"}],"curies":[{"name":"wp","href":"https:\/\/api.w.org\/{rel}","templated":true}]}}