{"id":869,"date":"2022-12-09T17:00:13","date_gmt":"2022-12-09T20:00:13","guid":{"rendered":"https:\/\/tintascuritiba.com.br\/?post_type=product&#038;p=869"},"modified":"2022-12-09T17:00:14","modified_gmt":"2022-12-09T20:00:14","slug":"viapol-viaplus-top","status":"publish","type":"product","link":"https:\/\/tintascuritiba.com.br\/index.php\/produto\/viapol-viaplus-top\/","title":{"rendered":"Viapol Viaplus Top"},"content":{"rendered":"<p>Revestimento impermeabilizante, semi-flex\u00edvel, bicomponente (A+B), \u00e0 base de cimentos especiais, aditivos minerais e pol\u00edmeros de excelentes caracter\u00edsticas impermeabilizantes.<\/p>\n<h1><strong>CARACTER\u00cdSTICAS T\u00c9CNICAS<\/strong><\/h1>\n<table border=\"0\">\n<tbody>\n<tr>\n<td align=\"center\"><strong>CARACTER\u00cdSTICAS<\/strong><\/td>\n<td align=\"center\"><strong>COMPONENTE A<\/strong><\/td>\n<td align=\"center\"><strong>COMPONENTE B<\/strong><\/td>\n<\/tr>\n<tr>\n<td>Aspecto<\/td>\n<td align=\"center\">L\u00edquido<\/td>\n<td align=\"center\">P\u00f3<\/td>\n<\/tr>\n<tr>\n<td>Cor<\/td>\n<td align=\"center\">Branca<\/td>\n<td align=\"center\">Cinza<\/td>\n<\/tr>\n<tr>\n<td>Aspecto da Mistura (A+B)<\/td>\n<td colspan=\"2\" align=\"center\">L\u00edquido viscoso cinza<\/td>\n<\/tr>\n<tr>\n<td align=\"center\"><strong>ENSAIOS<\/strong><\/td>\n<td colspan=\"2\" align=\"center\"><strong>RESULTADOS<\/strong><\/td>\n<\/tr>\n<tr>\n<td>Temperatura m\u00edn\/m\u00e1x de aplica\u00e7\u00e3o<\/td>\n<td colspan=\"2\" align=\"center\">10\u00b0C a 35\u00b0C<\/td>\n<\/tr>\n<tr>\n<td>Pe\u00edodo m\u00ednimo entre dem\u00e3os<\/td>\n<td colspan=\"2\" align=\"center\">2 a 6 horas<\/td>\n<\/tr>\n<tr>\n<td rowspan=\"2\">Tempo de cura total<\/td>\n<td colspan=\"2\" align=\"center\">5 dias<\/td>\n<\/tr>\n<tr>\n<td colspan=\"2\" align=\"center\">Ambientes fechados 7 dias<\/td>\n<\/tr>\n<tr>\n<td>Tempo de utiliza\u00e7\u00e3o da mistura (A+B)<\/td>\n<td colspan=\"2\" align=\"center\">40 minutos<\/td>\n<\/tr>\n<tr>\n<td>Estanqueidade a press\u00e3o negativa<\/td>\n<td colspan=\"2\" align=\"center\">0,1 MPa<\/td>\n<\/tr>\n<tr>\n<td>Estanqueidade a press\u00e3o positiva<\/td>\n<td colspan=\"2\" align=\"center\">0,6 MPa<\/td>\n<\/tr>\n<tr>\n<td align=\"center\"><strong>ENSAIOS<\/strong><\/td>\n<td align=\"center\"><strong>RESULTADOS<\/strong><\/td>\n<td align=\"center\"><strong>NORMAS<\/strong><\/td>\n<\/tr>\n<tr>\n<td>Resist\u00eancia \u00e0 ader\u00eancia no concreto &#8211; m\u00ednimo<\/td>\n<td align=\"center\">M\u00ednimo 0,3 MPa<\/td>\n<td align=\"center\">ABNT NBR 13528<\/td>\n<\/tr>\n<tr>\n<td>Resist\u00eancia \u00e0 ader\u00eancia em alvenaria &#8211; m\u00ednima<\/td>\n<td align=\"center\">M\u00ednimo 0,3 MPa<\/td>\n<td align=\"center\">ABNT NBR 13528<\/td>\n<\/tr>\n<\/tbody>\n<\/table>\n<p>*Obs:.\u00a0A secagem do produto esta relacionada \u00e0s condi\u00e7\u00f5es da temperatura clim\u00e1tica e ambiente.<\/p>\n<p><strong>Normas<\/strong><\/p>\n<ul>\n<li>ABNT NBR 11.905: 2015 \u2013 Sistema Impermeabilizante composto por cimento impermeabilizante e pol\u00edmeros;<\/li>\n<li>ABNT NBR 9575:2010 \u2013 Impermeabiliza\u00e7\u00e3o \u2013 Sistemas e projetos;<\/li>\n<li>ABNT NBR 9574:2008 \u2013 Execu\u00e7\u00e3o da impermeabiliza\u00e7\u00e3o.<\/li>\n<\/ul>\n<h1><strong>VANTAGENS<\/strong><\/h1>\n<ul>\n<li>Resistente \u00e0s altas press\u00f5es hidrost\u00e1ticas, tanto positivas quanto negativas.<\/li>\n<li>Resiste at\u00e9 60 m.c.a.(metros de coluna d\u2019\u00e1gua).<\/li>\n<li>Apresenta \u00f3tima ader\u00eancia e resist\u00eancia mec\u00e2nica.<\/li>\n<li>N\u00e3o altera a potabilidade da \u00e1gua, sendo at\u00f3xico e inodoro.<\/li>\n<li>Produto de f\u00e1cil aplica\u00e7\u00e3o, com trincha ou vassoura de pelo.<\/li>\n<li>Aplicado sobre superf\u00edcies de concreto, alvenaria e argamassa.<\/li>\n<li>Permite assentamento direto de revestimentos sem a necessidade de prote\u00e7\u00e3o mec\u00e2nica no caso de banheiros, cozinhas e lavanderias sem cota.<\/li>\n<\/ul>\n<h1><strong>UTILIZA\u00c7\u00c3O<\/strong><\/h1>\n<ul>\n<li>Impermeabiliza\u00e7\u00e3o de subsolos, cortinas, po\u00e7os de elevadores;<\/li>\n<li>Muros de arrimo concreto, baldrames, funda\u00e7\u00f5es, alicerces, paredes internas e externas;<\/li>\n<li>Reservat\u00f3rio de \u00e1gua pot\u00e1vel enterrado;<\/li>\n<li>Sauna \u00famida;<\/li>\n<li>Pisos frios em contato com o solo;<\/li>\n<li>Estruturas sujeitas a infiltra\u00e7\u00e3o do len\u00e7ol fre\u00e1tico;<\/li>\n<li>Sistema duplo\u00a0<strong>Viaplus Top<\/strong>\u00a0e\u00a0<strong>Viaplus 7000<\/strong>\u00a0ou\u00a0<strong>Viaplus 5000<\/strong>\u00a0estruturada com tela de poli\u00e9ster\u00a0<strong>Mantex<sup>\u00ae<\/sup><\/strong>\u00a0para reservat\u00f3rio de \u00e1gua pot\u00e1vel apoiado e elevado;<\/li>\n<li>Sistema duplo\u00a0<strong>Viaplus Top<\/strong>\u00a0e\u00a0<strong>Viaplus 7000<\/strong>\u00a0para piscinas em concreto enterradas\/ espelhos d\u2019agua enterrados;<\/li>\n<li>\u00c1reas molhadas e molh\u00e1veis em contato com o solo como banheiros, cozinhas, lavanderias, \u00e1reas de servi\u00e7os e lavabos.<\/li>\n<\/ul>\n<p>&nbsp;<\/p>\n<h2>EMBALAGENS:<\/h2>\n<h3>Dispon\u00edvel em:<\/h3>\n<ul>\n<li>Caixa com 4 kg;<\/li>\n<li>Caixa com 18 kg.<\/li>\n<\/ul>\n<p>&nbsp;<\/p>\n<h1><strong>PREPARA\u00c7\u00c3O DA SUPERF\u00cdCIE<\/strong><\/h1>\n<p>O substrato dever\u00e1 apresentar-se limpo, sem partes soltas ou desagregadas, nata de cimento, \u00f3leos, desmoldantes ou qualquer tipo de material que possa prejudicar a ader\u00eancia. Quando em estrutura de concreto recomenda-se a lavagem com escova de a\u00e7o e \u00e1gua ou jato d&#8217;\u00e1gua de alta press\u00e3o.<\/p>\n<p>Paredes de concreto no sistema moldado em obra devem ser previamente lixadas (manual ou mecanicamente) e lavadas a fim de propiciar limpeza e abertura dos poros e aumentar a rugosidade superficial do local a ser impermeabilizado.<\/p>\n<p>Os ninhos e falhas de concretagem dever\u00e3o ser tratados com argamassa de reparo estrutural<strong>\u00a0EucoRepair VI 60<\/strong>\u00a0ou\u00a0<strong>EucoRepair V50<\/strong>, garantindo assim resist\u00eancias iguais ou superiores ao da estrutura reparada.<\/p>\n<p>As tubula\u00e7\u00f5es dever\u00e3o ser chumbadas com\u00a0<strong>Viapoxi Adesivo Gel<\/strong>\u00a0ou\u00a0<strong>Viagraute<\/strong>\u00a0na fase de concretagem, como tamb\u00e9m serem fixadas com flanges e contra flanges para um perfeito arremate da impermeabiliza\u00e7\u00e3o. N\u00e3o poder\u00e1 haver emendas das tubula\u00e7\u00f5es embutidas no concreto.<\/p>\n<p>Em superf\u00edcies horizontais que ter\u00e3o a necessidade de escoamento de \u00e1gua, fazer a regulariza\u00e7\u00e3o com caimento m\u00ednimo de 0,5% em \u00e1reas internas em dire\u00e7\u00e3o aos pontos de escoamento de \u00e1gua.<\/p>\n<p>A argamassa de regulariza\u00e7\u00e3o deve ser preparada com argamassa de cimento e areia m\u00e9dia, tra\u00e7o 1:3, utilizando \u00e1gua de amassamento composta de 1 volume de emuls\u00e3o adesiva\u00a0<strong>Viafix<\/strong>\u00a0e 2 volumes de \u00e1gua para maior ader\u00eancia ao substrato.<\/p>\n<p>Esta argamassa dever\u00e1 ter acabamento desempenado, com espessura m\u00ednima de 2 cm. Todos os cantos e arestas dever\u00e3o ser arredondados para melhor acomoda\u00e7\u00e3o do produto.<\/p>\n<p>Nas \u00e1reas verticais em alvenaria, inicie o chapisco de cimento e areia m\u00e9dia, tra\u00e7o 1:3, seguido da aplica\u00e7\u00e3o de uma argamassa desempenada, de cimento e areia m\u00e9dia, tra\u00e7o 1:4, utilizando \u00e1gua de amassamento composta de 1 volume de emuls\u00e3o adesiva\u00a0<strong>Viafix<\/strong>\u00a0e 2 volumes de \u00e1gua.<\/p>\n<p>Aguardar a cura da argamassa de regulariza\u00e7\u00e3o no m\u00ednimo 7 dias antes de iniciar a impermeabiliza\u00e7\u00e3o.<\/p>\n<p>Quando ocorrer jorros d&#8217;\u00e1gua em estruturas com influ\u00eancia do len\u00e7ol fre\u00e1tico, execute o tamponamento com cimento de pega ultra-r\u00e1pida\u00a0<strong>P\u00f3 2<\/strong>, ap\u00f3s pr\u00e9vio preparo do local.<\/p>\n<h1><strong>TESTE DE CARGA PLENA<\/strong><\/h1>\n<p>Em reservat\u00f3rios e piscinas, executar teste de carga plena de no m\u00ednimo 72 horas, antes da prepara\u00e7\u00e3o da superf\u00edcie.<\/p>\n<h1><strong>PREPARA\u00c7\u00c3O DO PRODUTO<\/strong><\/h1>\n<p>O produto \u00e9 fornecido em dois componentes e est\u00e3o fracionados para aplica\u00e7\u00e3o em forma de pintura:<\/p>\n<p>Componente A (resina) &#8211; Pol\u00edmeros acr\u00edlicos emulsionados;<\/p>\n<p>Componente B (p\u00f3 cinza) &#8211; Cimentos especiais, aditivos impermeabilizantes, plastificantes e agregados minerais.<\/p>\n<p>Adicione aos poucos o componente B (p\u00f3 cinza) ao componente A (resina) e misture mecanicamente por 3 minutos, dissolvendo poss\u00edveis grumos que possam se formar, obtendo uma pasta homog\u00eanea.<\/p>\n<p>Ap\u00f3s misturado os componentes A e B, o tempo de utiliza\u00e7\u00e3o desta mistura n\u00e3o dever\u00e1 ultrapassar o per\u00edodo de 40 minutos, na temperatura de 25 \u00b0C. Passado este per\u00edodo n\u00e3o recomendamos sua utiliza\u00e7\u00e3o.<\/p>\n<p>Aplica\u00e7\u00e3o em revestimento (tra\u00e7o em volume): 1 parte do componente A (resina) para 3 partes do componente B (p\u00f3). Use desempenadeira ou rodo. Para o uso da desempenadeira, aplique inicialmente uma dem\u00e3o com trincha no tra\u00e7o de pintura.<\/p>\n<h1><strong>FERRAMENTAS<\/strong><\/h1>\n<p>Trincha ou vassoura de pelo.<\/p>\n<h1><strong>APLICA\u00c7\u00c3O DE PRODUTO<\/strong><\/h1>\n<p>Saturar bem a superf\u00edcie e aplicar as dem\u00e3os necess\u00e1rias para cada caso, conforme tabela de consumo.<\/p>\n<p>As dem\u00e3os dever\u00e3o ser aplicadas no sentido cruzado, em camadas uniformes, com intervalos de 2 a 6 horas dependendo da temperatura ambiente at\u00e9 atingir o consumo especificado.<\/p>\n<p>Em regi\u00f5es cr\u00edticas como ao redor de ralos, calafetar com m\u00e1stique\u00a0<strong>ViapolSela Junta<\/strong>, ap\u00f3s a secagem completa do\u00a0<strong>Viaplus Top<\/strong>.<\/p>\n<p>Espalhe areia peneirada e seca antes da secagem da \u00faltima dem\u00e3o do\u00a0<strong>Viaplus Top<\/strong>, para melhor ancoragem da argamassa de prote\u00e7\u00e3o mec\u00e2nica ou revestimento final.<\/p>\n<p>Aguarde a cura do produto por no m\u00ednimo 5 dias antes do teste de estanqueidade e execu\u00e7\u00e3o da prote\u00e7\u00e3o mec\u00e2nica. Em ambientes fechados o per\u00edodo m\u00ednimo de cura \u00e9 de 7 dias.<\/p>\n<p>Em \u00e1reas abertas ou sob incid\u00eancia solar, promova a hidrata\u00e7\u00e3o do\u00a0<strong>Viaplus Top<\/strong>\u00a0por no m\u00ednimo por 72 horas.<\/p>\n<h1><strong>RECOMENDA\u00c7\u00d5ES DE USO<\/strong><\/h1>\n<ul>\n<li>Em reservat\u00f3rios ap\u00f3s a cura total do produto, lave com \u00e1gua e sab\u00e3o utilizando vassoura de pelo antes do primeiro carregamento de \u00e1gua para consumo humano ou animal.<\/li>\n<li>Em piscinas e reservat\u00f3rios de concreto, antes da aplica\u00e7\u00e3o do sistema impermeabilizante, execute teste de carga d\u2019\u00e1gua por no m\u00ednimo 72 horas para acomoda\u00e7\u00e3o da estrutura. Verifique o aparecimento de eventuais trincas e fissuras que podem ocorrer na carga total.<\/li>\n<li>Nos rodap\u00e9s, juntas de concretagem e meia cana, \u00e9 recomend\u00e1vel refor\u00e7ar o\u00a0<strong>Viaplus Top<\/strong>\u00a0com tela de poli\u00e9ster\u00a0<strong>Mantex<sup>\u00ae<\/sup>\u00a0Resinado<\/strong>\u00a0entre a 1\u00aa e 2\u00aa dem\u00e3o.<\/li>\n<li>Recomenda-se a utiliza\u00e7\u00e3o de argamassa de prote\u00e7\u00e3o mec\u00e2nica no piso para aplica\u00e7\u00e3o em reservat\u00f3rios de \u00e1gua, devido aos servi\u00e7os de limpeza que estas \u00e1reas est\u00e3o sujeitas.<\/li>\n<li>No caso de assentamento do revestimento final sobre o impermeabilizante\u00a0<strong>Viaplus Top<\/strong>\u00a0utilizar argamassa colante\u00a0<strong>AC III<\/strong>.<\/li>\n<\/ul>\n<h1><strong>PROTE\u00c7\u00c3O MEC\u00c2NICA (SE NECESS\u00c1RIO)<\/strong><\/h1>\n<p>Horizontal<\/p>\n<p>Execute argamassa de prote\u00e7\u00e3o mec\u00e2nica de cimento e areia tra\u00e7o 1:3, desempenada com espessura m\u00ednima de 3 cm.<\/p>\n<p>Vertical<\/p>\n<p>Sobre a impermeabiliza\u00e7\u00e3o, execute chapisco de cimento e areia, tra\u00e7o 1:2, seguido da execu\u00e7\u00e3o de uma argamassa desempenada de cimento e areia m\u00e9dia, tra\u00e7o 1:3, utilizando \u00e1gua de amassamento composta de 1 volume de emuls\u00e3o adesiva\u00a0<strong>Viafix<\/strong>\u00a0e 2 volumes de \u00e1gua.<\/p>\n<h1><strong>RESTRI\u00c7\u00d5ES DE USO<\/strong><\/h1>\n<ul>\n<li>N\u00e3o adicione em hip\u00f3tese alguma \u00e1gua na mistura do\u00a0<strong>Viaplus Top<\/strong>.<\/li>\n<li>N\u00e3o \u00e9 recomendado utilizar sobre Drywall.<\/li>\n<li>Deve-se evitar tamb\u00e9m a aplica\u00e7\u00e3o sobre marca\u00e7\u00f5es existentes como pinturas, termopl\u00e1sticos e sobre outros tipos de impermeabilizantes n\u00e3o compat\u00edveis.<\/li>\n<li>Estruturas sujeitas a fissura\u00e7\u00e3o.<\/li>\n<li>Sobre massa de regulariza\u00e7\u00e3o que contenha cal ou hidrofugo. Caso seja necess\u00e1rio, substitua por Viacal.<\/li>\n<li>\u00c1reas expostas \u00e0s intemp\u00e9ries.<\/li>\n<li>Produto formulado para reservat\u00f3rio de \u00e1gua pot\u00e1vel ou esta\u00e7\u00e3o de tratamento de \u00e1gua (E.T.A), n\u00e3o utilizar quando o pH for inferior a 6,0.<\/li>\n<\/ul>\n<p>&nbsp;<\/p>\n<p>&nbsp;<\/p>\n","protected":false},"excerpt":{"rendered":"<p>Revestimento impermeabilizante, semi-flex\u00edvel, bicomponente (A+B), \u00e0 base de cimentos especiais, aditivos minerais e pol\u00edmeros de excelentes caracter\u00edsticas impermeabilizantes.<\/p>\n","protected":false},"featured_media":870,"comment_status":"open","ping_status":"closed","template":"","meta":[],"product_cat":[18],"product_tag":[317,318,316,305],"class_list":{"0":"post-869","1":"product","2":"type-product","3":"status-publish","4":"has-post-thumbnail","5":"hentry","6":"product_cat-geral","7":"product_tag-18kg","8":"product_tag-4kg","9":"product_tag-viaplus-top","10":"product_tag-viapol","12":"entry","13":"has-media","14":"owp-thumbs-layout-horizontal","15":"owp-btn-normal","16":"owp-tabs-layout-horizontal","17":"has-no-thumbnails","18":"has-product-nav"},"_links":{"self":[{"href":"https:\/\/tintascuritiba.com.br\/index.php\/wp-json\/wp\/v2\/product\/869","targetHints":{"allow":["GET"]}}],"collection":[{"href":"https:\/\/tintascuritiba.com.br\/index.php\/wp-json\/wp\/v2\/product"}],"about":[{"href":"https:\/\/tintascuritiba.com.br\/index.php\/wp-json\/wp\/v2\/types\/product"}],"replies":[{"embeddable":true,"href":"https:\/\/tintascuritiba.com.br\/index.php\/wp-json\/wp\/v2\/comments?post=869"}],"wp:featuredmedia":[{"embeddable":true,"href":"https:\/\/tintascuritiba.com.br\/index.php\/wp-json\/wp\/v2\/media\/870"}],"wp:attachment":[{"href":"https:\/\/tintascuritiba.com.br\/index.php\/wp-json\/wp\/v2\/media?parent=869"}],"wp:term":[{"taxonomy":"product_cat","embeddable":true,"href":"https:\/\/tintascuritiba.com.br\/index.php\/wp-json\/wp\/v2\/product_cat?post=869"},{"taxonomy":"product_tag","embeddable":true,"href":"https:\/\/tintascuritiba.com.br\/index.php\/wp-json\/wp\/v2\/product_tag?post=869"}],"curies":[{"name":"wp","href":"https:\/\/api.w.org\/{rel}","templated":true}]}}