{"id":865,"date":"2022-12-09T16:49:02","date_gmt":"2022-12-09T19:49:02","guid":{"rendered":"https:\/\/tintascuritiba.com.br\/?post_type=product&#038;p=865"},"modified":"2022-12-09T16:49:03","modified_gmt":"2022-12-09T19:49:03","slug":"viapol-viamanta-multiuso-3mm","status":"publish","type":"product","link":"https:\/\/tintascuritiba.com.br\/index.php\/produto\/viapol-viamanta-multiuso-3mm\/","title":{"rendered":"Viapol Viamanta Multiuso 3MM"},"content":{"rendered":"<p><strong>Viamanta Multiuso<\/strong>\u00a0\u00e9 uma manta asf\u00e1ltica produzida a partir da modifica\u00e7\u00e3o f\u00edsica do asfalto com uma mescla de pol\u00edmeros especiais, que proporcionam \u00e0 manta, excelente ader\u00eancia, durabilidade e resist\u00eancia. Estruturada com v\u00e9u de fibra de vidro especial, resinado e termofixado, garante perfeita impermeabiliza\u00e7\u00e3o da \u00e1rea a ser utilizada.<\/p>\n<h1><strong>CARACTER\u00cdSTICAS T\u00c9CNICAS<\/strong><\/h1>\n<table border=\"0\">\n<tbody>\n<tr>\n<td align=\"center\"><strong>Caracter\u00edstica<\/strong><\/td>\n<td align=\"center\"><strong>Unidade<\/strong><\/td>\n<td align=\"center\"><strong>Tipo II<\/strong><\/td>\n<\/tr>\n<tr>\n<td>Espessura<\/td>\n<td align=\"center\">mm<\/td>\n<td align=\"center\">3 e 4<\/td>\n<\/tr>\n<tr>\n<td>Resist\u00eancia \u00e0 tra\u00e7\u00e3o longitudinal e transversal (m\u00ednimo)<\/td>\n<td align=\"center\">N<\/td>\n<td align=\"center\">180<\/td>\n<\/tr>\n<tr>\n<td>Alongamento na longitudinal e transversal (m\u00ednimo)<\/td>\n<td align=\"center\">%<\/td>\n<td align=\"center\">2<\/td>\n<\/tr>\n<tr>\n<td>Absor\u00e7\u00e3o d&#8217;\u00e1gua (m\u00e1xima)<\/td>\n<td align=\"center\">%<\/td>\n<td align=\"center\">1,5<\/td>\n<\/tr>\n<tr>\n<td>Flexibilidade \u00e0 baixa temperatura<\/td>\n<td align=\"center\">\u00b0C<\/td>\n<td align=\"center\">Classe C = 0<\/td>\n<\/tr>\n<tr>\n<td>Resist\u00eancia ao impacto<\/td>\n<td align=\"center\">J-Joule<\/td>\n<td align=\"center\">2,45<\/td>\n<\/tr>\n<tr>\n<td>Escorrimento ao calor (m\u00ednimo)<\/td>\n<td align=\"center\">\u00b0C<\/td>\n<td align=\"center\">95<\/td>\n<\/tr>\n<tr>\n<td>Estabilidade dimensional (m\u00e1xima)<\/td>\n<td align=\"center\">%<\/td>\n<td align=\"center\">1<\/td>\n<\/tr>\n<tr>\n<td>Flexibilidade ap\u00f3s envelhecimento (m\u00ednimo)<\/td>\n<td align=\"center\">\u00b0C<\/td>\n<td align=\"center\">Classe C = 10<\/td>\n<\/tr>\n<tr>\n<td>Estanqueidade (m\u00ednimo)<\/td>\n<td align=\"center\">m.c.a<\/td>\n<td align=\"center\">10<\/td>\n<\/tr>\n<tr>\n<td>Resist\u00eancia ao rasgo (m\u00ednimo)<\/td>\n<td align=\"center\">N<\/td>\n<td align=\"center\">100<\/td>\n<\/tr>\n<\/tbody>\n<\/table>\n<p><strong>Normas de refer\u00eancias<\/strong><\/p>\n<ul>\n<li>NBR 9952 \u2013 Mantas Asf\u00e1lticas para impermeabiliza\u00e7\u00e3o;<\/li>\n<li>NBR 9575:2010 \u2013 Impermeabiliza\u00e7\u00e3o \u2013 Sistemas e projetos;<\/li>\n<li>NBR 9574:2008 \u2013 Execu\u00e7\u00e3o da impermeabiliza\u00e7\u00e3o.<\/li>\n<\/ul>\n<h1><strong>VANTAGENS<\/strong><\/h1>\n<ul>\n<li>Maior resist\u00eancia e flexibilidade;<\/li>\n<li>Excelente ader\u00eancia;<\/li>\n<li>Espessura uniforme;<\/li>\n<li>Produto pr\u00e9-fabricado;<\/li>\n<li>Maior rapidez e execu\u00e7\u00e3o.<\/li>\n<\/ul>\n<h1><strong>UTILIZA\u00c7\u00c3O<\/strong><\/h1>\n<p><strong>Viamanta Multiuso 3mm\u00a0<\/strong>para \u00e1reas com prote\u00e7\u00e3o mec\u00e2nica de pequenas dimens\u00f5es:<\/p>\n<ul>\n<li>\u00c1reas frias (banheiros, cozinhas e sacadas);<\/li>\n<li>Sobcoberturas;<\/li>\n<li>Muro de arrimo;<\/li>\n<li>Baldrames;<\/li>\n<li>Lajes.<\/li>\n<\/ul>\n<p><strong>Viamanta Multiuso 4mm<\/strong>\u00a0para \u00e1reas com prote\u00e7\u00e3o mec\u00e2nica de pequenas dimens\u00f5es:<\/p>\n<ul>\n<li>\u00c1reas frias (banheiros, cozinhas e sacadas);<\/li>\n<li>Subcoberturas;<\/li>\n<li>Calhas de concreto;<\/li>\n<li>Muro de arrimo;<\/li>\n<li>Baldrames;<\/li>\n<li>Lajes.<\/li>\n<\/ul>\n<h1><strong>NOTA<\/strong><\/h1>\n<p>A utiliza\u00e7\u00e3o das Mantas Asf\u00e1lticas deve ser avaliada em fun\u00e7\u00e3o do tipo de estrutura, dimens\u00f5es das \u00e1reas e utiliza\u00e7\u00e3o e uso. Lajes e estruturas de grandes dimens\u00f5es podem exigir sistemas impermeabilizantes com maiores resist\u00eancias e flexibilidade devido \u00e0s solicita\u00e7\u00f5es estruturais.<\/p>\n<h2>EMBALAGENS:<\/h2>\n<h3>Dispon\u00edvel em:<\/h3>\n<ul>\n<li>Manta com 3mm &#8211; Bobinas de 1m largura x 10m comprimento<\/li>\n<\/ul>\n<h1><strong>PREPARA\u00c7\u00c3O DA SUPERF\u00cdCIE<\/strong><\/h1>\n<p>A superf\u00edcie dever\u00e1 ser previamente lavada, isenta de p\u00f3, areia, res\u00edduos de \u00f3leo, graxa, desmoldante, manchas de \u00f3leo e graxas e\/ou qualquer tipo de material que possa prejudicar a ader\u00eancia do material.<\/p>\n<p>Sobre a superf\u00edcie horizontal \u00famida, executar a regulariza\u00e7\u00e3o com caimento m\u00ednimo de 1% para \u00e1reas externa e 0,5% para \u00e1reas internas, em dire\u00e7\u00e3o aos pontos de escoamento de \u00e1gua.<\/p>\n<p>A argamassa de regulariza\u00e7\u00e3o deve ser preparada com argamassa de cimento e areia m\u00e9dia, tra\u00e7o 1:3, utilizando \u00e1gua de amassamento composta de 1 volume de emuls\u00e3o adesiva\u00a0<strong>Viafix<\/strong>\u00a0e 2 volumes de \u00e1gua para maior ader\u00eancia ao substrato.<\/p>\n<p>Esta argamassa dever\u00e1 ter acabamento desempenado, com espessura m\u00ednima de 2 cm. Na regi\u00e3o dos ralos, criar um rebaixo de 1 cm de profundidade, com \u00e1rea de 40 x 40 cm, com bordas chanfradas, para que haja nivelamento de toda a impermeabiliza\u00e7\u00e3o ap\u00f3s a coloca\u00e7\u00e3o dos refor\u00e7os previstos neste local.<\/p>\n<p>Todos os cantos e arestas dever\u00e3o ser arredondados com raio aproximado de 5 cm a 8 cm.Nas \u00e1reas verticais em alvenaria, executar o chapisco de cimento e areia m\u00e9dia, tra\u00e7o 1:3, seguido da aplica\u00e7\u00e3o de uma argamassa desempenada, de cimento e areia m\u00e9dia, tra\u00e7o 1:4, utilizando \u00e1gua de amassamento composta de 1 volume de emuls\u00e3o adesiva\u00a0<strong>Viafix<\/strong>\u00a0e 2 volumes de \u00e1gua.<\/p>\n<p>Nos v\u00e3os de entrada das edifica\u00e7\u00f5es (portas, esquadrias, etc.), a regulariza\u00e7\u00e3o dever\u00e1 avan\u00e7ar no m\u00ednimo 60 cm para o seu interior, por baixo de batentes e contramarcos, respeitando o caimento para as \u00e1reas externas, exceto para \u00e1reas internas com pisos em madeira ou degrad\u00e1veis por a\u00e7\u00e3o de umidade.<\/p>\n<p>Recomenda-se que as \u00e1reas externas tenham cota no m\u00ednimo de 6 cm menor que as cotas internas, tanto no n\u00edvel da impermeabiliza\u00e7\u00e3o como no n\u00edvel do piso acabado.<\/p>\n<p>Os ralos e demais pe\u00e7as emergentes dever\u00e3o estar adequadamente fixados de forma a executar os arremates.<\/p>\n<p>Aguardar a cura da argamassa de regulariza\u00e7\u00e3o no m\u00ednimo 7 dias antes de iniciar a impermeabiliza\u00e7\u00e3o.<\/p>\n<h1><strong>APLICA\u00c7\u00c3O DO PRIMER<\/strong><\/h1>\n<p>Ap\u00f3s a cura da regulariza\u00e7\u00e3o (m\u00ednimo de 7 dias), aplicar uma dem\u00e3o de\u00a0<strong>Primer Adeflex, Viabit ou Ecoprimer,<\/strong>\u00a0com rolo ou trincha e aguardar secagem por no m\u00ednimo 6 horas.<\/p>\n<h1><strong>APLICA\u00c7\u00c3O DA MANTA<\/strong><\/h1>\n<p>Alinhar a manta asf\u00e1ltica\u00a0<strong>Viamanta Multiuso<\/strong>\u00a0em fun\u00e7\u00e3o do requadramento da \u00e1rea, procurando iniciar a colagem no sentido dos ralos para as cotas mais elevadas.<\/p>\n<p>Com aux\u00edlio da chama do ma\u00e7arico de g\u00e1s GLP, proceder \u00e0 ader\u00eancia total da manta\u00a0<strong>Viamanta Multiuso.<\/strong>\u00a0Nas emendas das mantas dever\u00e1 ter sobreposi\u00e7\u00e3o de 10 cm que receber\u00e3o biselamento para proporcionar perfeita veda\u00e7\u00e3o. Execute as mantas na posi\u00e7\u00e3o horizontal, subindo 10 cm na posi\u00e7\u00e3o vertical.<\/p>\n<p>Alinhar e aderir \u00e0 manta na vertical, descendo e sobrepondo em 10 cm na manta aderida na horizontal.<\/p>\n<p>A manta dever\u00e1 ser aderida na vertical 30 cm acima do piso acabado. Em \u00e1reas de Box a manta dever\u00e1 subir 1,50 m.<\/p>\n<p>Ap\u00f3s a conclus\u00e3o da impermeabiliza\u00e7\u00e3o das \u00e1reas verticais, deve-se incidir a chama do ma\u00e7arico a uma dist\u00e2ncia de 1,0 metros para que o filme de polietileno retraia-se. Este procedimento \u00e9 necess\u00e1rio, uma vez que o polietileno solta da massa asf\u00e1ltica proporcionando o deslocamento da prote\u00e7\u00e3o mec\u00e2nica e acabamento.<\/p>\n<p>Executar o teste de estanqueidade, enchendo os locais impermeabilizados com \u00e1gua, mantendo o n\u00edvel por no m\u00ednimo 72 horas.<\/p>\n<h1><strong>ARGAMASSA DE PROTE\u00c7\u00c3O MEC\u00c2NICA<\/strong><\/h1>\n<p>Camada Separadora<\/p>\n<p>Evita que os esfor\u00e7os de dilata\u00e7\u00e3o e contra\u00e7\u00e3o da argamassa de prote\u00e7\u00e3o mec\u00e2nica atuem diretamente sobre a impermeabiliza\u00e7\u00e3o.\u00a0Como camada separadora, utilize filme pl\u00e1stico de 24 micra de espessura.<\/p>\n<p>Horizontal<\/p>\n<p>Executar a argamassa de prote\u00e7\u00e3o mec\u00e2nica de cimento e areia m\u00e9dia, tra\u00e7o 1:4, desempenada com espessura m\u00ednima de 3 cm. Esta argamassa dever\u00e1 ter juntas perimetrais com 2 cm de largura, preenchidas com argamassa betuminosa, tra\u00e7o 1:8:3 de cimento, areia e emuls\u00e3o asf\u00e1ltica\u00a0<strong>Vedalage Preto<\/strong>.<\/p>\n<p>Vertical<\/p>\n<p>Ap\u00f3s a conclus\u00e3o da impermeabiliza\u00e7\u00e3o, deve-se empregar chama branda do ma\u00e7arico para que o filme de polietileno retraia-se. Este procedimento \u00e9 necess\u00e1rio, uma vez que o polietileno pode se soltar, causando o descolamento da prote\u00e7\u00e3o mec\u00e2nica e do acabamento.<\/p>\n<p>Feito isso, executar chapisco de cimento e areia m\u00e9dia, tra\u00e7o 1:3, seguido da execu\u00e7\u00e3o de uma argamassa desempenada de cimento e areia m\u00e9dia, tra\u00e7o 1:4, utilizando \u00e1gua de amassamento composta de 1 volume de emuls\u00e3o adesiva\u00a0<strong>Viafix<\/strong>\u00a0e 2 volumes de \u00e1gua. A argamassa dever\u00e1 ser armada com tela pl\u00e1stica, subindo 10 cm acima da manta asf\u00e1ltica.<\/p>\n<h1><strong>RESTRI\u00c7\u00d5ES DE USO<\/strong><\/h1>\n<ul>\n<li>N\u00e3o aplicar o produto em tempo chuvoso e substrato \u00famido ou molhado;<\/li>\n<li>Deve-se evitar tamb\u00e9m a aplica\u00e7\u00e3o sobre marca\u00e7\u00f5es existentes como pinturas, termopl\u00e1sticos e outros.<\/li>\n<\/ul>\n","protected":false},"excerpt":{"rendered":"<p><strong>Viamanta Multiuso<\/strong>\u00a0\u00e9 uma manta asf\u00e1ltica produzida a partir da modifica\u00e7\u00e3o f\u00edsica do asfalto com uma mescla de pol\u00edmeros especiais, que proporcionam \u00e0 manta, excelente ader\u00eancia, durabilidade e resist\u00eancia. Estruturada com v\u00e9u de fibra de vidro especial, resinado e termofixado, garante perfeita impermeabiliza\u00e7\u00e3o da \u00e1rea a ser utilizada.<\/p>\n","protected":false},"featured_media":866,"comment_status":"open","ping_status":"closed","template":"","meta":[],"product_cat":[18],"product_tag":[314,313,305],"class_list":{"0":"post-865","1":"product","2":"type-product","3":"status-publish","4":"has-post-thumbnail","5":"hentry","6":"product_cat-geral","7":"product_tag-3mm","8":"product_tag-viamanta-multiuso","9":"product_tag-viapol","11":"entry","12":"has-media","13":"owp-thumbs-layout-horizontal","14":"owp-btn-normal","15":"owp-tabs-layout-horizontal","16":"has-no-thumbnails","17":"has-product-nav"},"_links":{"self":[{"href":"https:\/\/tintascuritiba.com.br\/index.php\/wp-json\/wp\/v2\/product\/865","targetHints":{"allow":["GET"]}}],"collection":[{"href":"https:\/\/tintascuritiba.com.br\/index.php\/wp-json\/wp\/v2\/product"}],"about":[{"href":"https:\/\/tintascuritiba.com.br\/index.php\/wp-json\/wp\/v2\/types\/product"}],"replies":[{"embeddable":true,"href":"https:\/\/tintascuritiba.com.br\/index.php\/wp-json\/wp\/v2\/comments?post=865"}],"wp:featuredmedia":[{"embeddable":true,"href":"https:\/\/tintascuritiba.com.br\/index.php\/wp-json\/wp\/v2\/media\/866"}],"wp:attachment":[{"href":"https:\/\/tintascuritiba.com.br\/index.php\/wp-json\/wp\/v2\/media?parent=865"}],"wp:term":[{"taxonomy":"product_cat","embeddable":true,"href":"https:\/\/tintascuritiba.com.br\/index.php\/wp-json\/wp\/v2\/product_cat?post=865"},{"taxonomy":"product_tag","embeddable":true,"href":"https:\/\/tintascuritiba.com.br\/index.php\/wp-json\/wp\/v2\/product_tag?post=865"}],"curies":[{"name":"wp","href":"https:\/\/api.w.org\/{rel}","templated":true}]}}