{"id":862,"date":"2022-12-09T16:42:50","date_gmt":"2022-12-09T19:42:50","guid":{"rendered":"https:\/\/tintascuritiba.com.br\/?post_type=product&#038;p=862"},"modified":"2022-12-09T16:42:50","modified_gmt":"2022-12-09T19:42:50","slug":"viapol-viaflex-fita-sleeve","status":"publish","type":"product","link":"https:\/\/tintascuritiba.com.br\/index.php\/produto\/viapol-viaflex-fita-sleeve\/","title":{"rendered":"Viapol Viaflex Fita Sleeve"},"content":{"rendered":"<p><strong>Viaflex Fita<\/strong>\u00a0\u00e9 uma fita imperme\u00e1vel auto-adesiva composta de uma camada de adesivo asf\u00e1ltico, recoberta com uma l\u00e2mina de alum\u00ednio flex\u00edvel e protegida por um filme pl\u00e1stico. Material de f\u00e1cil aplica\u00e7\u00e3o que proporcionando solu\u00e7\u00e3o imediata em reparos, goteiras e infiltra\u00e7\u00f5es.<\/p>\n<h1><strong>VANTAGENS<\/strong><\/h1>\n<ul>\n<li>Aplica\u00e7\u00e3o r\u00e1pida e f\u00e1cil.<\/li>\n<li>Imperme\u00e1vel e resistente \u00e0 \u00e1gua.<\/li>\n<li>Boa resist\u00eancia aos raios solares.<\/li>\n<li>Flex\u00edvel.<\/li>\n<li>Ader\u00eancia na maioria dos materiais utilizados na constru\u00e7\u00e3o civil, como concreto, argamassa, tijolos, telhas, alum\u00ednio, etc.<\/li>\n<li>N\u00e3o necessita de ferramentas especiais para a aplica\u00e7\u00e3o.<\/li>\n<\/ul>\n<h1><strong>UTILIZA\u00c7\u00c3O<\/strong><\/h1>\n<ul>\n<li>Telhas (met\u00e1licas: fibrocimento e concreto);<\/li>\n<li>Rufos e calhas met\u00e1licas;<\/li>\n<li>Prote\u00e7\u00e3o de tubula\u00e7\u00e3o PVC exposta ao tempo;<\/li>\n<li>Dutos de ventila\u00e7\u00e3o e ar condicionado;<\/li>\n<li>Cantoneiras, furg\u00f5es, carrocerias ba\u00fa;<\/li>\n<li>Barraca de camping;<\/li>\n<li>Fechamento das sobreposi\u00e7\u00f5es em sistema de subcobertura.<\/li>\n<\/ul>\n<h2>EMBALAGENS:<\/h2>\n<h3>Dispon\u00edvel em:<\/h3>\n<ul>\n<li>0,10 m. x 10 m. = 1,0 m\u00b2<\/li>\n<li>0,20 m. x 10 m. = 2,0 m\u00b2<\/li>\n<\/ul>\n<p>&nbsp;<\/p>\n<h2>INSTRU\u00c7\u00d5ES DE USO:<\/h2>\n<p>Comece removendo as partes soltas e as impurezas. Retire o filme pl\u00e1stico da face adesiva da\u00a0<strong>Viaflex Fita<\/strong>\u00a0e aplique firmemente apoiando com maior vigor nas bordas.<\/p>\n<p>Para superf\u00edcies porosas, recomenda-se imprimar com tinta betuminosa\u00a0<strong>Viabit, Adeflex<\/strong>\u00a0ou\u00a0<strong>Ecoprimer<\/strong>\u00a0e aguardar secar por no m\u00ednimo 6 horas. Proceda a coloca\u00e7\u00e3o da\u00a0<strong>Viaflex Fita<\/strong>\u00a0normalmente.<\/p>\n<p><strong>Viaflex Fita<\/strong>\u00a0n\u00e3o \u00e9 recomendada para superf\u00edcies sujeitas \u00e0s altas temperaturas.<\/p>\n<p>Para melhor performance,\u00a0<strong>Viaflex Fita<\/strong>\u00a0deve ser aplicada quando a temperatura ambiente estiver acima de 20\u00b0.<\/p>\n<h1><strong>RESTRI\u00c7\u00d5ES DE USO<\/strong><\/h1>\n<ul>\n<li>N\u00e3o utilize em substitui\u00e7\u00e3o a rufos met\u00e1licos.<\/li>\n<li>\u00c1reas sujeitas a grandes temperaturas como \u00e1rea interna de churrasqueira;<\/li>\n<li>N\u00e3o aplicar em tempo frio, chuvoso e ou substrato molhado;<\/li>\n<\/ul>\n","protected":false},"excerpt":{"rendered":"<p><strong>Viaflex Fita<\/strong>\u00a0\u00e9 uma fita imperme\u00e1vel auto-adesiva composta de uma camada de adesivo asf\u00e1ltico, recoberta com uma l\u00e2mina de alum\u00ednio flex\u00edvel e protegida por um filme pl\u00e1stico. Material de f\u00e1cil aplica\u00e7\u00e3o que proporcionando solu\u00e7\u00e3o imediata em reparos, goteiras e infiltra\u00e7\u00f5es.<\/p>\n","protected":false},"featured_media":863,"comment_status":"open","ping_status":"closed","template":"","meta":[],"product_cat":[18],"product_tag":[312,311,310,305],"class_list":{"0":"post-862","1":"product","2":"type-product","3":"status-publish","4":"has-post-thumbnail","5":"hentry","6":"product_cat-geral","7":"product_tag-10cmx10m","8":"product_tag-20cmx10m","9":"product_tag-viaflex-fita-sleeve","10":"product_tag-viapol","12":"entry","13":"has-media","14":"owp-thumbs-layout-horizontal","15":"owp-btn-normal","16":"owp-tabs-layout-horizontal","17":"has-product-nav"},"_links":{"self":[{"href":"https:\/\/tintascuritiba.com.br\/index.php\/wp-json\/wp\/v2\/product\/862","targetHints":{"allow":["GET"]}}],"collection":[{"href":"https:\/\/tintascuritiba.com.br\/index.php\/wp-json\/wp\/v2\/product"}],"about":[{"href":"https:\/\/tintascuritiba.com.br\/index.php\/wp-json\/wp\/v2\/types\/product"}],"replies":[{"embeddable":true,"href":"https:\/\/tintascuritiba.com.br\/index.php\/wp-json\/wp\/v2\/comments?post=862"}],"wp:featuredmedia":[{"embeddable":true,"href":"https:\/\/tintascuritiba.com.br\/index.php\/wp-json\/wp\/v2\/media\/863"}],"wp:attachment":[{"href":"https:\/\/tintascuritiba.com.br\/index.php\/wp-json\/wp\/v2\/media?parent=862"}],"wp:term":[{"taxonomy":"product_cat","embeddable":true,"href":"https:\/\/tintascuritiba.com.br\/index.php\/wp-json\/wp\/v2\/product_cat?post=862"},{"taxonomy":"product_tag","embeddable":true,"href":"https:\/\/tintascuritiba.com.br\/index.php\/wp-json\/wp\/v2\/product_tag?post=862"}],"curies":[{"name":"wp","href":"https:\/\/api.w.org\/{rel}","templated":true}]}}