{"id":860,"date":"2022-12-09T16:29:01","date_gmt":"2022-12-09T19:29:01","guid":{"rendered":"https:\/\/tintascuritiba.com.br\/?post_type=product&#038;p=860"},"modified":"2022-12-09T16:29:01","modified_gmt":"2022-12-09T19:29:01","slug":"viapol-viafix","status":"publish","type":"product","link":"https:\/\/tintascuritiba.com.br\/index.php\/produto\/viapol-viafix\/","title":{"rendered":"Viapol Viafix"},"content":{"rendered":"<p>Emuls\u00e3o adesiva \u00e0 base de resinas especiais (PVA) de alto desempenho, compat\u00edvel com cimento e cal, utilizada como promotor de ader\u00eancia para concreto, argamassa e chapiscos, com excelentes propriedades de plasticidade.<\/p>\n<h1><strong>CARACTER\u00cdSTICAS T\u00c9CNICAS<\/strong><\/h1>\n<table border=\"0\">\n<tbody>\n<tr>\n<td><strong>Caracter\u00edsticas T\u00e9cnicas<\/strong><\/td>\n<td><strong>Viafix (PVA)<\/strong><\/td>\n<\/tr>\n<tr>\n<td>A\u00e7\u00e3o principal<\/td>\n<td>Incorporador de ader\u00eancia, resist\u00eancia e plasticidade, para concreto e argamassa<\/td>\n<\/tr>\n<tr>\n<td>Composi\u00e7\u00e3o<\/td>\n<td>Terpol\u00edmeros<\/td>\n<\/tr>\n<tr>\n<td>Aspecto<\/td>\n<td>L\u00edquido<\/td>\n<\/tr>\n<tr>\n<td>Cor<\/td>\n<td>Branca<\/td>\n<\/tr>\n<tr>\n<td>pH<\/td>\n<td>4,0 a 6,0<\/td>\n<\/tr>\n<tr>\n<td>Densidade a 25\u00b0C<\/td>\n<td>\u00a01,000 a 1,030 g\/cm\u00b3<\/td>\n<\/tr>\n<tr>\n<td>Viscosidade Brookfield (F1\/60 rpm, 25\u00b0C)<\/td>\n<td>6,5 a 12,0 cPs<\/td>\n<\/tr>\n<\/tbody>\n<\/table>\n<h1><strong>VANTAGENS<\/strong><\/h1>\n<ul>\n<li>Proporciona maior ader\u00eancia \u00e0s argamassas, sobre os mais diversos substratos, permitindo a aplica\u00e7\u00e3o das mesmas sobre o concreto liso;<\/li>\n<li>Grande resist\u00eancia \u00e0 alcalinidade;<\/li>\n<li>Permite uma melhor liga\u00e7\u00e3o entre concretos de diferentes idades e concretos novos;<\/li>\n<li>Proporciona \u00e0s argamassas grande plasticidade e resist\u00eancia mec\u00e2nica ao desgaste, impacto, permitindo o acompanhamento das diferentes dilata\u00e7\u00f5es dos materiais.<\/li>\n<\/ul>\n<h1><strong>UTILIZA\u00c7\u00c3O<\/strong><\/h1>\n<p><strong>Viafix<\/strong>\u00a0(PVA) \u00e9 utilizado como promotor de ader\u00eancia, resist\u00eancia e plasticidade aos mais variados substratos, indicado para:<\/p>\n<ul>\n<li>Rebocos e embossos;<\/li>\n<li>Argamassas de regulariza\u00e7\u00e3o, argamassas de assentamento de pisos e azulejos;<\/li>\n<li>Argamassas de contrapiso;<\/li>\n<li>Chapiscos nos mais variados substratos (sob consulta);<\/li>\n<li>Chapisco sobre isopor; Plastificante para gesso.<\/li>\n<\/ul>\n<h2>EMBALAGEM:<\/h2>\n<h3>Dispon\u00edvel em:<\/h3>\n<ul>\n<li>Balde: 18 Kg;<\/li>\n<\/ul>\n<p>&nbsp;<\/p>\n<h1><strong>PREPARA\u00c7\u00c3O DA SUPERF\u00cdCIE<\/strong><\/h1>\n<p>A superf\u00edcie dever\u00e1 estar resistente, limpa, isenta de impregna\u00e7\u00e3o de \u00f3leo, graxas e desmoldantes. Deve ser regularizada e umedecida com \u00e1gua, mas n\u00e3o saturada.<\/p>\n<h1><strong>PREPARA\u00c7\u00c3O DO PRODUTO<\/strong><\/h1>\n<p>Fa\u00e7a a homogeneiza\u00e7\u00e3o do produto antes de utiliz\u00e1-lo. O Viafix deve ser dilu\u00eddo em volume na propor\u00e7\u00e3o de 1:2 (Viafix\/\u00e1gua).<\/p>\n<h1><strong>APLICA\u00c7\u00c3O DO PRODUTO<\/strong><\/h1>\n<ul>\n<li>A argamassa deve ser executada no tra\u00e7o especifico em obra e amassada com a solu\u00e7\u00e3o de Viafix e \u00e1gua na propor\u00e7\u00e3o de 1 parte de Viafix para 2 partes de \u00e1gua.<\/li>\n<li>Adicionar a mistura de solu\u00e7\u00e3o Viafix\/\u00e1gua na argamassa de cimento e areia at\u00e9 atingir a trabalhabilidade necess\u00e1ria (tipo de aplica\u00e7\u00e3o).<\/li>\n<\/ul>\n<h1><strong>RECOMENDA\u00c7\u00d5ES<\/strong><\/h1>\n<ul>\n<li>Utilize luvas de borracha para manuseio do produto.<\/li>\n<li>Ap\u00f3s o uso do produto, lave bem as m\u00e3os.<\/li>\n<li>Caso o produto entre em contato com os olhos ou mucosas, lave com \u00e1gua limpa em abund\u00e2ncia.<\/li>\n<li>Caso persista a irrita\u00e7\u00e3o, procure um pronto socorro mais pr\u00f3ximo.<\/li>\n<\/ul>\n","protected":false},"excerpt":{"rendered":"<p>Emuls\u00e3o adesiva \u00e0 base de resinas especiais (PVA) de alto desempenho, compat\u00edvel com cimento e cal, utilizada como promotor de ader\u00eancia para concreto, argamassa e chapiscos, com excelentes propriedades de plasticidade.<\/p>\n","protected":false},"featured_media":861,"comment_status":"open","ping_status":"closed","template":"","meta":[],"product_cat":[18],"product_tag":[309,305],"class_list":{"0":"post-860","1":"product","2":"type-product","3":"status-publish","4":"has-post-thumbnail","5":"hentry","6":"product_cat-geral","7":"product_tag-viafix","8":"product_tag-viapol","10":"entry","11":"has-media","12":"owp-thumbs-layout-horizontal","13":"owp-btn-normal","14":"owp-tabs-layout-horizontal","15":"has-no-thumbnails","16":"has-product-nav"},"_links":{"self":[{"href":"https:\/\/tintascuritiba.com.br\/index.php\/wp-json\/wp\/v2\/product\/860","targetHints":{"allow":["GET"]}}],"collection":[{"href":"https:\/\/tintascuritiba.com.br\/index.php\/wp-json\/wp\/v2\/product"}],"about":[{"href":"https:\/\/tintascuritiba.com.br\/index.php\/wp-json\/wp\/v2\/types\/product"}],"replies":[{"embeddable":true,"href":"https:\/\/tintascuritiba.com.br\/index.php\/wp-json\/wp\/v2\/comments?post=860"}],"wp:featuredmedia":[{"embeddable":true,"href":"https:\/\/tintascuritiba.com.br\/index.php\/wp-json\/wp\/v2\/media\/861"}],"wp:attachment":[{"href":"https:\/\/tintascuritiba.com.br\/index.php\/wp-json\/wp\/v2\/media?parent=860"}],"wp:term":[{"taxonomy":"product_cat","embeddable":true,"href":"https:\/\/tintascuritiba.com.br\/index.php\/wp-json\/wp\/v2\/product_cat?post=860"},{"taxonomy":"product_tag","embeddable":true,"href":"https:\/\/tintascuritiba.com.br\/index.php\/wp-json\/wp\/v2\/product_tag?post=860"}],"curies":[{"name":"wp","href":"https:\/\/api.w.org\/{rel}","templated":true}]}}