{"id":857,"date":"2022-12-09T16:16:56","date_gmt":"2022-12-09T19:16:56","guid":{"rendered":"https:\/\/tintascuritiba.com.br\/?post_type=product&#038;p=857"},"modified":"2022-12-09T16:16:56","modified_gmt":"2022-12-09T19:16:56","slug":"viapol-ecoprimer","status":"publish","type":"product","link":"https:\/\/tintascuritiba.com.br\/index.php\/produto\/viapol-ecoprimer\/","title":{"rendered":"Viapol Ecoprimer"},"content":{"rendered":"<p><strong>Ecoprimer<\/strong>\u00a0\u00e9 um primer para colagem de mantas e fitas asf\u00e1lticas \u00e0 base d\u2019\u00e1gua composta de asfaltos modificados e aditivos isento de solventes, com baixo teor de compostos org\u00e2nicos vol\u00e1teis (VOC), para aplica\u00e7\u00e3o a frio sobre superf\u00edcies de concreto, argamassa, alvenaria e fibra de vidro.<\/p>\n<h1><strong>CARACTER\u00cdSTICAS T\u00c9CNICAS<\/strong><\/h1>\n<table border=\"0\">\n<tbody>\n<tr>\n<td colspan=\"3\" align=\"center\"><strong>Caracter\u00edsticas<\/strong><\/td>\n<\/tr>\n<tr>\n<td>Cor<\/td>\n<td colspan=\"2\" align=\"center\">Marrom Escuro<\/td>\n<\/tr>\n<tr>\n<td>Tempo de secagem<\/td>\n<td colspan=\"2\" align=\"center\">6 horas<\/td>\n<\/tr>\n<tr>\n<td align=\"center\"><strong>Ensaios<\/strong><\/td>\n<td align=\"center\"><strong>Unidade<\/strong><\/td>\n<td align=\"center\"><strong>Resultados<\/strong><\/td>\n<\/tr>\n<tr>\n<td>Viscosidade (segundos em Copo Ford 4)<\/td>\n<td align=\"center\">segundos<\/td>\n<td align=\"center\">11 &#8211; 20<\/td>\n<\/tr>\n<tr>\n<td>Teor de N\u00e3o Vol\u00e1teis (% em massa)<\/td>\n<td align=\"center\">% massa<\/td>\n<td align=\"center\">25 &#8211; 29<\/td>\n<\/tr>\n<tr>\n<td>Massa espec\u00edfica a 25\u00b0C<\/td>\n<td align=\"center\">gr\/cm\u00b3<\/td>\n<td align=\"center\">0,9 &#8211; 1,1<\/td>\n<\/tr>\n<\/tbody>\n<\/table>\n<p><strong>Norma de refer\u00eancia<\/strong><\/p>\n<ul>\n<li>NBR-9686 \u2013 Solu\u00e7\u00e3o e emuls\u00e3o asf\u00e1ltica empregada como material de imprima\u00e7\u00e3o na impermeabiliza\u00e7\u00e3o<\/li>\n<li>NBR 9575 &#8211; Impermeabiliza\u00e7\u00e3o &#8211; Sistemas e projetos;<\/li>\n<li>NBR 9574 &#8211; Execu\u00e7\u00e3o da impermeabiliza\u00e7\u00e3o<\/li>\n<\/ul>\n<h1><strong>VANTAGENS<\/strong><\/h1>\n<ul>\n<li>Pronto para uso;<\/li>\n<li>F\u00e1cil manuseio e aplica\u00e7\u00e3o;<\/li>\n<li>Boa ader\u00eancia e alta resist\u00eancia;<\/li>\n<li>N\u00e3o agressivo ao meio ambiente, podendo ser aplicado em ambientes fechados.<\/li>\n<\/ul>\n<h1><strong>UTILIZA\u00c7\u00c3O<\/strong><\/h1>\n<p>O\u00a0<strong>Ecoprimer<\/strong>\u00a0pode ser aplicado sobre superf\u00edcies de concreto, argamassa, alvenaria, fibra de vidro, como primer para:<\/p>\n<ul>\n<li>Colagem de mantas af\u00e1lticas e fitas autoadesivas;<\/li>\n<li>Solu\u00e7\u00f5es asf\u00e1lticas moldadas no local.<\/li>\n<\/ul>\n<h2>EMBALAGENS:<\/h2>\n<h3>Dispon\u00edvel em:<\/h3>\n<ul>\n<li>Balde: 18 lts.<\/li>\n<\/ul>\n<h1><strong>PREPARA\u00c7\u00c3O DA SUPERF\u00cdCIE<\/strong><\/h1>\n<p>A superf\u00edcie dever\u00e1 ser previamente lavada, seca, isenta de p\u00f3, vernizes, tintas, desmoldantes, ceras, fungos, carbonata\u00e7\u00e3o, bolor ou qualquer tipo de material que possa prejudicar a ader\u00eancia do\u00a0<strong>Ecoprimer<\/strong>.<\/p>\n<p>Se necess\u00e1rio executar a regulariza\u00e7\u00e3o com caimento m\u00ednimo de 1% em dire\u00e7\u00e3o aos pontos de escoamento de \u00e1gua.<\/p>\n<p>A argamassa de regulariza\u00e7\u00e3o deve ser preparada com argamassa de cimento e areia m\u00e9dia, tra\u00e7o 1:3, utilizando \u00e1gua de amassamento composta de 1 volume de emuls\u00e3o adesiva\u00a0<strong>Viafix<\/strong>\u00a0e 2 volumes de \u00e1gua para maior ader\u00eancia ao substrato.<\/p>\n<p>Esta argamassa dever\u00e1 ter acabamento desempenado, com espessura m\u00ednima de 2 cm. Todos os cantos e arestas dever\u00e3o ser arredondados para melhor acomoda\u00e7\u00e3o do produto.<\/p>\n<p>Nas \u00e1reas verticais em alvenaria, inicie o chapisco de cimento e areia m\u00e9dia, tra\u00e7o 1:3, seguido da aplica\u00e7\u00e3o de uma argamassa desempenada, de cimento e areia m\u00e9dia, tra\u00e7o 1:4, utilizando \u00e1gua de amassamento composta de 1 volume de emuls\u00e3o adesiva\u00a0<strong>Viafix<\/strong>\u00a0e 2 volumes de \u00e1gua.<\/p>\n<p>Aguardar a cura da argamassa de regulariza\u00e7\u00e3o no m\u00ednimo 7 dias antes de iniciar a impermeabiliza\u00e7\u00e3o.<\/p>\n<h1><strong>PREPARO DO PRODUTO<\/strong><\/h1>\n<p>O\u00a0<strong>Ecoprimer<\/strong>\u00a0j\u00e1 vem pronto para uso.<\/p>\n<p>Homogeneizar bem o produto antes e durante a aplica\u00e7\u00e3o.<\/p>\n<h1><strong>FERRAMENTAS<\/strong><\/h1>\n<p>Rolo de pintura de l\u00e3 pelo curto.<\/p>\n<h1><strong>APLICA\u00c7\u00c3O<\/strong><\/h1>\n<p>O produto\u00a0<strong>Ecoprimer<\/strong>\u00a0\u00e9 aplicado puro, com pincel ou rolo de pintura de l\u00e3 de carneiro em uma \u00fanica dem\u00e3o, aguardando a secagem por um per\u00edodo m\u00ednimo de 6 horas antes da aplica\u00e7\u00e3o do sistema de impermeabiliza\u00e7\u00e3o.<\/p>\n<p>O produto dever\u00e1 ser homogeneizado antes e durante a aplica\u00e7\u00e3o.<\/p>\n<h1><strong>RESTRI\u00c7\u00d5ES DE USO<\/strong><\/h1>\n<ul>\n<li>N\u00e3o aplicar em tempo chuvoso e substrato molhado;<\/li>\n<li>Deve-se evitar tamb\u00e9m a aplica\u00e7\u00e3o sobre marca\u00e7\u00f5es existentes como pinturas, termopl\u00e1sticos e sobre outros tipos de impermeabilizantes n\u00e3o compat\u00edveis.<\/li>\n<li>\u00c1reas expostas a intemp\u00e9ries<\/li>\n<\/ul>\n","protected":false},"excerpt":{"rendered":"<p><strong>Ecoprimer<\/strong>\u00a0\u00e9 um primer para colagem de mantas e fitas asf\u00e1lticas \u00e0 base d\u2019\u00e1gua composta de asfaltos modificados e aditivos isento de solventes, com baixo teor de compostos org\u00e2nicos vol\u00e1teis (VOC), para aplica\u00e7\u00e3o a frio sobre superf\u00edcies de concreto, argamassa, alvenaria e fibra de vidro.<\/p>\n","protected":false},"featured_media":858,"comment_status":"open","ping_status":"closed","template":"","meta":[],"product_cat":[18],"product_tag":[308,305],"class_list":{"0":"post-857","1":"product","2":"type-product","3":"status-publish","4":"has-post-thumbnail","5":"hentry","6":"product_cat-geral","7":"product_tag-ecoprimer","8":"product_tag-viapol","10":"entry","11":"has-media","12":"owp-thumbs-layout-horizontal","13":"owp-btn-normal","14":"owp-tabs-layout-horizontal","15":"has-no-thumbnails","16":"has-product-nav"},"_links":{"self":[{"href":"https:\/\/tintascuritiba.com.br\/index.php\/wp-json\/wp\/v2\/product\/857","targetHints":{"allow":["GET"]}}],"collection":[{"href":"https:\/\/tintascuritiba.com.br\/index.php\/wp-json\/wp\/v2\/product"}],"about":[{"href":"https:\/\/tintascuritiba.com.br\/index.php\/wp-json\/wp\/v2\/types\/product"}],"replies":[{"embeddable":true,"href":"https:\/\/tintascuritiba.com.br\/index.php\/wp-json\/wp\/v2\/comments?post=857"}],"wp:featuredmedia":[{"embeddable":true,"href":"https:\/\/tintascuritiba.com.br\/index.php\/wp-json\/wp\/v2\/media\/858"}],"wp:attachment":[{"href":"https:\/\/tintascuritiba.com.br\/index.php\/wp-json\/wp\/v2\/media?parent=857"}],"wp:term":[{"taxonomy":"product_cat","embeddable":true,"href":"https:\/\/tintascuritiba.com.br\/index.php\/wp-json\/wp\/v2\/product_cat?post=857"},{"taxonomy":"product_tag","embeddable":true,"href":"https:\/\/tintascuritiba.com.br\/index.php\/wp-json\/wp\/v2\/product_tag?post=857"}],"curies":[{"name":"wp","href":"https:\/\/api.w.org\/{rel}","templated":true}]}}