{"id":839,"date":"2022-12-08T17:32:52","date_gmt":"2022-12-08T20:32:52","guid":{"rendered":"https:\/\/tintascuritiba.com.br\/?post_type=product&#038;p=839"},"modified":"2022-12-08T17:32:52","modified_gmt":"2022-12-08T20:32:52","slug":"wurth-pulverizador-compressao-manual-5lt-w-max","status":"publish","type":"product","link":"https:\/\/tintascuritiba.com.br\/index.php\/produto\/wurth-pulverizador-compressao-manual-5lt-w-max\/","title":{"rendered":"Wurth Pulverizador Compressao Manual 5LT W-MAX"},"content":{"rendered":"<p>Reservat\u00f3rio pressurizado manualmente para pulveriza\u00e7\u00e3o de liquidos em geral<br \/>\nN\u00e3o usar com solvente e \u00e1cidos<\/p>\n<p>Caracter\u00edstica<br \/>\nReservat\u00f3rio em polietileno (PE)<br \/>\nBomba de press\u00e3o manual<br \/>\nAcess\u00f3rios em polipropileno (PP)<br \/>\nHaste para pressuriza\u00e7\u00e3o<br \/>\nBico aplicador em fibra de vidro<br \/>\nSistema de ajuste de vaz\u00e3o<\/p>\n","protected":false},"excerpt":{"rendered":"<p>Reservat\u00f3rio pressurizado manualmente para pulveriza\u00e7\u00e3o de liquidos em geral<br \/>\nN\u00e3o usar com solvente e \u00e1cidos<\/p>\n","protected":false},"featured_media":840,"comment_status":"open","ping_status":"closed","template":"","meta":[],"product_cat":[58],"product_tag":[299,292],"class_list":{"0":"post-839","1":"product","2":"type-product","3":"status-publish","4":"has-post-thumbnail","5":"hentry","6":"product_cat-acessorios-e-ferramentas","7":"product_tag-pulverizador-compressao-manual-5lt-w-max","8":"product_tag-wurth","10":"entry","11":"has-media","12":"owp-thumbs-layout-horizontal","13":"owp-btn-normal","14":"owp-tabs-layout-horizontal","15":"has-no-thumbnails","16":"has-product-nav"},"_links":{"self":[{"href":"https:\/\/tintascuritiba.com.br\/index.php\/wp-json\/wp\/v2\/product\/839","targetHints":{"allow":["GET"]}}],"collection":[{"href":"https:\/\/tintascuritiba.com.br\/index.php\/wp-json\/wp\/v2\/product"}],"about":[{"href":"https:\/\/tintascuritiba.com.br\/index.php\/wp-json\/wp\/v2\/types\/product"}],"replies":[{"embeddable":true,"href":"https:\/\/tintascuritiba.com.br\/index.php\/wp-json\/wp\/v2\/comments?post=839"}],"wp:featuredmedia":[{"embeddable":true,"href":"https:\/\/tintascuritiba.com.br\/index.php\/wp-json\/wp\/v2\/media\/840"}],"wp:attachment":[{"href":"https:\/\/tintascuritiba.com.br\/index.php\/wp-json\/wp\/v2\/media?parent=839"}],"wp:term":[{"taxonomy":"product_cat","embeddable":true,"href":"https:\/\/tintascuritiba.com.br\/index.php\/wp-json\/wp\/v2\/product_cat?post=839"},{"taxonomy":"product_tag","embeddable":true,"href":"https:\/\/tintascuritiba.com.br\/index.php\/wp-json\/wp\/v2\/product_tag?post=839"}],"curies":[{"name":"wp","href":"https:\/\/api.w.org\/{rel}","templated":true}]}}