{"id":836,"date":"2022-12-08T17:24:36","date_gmt":"2022-12-08T20:24:36","guid":{"rendered":"https:\/\/tintascuritiba.com.br\/?post_type=product&#038;p=836"},"modified":"2022-12-08T17:30:27","modified_gmt":"2022-12-08T20:30:27","slug":"wurth","status":"publish","type":"product","link":"https:\/\/tintascuritiba.com.br\/index.php\/produto\/wurth\/","title":{"rendered":"Wurth Pulverizador Compress\u00e3o Manual 1,5 LT W-MAX"},"content":{"rendered":"<p>Reservat\u00f3rio pressurizado Manualmente para pulveriza\u00e7\u00e3o de liquidos em geral<\/p>\n<p>Caracter\u00edsticas<br \/>\nReservatorio em polietileno (PE)<br \/>\nBomba de press\u00e3o manual<br \/>\nBico em polipropileno (PP) e cobre<br \/>\nSistema de ajuste de vaz\u00e3o<\/p>\n","protected":false},"excerpt":{"rendered":"<p>Reservat\u00f3rio pressurizado Manualmente para pulveriza\u00e7\u00e3o de liquidos em geral<\/p>\n","protected":false},"featured_media":838,"comment_status":"open","ping_status":"closed","template":"","meta":[],"product_cat":[58],"product_tag":[298,297,292],"class_list":{"0":"post-836","1":"product","2":"type-product","3":"status-publish","4":"has-post-thumbnail","5":"hentry","6":"product_cat-acessorios-e-ferramentas","7":"product_tag-5-lt-w-max","8":"product_tag-pulverizador-compressao-manual-1","9":"product_tag-wurth","11":"entry","12":"has-media","13":"owp-thumbs-layout-horizontal","14":"owp-btn-normal","15":"owp-tabs-layout-horizontal","16":"has-no-thumbnails","17":"has-product-nav"},"_links":{"self":[{"href":"https:\/\/tintascuritiba.com.br\/index.php\/wp-json\/wp\/v2\/product\/836","targetHints":{"allow":["GET"]}}],"collection":[{"href":"https:\/\/tintascuritiba.com.br\/index.php\/wp-json\/wp\/v2\/product"}],"about":[{"href":"https:\/\/tintascuritiba.com.br\/index.php\/wp-json\/wp\/v2\/types\/product"}],"replies":[{"embeddable":true,"href":"https:\/\/tintascuritiba.com.br\/index.php\/wp-json\/wp\/v2\/comments?post=836"}],"wp:featuredmedia":[{"embeddable":true,"href":"https:\/\/tintascuritiba.com.br\/index.php\/wp-json\/wp\/v2\/media\/838"}],"wp:attachment":[{"href":"https:\/\/tintascuritiba.com.br\/index.php\/wp-json\/wp\/v2\/media?parent=836"}],"wp:term":[{"taxonomy":"product_cat","embeddable":true,"href":"https:\/\/tintascuritiba.com.br\/index.php\/wp-json\/wp\/v2\/product_cat?post=836"},{"taxonomy":"product_tag","embeddable":true,"href":"https:\/\/tintascuritiba.com.br\/index.php\/wp-json\/wp\/v2\/product_tag?post=836"}],"curies":[{"name":"wp","href":"https:\/\/api.w.org\/{rel}","templated":true}]}}