{"id":833,"date":"2022-12-08T16:57:48","date_gmt":"2022-12-08T19:57:48","guid":{"rendered":"https:\/\/tintascuritiba.com.br\/?post_type=product&#038;p=833"},"modified":"2022-12-08T16:57:48","modified_gmt":"2022-12-08T19:57:48","slug":"wurth-arco-de-serra-fixo-600mm","status":"publish","type":"product","link":"https:\/\/tintascuritiba.com.br\/index.php\/produto\/wurth-arco-de-serra-fixo-600mm\/","title":{"rendered":"Wurth Arco de Serra Fixo 600mm"},"content":{"rendered":"<p>Ferramenta manual ideal para executar trabalhos de cortes r\u00e1pidos e precisos com l\u00e2mina de serra.<\/p>\n<p>Caracter\u00edsticas:<\/p>\n<p>&#8211; Cabo injetado em alum\u00ednio + resina termopl\u00e1stica (ABS\/ TPR);<br \/>\n&#8211; Cabo com revestimento emborrachado e formato fechado;<br \/>\n&#8211; Corpo (arco) em a\u00e7o tubular e pintura ep\u00f3xi;<br \/>\n&#8211; Porca borboleta para ajuste da tens\u00e3o da l\u00e2mina;<br \/>\n&#8211; Somente para uso de l\u00e2mina de serra 300mm (12\u201d);<br \/>\n&#8211; Profundidade de corte at\u00e9 90mm;<br \/>\n&#8211; Comp. 600mm;<br \/>\n&#8211; Peso: 545g. Informa\u00e7\u00f5es de seguran\u00e7a e manuseio do produto ;<br \/>\n&#8211; Fazer inspe\u00e7\u00e3o visual na ferramenta antes de usar;<br \/>\n&#8211; Fixar o material a ser cortado;<br \/>\n&#8211; N\u00e3o utilizar ferramentas danificadas;<br \/>\n&#8211; Utilizar \u00f3culos e luvas de prote\u00e7\u00e3o;<br \/>\n&#8211; Para um melhor desempenho e vida \u00fatil, sempre verificar a quantidade de dentes com rela\u00e7\u00e3o ao tamanho e tipo de material da pe\u00e7a a ser cortada. Condi\u00e7\u00f5es de armazenamento;<br \/>\n&#8211; Ao guardar a ferramenta, inverter a serra com o dente para cima;<br \/>\n&#8211; N\u00e3o armazenar em ambientes \u00famidos, \u00e1cidos ou salinos.<\/p>\n<p>Importante:<\/p>\n<p>&#8211; N\u00e3o utilizar o arco de serra como martelo. Informa\u00e7\u00f5es adicionais:<\/p>\n<p>&#8211; N\u00e3o possui compartimento para armazenar l\u00e2minas de serra;<br \/>\n&#8211; Acompanha 01 l\u00e2mina de serra em a\u00e7o carbono 300mm (12\u201d) 24 dentes.<\/p>\n","protected":false},"excerpt":{"rendered":"<p>Ferramenta manual ideal para executar trabalhos de cortes r\u00e1pidos e precisos com l\u00e2mina de serra.<\/p>\n","protected":false},"featured_media":834,"comment_status":"open","ping_status":"closed","template":"","meta":[],"product_cat":[58],"product_tag":[296,292],"class_list":{"0":"post-833","1":"product","2":"type-product","3":"status-publish","4":"has-post-thumbnail","5":"hentry","6":"product_cat-acessorios-e-ferramentas","7":"product_tag-arco-de-serra-fixo-600mm","8":"product_tag-wurth","10":"entry","11":"has-media","12":"owp-thumbs-layout-horizontal","13":"owp-btn-normal","14":"owp-tabs-layout-horizontal","15":"has-product-nav"},"_links":{"self":[{"href":"https:\/\/tintascuritiba.com.br\/index.php\/wp-json\/wp\/v2\/product\/833","targetHints":{"allow":["GET"]}}],"collection":[{"href":"https:\/\/tintascuritiba.com.br\/index.php\/wp-json\/wp\/v2\/product"}],"about":[{"href":"https:\/\/tintascuritiba.com.br\/index.php\/wp-json\/wp\/v2\/types\/product"}],"replies":[{"embeddable":true,"href":"https:\/\/tintascuritiba.com.br\/index.php\/wp-json\/wp\/v2\/comments?post=833"}],"wp:featuredmedia":[{"embeddable":true,"href":"https:\/\/tintascuritiba.com.br\/index.php\/wp-json\/wp\/v2\/media\/834"}],"wp:attachment":[{"href":"https:\/\/tintascuritiba.com.br\/index.php\/wp-json\/wp\/v2\/media?parent=833"}],"wp:term":[{"taxonomy":"product_cat","embeddable":true,"href":"https:\/\/tintascuritiba.com.br\/index.php\/wp-json\/wp\/v2\/product_cat?post=833"},{"taxonomy":"product_tag","embeddable":true,"href":"https:\/\/tintascuritiba.com.br\/index.php\/wp-json\/wp\/v2\/product_tag?post=833"}],"curies":[{"name":"wp","href":"https:\/\/api.w.org\/{rel}","templated":true}]}}