{"id":824,"date":"2022-12-08T15:52:37","date_gmt":"2022-12-08T18:52:37","guid":{"rendered":"https:\/\/tintascuritiba.com.br\/?post_type=product&#038;p=824"},"modified":"2022-12-08T15:52:38","modified_gmt":"2022-12-08T18:52:38","slug":"wurth-esponja-abrasiva-pra-vidro-e-granito-g80-100-x-70-x-25mm","status":"publish","type":"product","link":"https:\/\/tintascuritiba.com.br\/index.php\/produto\/wurth-esponja-abrasiva-pra-vidro-e-granito-g80-100-x-70-x-25mm\/","title":{"rendered":"Wurth Esponja Abrasiva pra Vidro e Granito G80 100 x 70 x 25mm"},"content":{"rendered":"<p>A Esponja Abrasiva tipo bloco \u00e9 indicada para todos os tipos de trabalhos, do desbaste ao acabamento, especialmente para substratos como rochas naturais (m\u00e1rmore e granitos) e vidros.<\/p>\n<p>Caracter\u00edsticas:<\/p>\n<p>&#8211; Produzido em gr\u00e3os de Carbeto de Sil\u00edcio fundido na espuma;<br \/>\n&#8211; Recomendada para trabalhos a seco, facilmente adapt\u00e1vel a todas as superf\u00edcies de Granito e Vidro, podendo ser utilizada a \u00famido se necess\u00e1rio;<br \/>\n&#8211; Pode ser utilizada nas 4 faces da esponja;<br \/>\n&#8211; Material abrasivo n\u00e3o desprende da esponja;<br \/>\n&#8211; Ideal para trabalhos em perfis arredondados, canto a 90\u00ba, superf\u00edcies planas em chapas, acabamento de perfis, partes de dif\u00edcil acesso;<br \/>\n&#8211; As esponjas podem ser lavadas e secas a sombra para continuidade de utiliza\u00e7\u00e3o.<\/p>\n<p>Aplica\u00e7\u00f5es:<\/p>\n<p>&#8211; Acabamento em rochas naturais como m\u00e1rmores e granitos;<br \/>\n&#8211; \u00d3timo desbaste e acabamento em vidros.<\/p>\n<p>Principais Vantagens:<\/p>\n<p>&#8211; Para uso em granito, m\u00e1rmore, rochas naturais e vidro ;<br \/>\n&#8211; Executa trabalho em locais de dif\u00edcil acesso ;<br \/>\n&#8211; Pode trabalhar a seco e \u00famido ;<br \/>\n&#8211; Material abrasivo n\u00e3o desprende da espuma;<br \/>\n&#8211; Maior conforto durante o lixamento.<\/p>\n","protected":false},"excerpt":{"rendered":"<p>A Esponja Abrasiva tipo bloco \u00e9 indicada para todos os tipos de trabalhos, do desbaste ao acabamento, especialmente para substratos como rochas naturais (m\u00e1rmore e granitos) e vidros.<\/p>\n","protected":false},"featured_media":825,"comment_status":"open","ping_status":"closed","template":"","meta":[],"product_cat":[58],"product_tag":[293,292],"class_list":{"0":"post-824","1":"product","2":"type-product","3":"status-publish","4":"has-post-thumbnail","5":"hentry","6":"product_cat-acessorios-e-ferramentas","7":"product_tag-esponja-abrasiva-pra-vidro-e-granito-g80-100-x-70-x-25mm","8":"product_tag-wurth","10":"entry","11":"has-media","12":"owp-thumbs-layout-horizontal","13":"owp-btn-normal","14":"owp-tabs-layout-horizontal","15":"has-no-thumbnails","16":"has-product-nav"},"_links":{"self":[{"href":"https:\/\/tintascuritiba.com.br\/index.php\/wp-json\/wp\/v2\/product\/824","targetHints":{"allow":["GET"]}}],"collection":[{"href":"https:\/\/tintascuritiba.com.br\/index.php\/wp-json\/wp\/v2\/product"}],"about":[{"href":"https:\/\/tintascuritiba.com.br\/index.php\/wp-json\/wp\/v2\/types\/product"}],"replies":[{"embeddable":true,"href":"https:\/\/tintascuritiba.com.br\/index.php\/wp-json\/wp\/v2\/comments?post=824"}],"wp:featuredmedia":[{"embeddable":true,"href":"https:\/\/tintascuritiba.com.br\/index.php\/wp-json\/wp\/v2\/media\/825"}],"wp:attachment":[{"href":"https:\/\/tintascuritiba.com.br\/index.php\/wp-json\/wp\/v2\/media?parent=824"}],"wp:term":[{"taxonomy":"product_cat","embeddable":true,"href":"https:\/\/tintascuritiba.com.br\/index.php\/wp-json\/wp\/v2\/product_cat?post=824"},{"taxonomy":"product_tag","embeddable":true,"href":"https:\/\/tintascuritiba.com.br\/index.php\/wp-json\/wp\/v2\/product_tag?post=824"}],"curies":[{"name":"wp","href":"https:\/\/api.w.org\/{rel}","templated":true}]}}