{"id":805,"date":"2022-12-07T16:38:10","date_gmt":"2022-12-07T19:38:10","guid":{"rendered":"https:\/\/tintascuritiba.com.br\/?post_type=product&#038;p=805"},"modified":"2022-12-07T16:38:10","modified_gmt":"2022-12-07T19:38:10","slug":"silaqua-corante-liquido-junta-lider-50ml","status":"publish","type":"product","link":"https:\/\/tintascuritiba.com.br\/index.php\/produto\/silaqua-corante-liquido-junta-lider-50ml\/","title":{"rendered":"Sil\u00e1qua Corante liquido Junta Lider 50ml"},"content":{"rendered":"<p>Para colora\u00e7\u00e3o de tintas \u00e0 base de P.V.A. e sol\u00faveis em \u00e1gua.<\/p>\n<h2 class=\"elementor-heading-title elementor-size-default\">Cores:\u00a0Amarelo, Azul, Branco, Laranja, Marrom, Marrom cer\u00e2mico, Ocre, Preto, Salm\u00e3o, Verde e Violeta<\/h2>\n","protected":false},"excerpt":{"rendered":"<p>Para colora\u00e7\u00e3o de tintas \u00e0 base de P.V.A. e sol\u00faveis em \u00e1gua.<\/p>\n","protected":false},"featured_media":806,"comment_status":"open","ping_status":"closed","template":"","meta":[],"product_cat":[18],"product_tag":[283,282,278],"class_list":{"0":"post-805","1":"product","2":"type-product","3":"status-publish","4":"has-post-thumbnail","5":"hentry","6":"product_cat-geral","7":"product_tag-50ml","8":"product_tag-corante-liquido","9":"product_tag-silaqua","11":"entry","12":"has-media","13":"owp-thumbs-layout-horizontal","14":"owp-btn-normal","15":"owp-tabs-layout-horizontal","16":"has-no-thumbnails","17":"has-product-nav"},"_links":{"self":[{"href":"https:\/\/tintascuritiba.com.br\/index.php\/wp-json\/wp\/v2\/product\/805","targetHints":{"allow":["GET"]}}],"collection":[{"href":"https:\/\/tintascuritiba.com.br\/index.php\/wp-json\/wp\/v2\/product"}],"about":[{"href":"https:\/\/tintascuritiba.com.br\/index.php\/wp-json\/wp\/v2\/types\/product"}],"replies":[{"embeddable":true,"href":"https:\/\/tintascuritiba.com.br\/index.php\/wp-json\/wp\/v2\/comments?post=805"}],"wp:featuredmedia":[{"embeddable":true,"href":"https:\/\/tintascuritiba.com.br\/index.php\/wp-json\/wp\/v2\/media\/806"}],"wp:attachment":[{"href":"https:\/\/tintascuritiba.com.br\/index.php\/wp-json\/wp\/v2\/media?parent=805"}],"wp:term":[{"taxonomy":"product_cat","embeddable":true,"href":"https:\/\/tintascuritiba.com.br\/index.php\/wp-json\/wp\/v2\/product_cat?post=805"},{"taxonomy":"product_tag","embeddable":true,"href":"https:\/\/tintascuritiba.com.br\/index.php\/wp-json\/wp\/v2\/product_tag?post=805"}],"curies":[{"name":"wp","href":"https:\/\/api.w.org\/{rel}","templated":true}]}}