{"id":803,"date":"2022-12-07T16:33:48","date_gmt":"2022-12-07T19:33:48","guid":{"rendered":"https:\/\/tintascuritiba.com.br\/?post_type=product&#038;p=803"},"modified":"2024-04-18T16:38:29","modified_gmt":"2024-04-18T19:38:29","slug":"silaqua-cal-pintura-8kg","status":"publish","type":"product","link":"https:\/\/tintascuritiba.com.br\/index.php\/produto\/silaqua-cal-pintura-8kg\/","title":{"rendered":"Sil\u00e1qua Cal Pintura 8Kg"},"content":{"rendered":"<p>Tinta a base de cal, lav\u00e1vel ap\u00f3s 48 horas, com fixador, n\u00e3o solta da parede, alto poder bactericida e fungicida.<\/p>\n","protected":false},"excerpt":{"rendered":"<p>Tinta a base de cal, lav\u00e1vel ap\u00f3s 48 horas, com fixador, n\u00e3o solta da parede, alto poder bactericida e fungicida.<\/p>\n","protected":false},"featured_media":804,"comment_status":"open","ping_status":"closed","template":"","meta":[],"product_cat":[18],"product_tag":[280,279,278,281],"class_list":{"0":"post-803","1":"product","2":"type-product","3":"status-publish","4":"has-post-thumbnail","5":"hentry","6":"product_cat-geral","7":"product_tag-8kg","8":"product_tag-cal-pintura","9":"product_tag-silaqua","10":"product_tag-tinta-a-base-de-cal","12":"entry","13":"has-media","14":"owp-thumbs-layout-horizontal","15":"owp-btn-normal","16":"owp-tabs-layout-horizontal","17":"has-no-thumbnails","18":"has-product-nav"},"_links":{"self":[{"href":"https:\/\/tintascuritiba.com.br\/index.php\/wp-json\/wp\/v2\/product\/803","targetHints":{"allow":["GET"]}}],"collection":[{"href":"https:\/\/tintascuritiba.com.br\/index.php\/wp-json\/wp\/v2\/product"}],"about":[{"href":"https:\/\/tintascuritiba.com.br\/index.php\/wp-json\/wp\/v2\/types\/product"}],"replies":[{"embeddable":true,"href":"https:\/\/tintascuritiba.com.br\/index.php\/wp-json\/wp\/v2\/comments?post=803"}],"wp:featuredmedia":[{"embeddable":true,"href":"https:\/\/tintascuritiba.com.br\/index.php\/wp-json\/wp\/v2\/media\/804"}],"wp:attachment":[{"href":"https:\/\/tintascuritiba.com.br\/index.php\/wp-json\/wp\/v2\/media?parent=803"}],"wp:term":[{"taxonomy":"product_cat","embeddable":true,"href":"https:\/\/tintascuritiba.com.br\/index.php\/wp-json\/wp\/v2\/product_cat?post=803"},{"taxonomy":"product_tag","embeddable":true,"href":"https:\/\/tintascuritiba.com.br\/index.php\/wp-json\/wp\/v2\/product_tag?post=803"}],"curies":[{"name":"wp","href":"https:\/\/api.w.org\/{rel}","templated":true}]}}