{"id":790,"date":"2022-12-07T11:27:53","date_gmt":"2022-12-07T14:27:53","guid":{"rendered":"https:\/\/tintascuritiba.com.br\/?post_type=product&#038;p=790"},"modified":"2022-12-07T11:27:54","modified_gmt":"2022-12-07T14:27:54","slug":"nauber-projetadora-de-massas-e-texturas-nb100-125-lpm","status":"publish","type":"product","link":"https:\/\/tintascuritiba.com.br\/index.php\/produto\/nauber-projetadora-de-massas-e-texturas-nb100-125-lpm\/","title":{"rendered":"Nauber Projetadora de Massas e Texturas NB100 12,5 LPM"},"content":{"rendered":"<p>NB-100 \u00e9 a m\u00e1quina ideal para proje\u00e7\u00f5es de massas em paredes e tetos. Indicada para aplica\u00e7\u00e3o de massas corridas, massa niveladora,textura, massa finnotok, pulverizar tintas e gesso de lenta secagem.<br \/>\nCapacidade de proje\u00e7\u00e3o de grande volumes, at\u00e9 12,5kg de massa por minuto.<br \/>\nReservat\u00f3rio para 50kg de material, e possibilidade de colocar at\u00e9 30 metros de mangueira.<br \/>\nSistema de proje\u00e7\u00e3o completo, j\u00e1 com compressor incluso.<\/p>\n<p>Sistema \u00fanico e exclusivo de proje\u00e7\u00e3o em formato leque.<br \/>\nRegulador de precis\u00e3o para ajuste de Ar na pistola de proje\u00e7\u00e3o.<br \/>\nPossui 3 bicos s\u00f3lidos de 4,0mm, 6,0mm, 8,00mm e bico leque Nauber.<\/p>\n<p>Equipamento 220V \/ 60Hz<\/p>\n<div class=\"col-lg-12 col-md-12 col-sm-12\">\n<ul>\n<li style=\"list-style-type: none\">\n<ul>\n<li class=\"active\"><a href=\"https:\/\/www.nauber.com.br\/detalhe-produto\/1\/projetora-de-massas-e-texturas-nb100-12-5-lpm-1#review\" data-toggle=\"tab\" aria-expanded=\"false\">Indica\u00e7\u00e3o De Uso<\/a><\/li>\n<\/ul>\n<\/li>\n<\/ul>\n<\/div>\n<div class=\"col-lg-12 col-md-12 col-sm-12\">\n<div class=\"tab-content\">\n<div id=\"review\" class=\"tab-pane fade active in\">\n<p>Indicada para projetar massas de alta viscosidade. Texturas, massas de proje\u00e7\u00e3o, massa niveladora, massa corrida e massa acr\u00edlica.<\/p>\n<div class=\"col-lg-12 col-md-12 col-sm-12\">\n<ul>\n<li style=\"list-style-type: none;\">\n<ul>\n<li class=\"active\"><a href=\"https:\/\/www.nauber.com.br\/detalhe-produto\/1\/projetora-de-massas-e-texturas-nb100-12-5-lpm-1#information\" data-toggle=\"tab\" aria-expanded=\"true\">Conte\u00fado Da Embalagem<\/a><\/li>\n<\/ul>\n<\/li>\n<\/ul>\n<\/div>\n<div class=\"col-lg-12 col-md-12 col-sm-12\">\n<div class=\"tab-content\">\n<div id=\"information\" class=\"tab-pane fade active in\">\n<p>15 metros de mangueira de proje\u00e7\u00e3o<br \/>\n15 metros de mangueira de ar<br \/>\n04 bicos de proje\u00e7\u00e3o<br \/>\n01 lan\u00e7a de proje\u00e7\u00e3o (modelo L1)<br \/>\n02 esferas de espuma para limpeza<\/p>\n<div class=\"col-lg-12 col-md-12 col-sm-12\">\n<ul>\n<li style=\"list-style-type: none\">\n<ul>\n<li class=\"active\"><a href=\"https:\/\/www.nauber.com.br\/detalhe-produto\/1\/projetora-de-massas-e-texturas-nb100-12-5-lpm-1#info\" data-toggle=\"tab\" aria-expanded=\"true\">Informa\u00e7\u00f5es T\u00e9cnicas<\/a><\/li>\n<\/ul>\n<\/li>\n<\/ul>\n<\/div>\n<div class=\"col-lg-12 col-md-12 col-sm-12\">\n<div class=\"tab-content\">\n<div id=\"info\" class=\"tab-pane fade active in\">\n<p><b>Tens\u00e3o<\/b>: 220v<\/p>\n<p><b>Peso da embalagem<\/b>: 140kg<\/p>\n<p><b>Comprimento de Mangueira<\/b>: 15 metros<\/p>\n<p><b>Linha<\/b>: Projetora<\/p>\n<p><b>Reservat\u00f3rio<\/b>: 50kg<\/p>\n<\/div>\n<\/div>\n<\/div>\n<\/div>\n<\/div>\n<\/div>\n<\/div>\n<\/div>\n<\/div>\n","protected":false},"excerpt":{"rendered":"<p>NB-100 \u00e9 a m\u00e1quina ideal para proje\u00e7\u00f5es de massas em paredes e tetos. Indicada para aplica\u00e7\u00e3o de massas corridas, massa niveladora,textura, massa finnotok, pulverizar tintas e gesso de lenta secagem.<\/p>\n","protected":false},"featured_media":791,"comment_status":"open","ping_status":"closed","template":"","meta":[],"product_cat":[58],"product_tag":[274,255,273],"class_list":{"0":"post-790","1":"product","2":"type-product","3":"status-publish","4":"has-post-thumbnail","5":"hentry","6":"product_cat-acessorios-e-ferramentas","7":"product_tag-12-5lpm","8":"product_tag-nauber","9":"product_tag-projetadora-de-massas-e-texturas-nb100","11":"entry","12":"has-media","13":"owp-thumbs-layout-horizontal","14":"owp-btn-normal","15":"owp-tabs-layout-horizontal","16":"has-product-nav"},"_links":{"self":[{"href":"https:\/\/tintascuritiba.com.br\/index.php\/wp-json\/wp\/v2\/product\/790","targetHints":{"allow":["GET"]}}],"collection":[{"href":"https:\/\/tintascuritiba.com.br\/index.php\/wp-json\/wp\/v2\/product"}],"about":[{"href":"https:\/\/tintascuritiba.com.br\/index.php\/wp-json\/wp\/v2\/types\/product"}],"replies":[{"embeddable":true,"href":"https:\/\/tintascuritiba.com.br\/index.php\/wp-json\/wp\/v2\/comments?post=790"}],"wp:featuredmedia":[{"embeddable":true,"href":"https:\/\/tintascuritiba.com.br\/index.php\/wp-json\/wp\/v2\/media\/791"}],"wp:attachment":[{"href":"https:\/\/tintascuritiba.com.br\/index.php\/wp-json\/wp\/v2\/media?parent=790"}],"wp:term":[{"taxonomy":"product_cat","embeddable":true,"href":"https:\/\/tintascuritiba.com.br\/index.php\/wp-json\/wp\/v2\/product_cat?post=790"},{"taxonomy":"product_tag","embeddable":true,"href":"https:\/\/tintascuritiba.com.br\/index.php\/wp-json\/wp\/v2\/product_tag?post=790"}],"curies":[{"name":"wp","href":"https:\/\/api.w.org\/{rel}","templated":true}]}}