{"id":785,"date":"2022-12-07T11:08:40","date_gmt":"2022-12-07T14:08:40","guid":{"rendered":"https:\/\/tintascuritiba.com.br\/?post_type=product&#038;p=785"},"modified":"2022-12-07T15:53:28","modified_gmt":"2022-12-07T18:53:28","slug":"nauber-maquina-de-pintura-airless-d-3-0-18-hp-30-lpm","status":"publish","type":"product","link":"https:\/\/tintascuritiba.com.br\/index.php\/produto\/nauber-maquina-de-pintura-airless-d-3-0-18-hp-30-lpm\/","title":{"rendered":"Nauber M\u00e1quina de Pintura Airless D-3.0X 1,8 HP 3,0 LPM"},"content":{"rendered":"<p>Fabricada em a\u00e7o, tratado com processo de galvaniza\u00e7\u00e3o (anti-ferrugem)<br \/>\ne pintura a p\u00f3.<br \/>\nConex\u00e3o de acoplamento com a m\u00e1quina em a\u00e7o INOX.<br \/>\nEquipada com motor el\u00e9trico de indu\u00e7\u00e3o de 220 Volts.<\/p>\n<p>Pot\u00eancia: 1300 Watts &#8211; 1,8 HP;<br \/>\nVaz\u00e3o &#8211; 3.0 LPM;<br \/>\nTamanho m\u00e1ximo do bico: 0.027&#8243;;<br \/>\nComprimento m\u00e1ximo da mangueira: 60m;<br \/>\nPress\u00e3o m\u00e1xima: 3.000 psi;<br \/>\nViscosidade da pintura: baixa a m\u00e9dia;<br \/>\nPeso l\u00edquido: 26kg;<br \/>\nPeso Bruto: 31,8kg;<\/p>\n<p>Equipamento 220V \/ 60Hz<\/p>\n<p>Operadores \/ pistola: 01<\/p>\n<p>6 meses de garantia;<\/p>\n<div class=\"col-lg-12 col-md-12 col-sm-12\">\n<ul>\n<li style=\"list-style-type: none\">\n<ul>\n<li class=\"active\"><a href=\"https:\/\/www.nauber.com.br\/detalhe-produto\/403\/maquina-de-pintura-airless-d-3-0x-1-8-hp-3-0-lpm-403#review\" data-toggle=\"tab\" aria-expanded=\"false\">Indica\u00e7\u00e3o De Uso<\/a><\/li>\n<\/ul>\n<\/li>\n<\/ul>\n<\/div>\n<div class=\"col-lg-12 col-md-12 col-sm-12\">\n<div class=\"tab-content\">\n<div id=\"review\" class=\"tab-pane fade active in\">\n<p>Projetos residenciais, industriais e comerciais, tintas l\u00e1tex, acr\u00edlicas, esmaltes, vernizes e seladores.<\/p>\n<div class=\"product-details-tab-area\">\n<div class=\"row\">\n<div class=\"col-lg-12 col-md-12 col-sm-12\">\n<ul>\n<li style=\"list-style-type: none\">\n<ul>\n<li class=\"active\"><a href=\"https:\/\/www.nauber.com.br\/detalhe-produto\/403\/maquina-de-pintura-airless-d-3-0x-1-8-hp-3-0-lpm-403#information\" data-toggle=\"tab\" aria-expanded=\"true\">Conte\u00fado Da Embalagem<\/a><\/li>\n<\/ul>\n<\/li>\n<\/ul>\n<\/div>\n<div class=\"col-lg-12 col-md-12 col-sm-12\">\n<div class=\"tab-content\">\n<div id=\"information\" class=\"tab-pane fade active in\">\n<p>01 m\u00e1quina airless D-3.0X;<br \/>\n01 pistola para pintura com filtro;<br \/>\n01 porta bico alum\u00ednio Light Green;<br \/>\n01 bico tip airless Light Green 517;<br \/>\n01 prolongador 50cm;<br \/>\n01 mangueira 1\/4 &#8211; 15m;<br \/>\n01 chave de boca 17\/19;<br \/>\n01 manual.<\/p>\n<\/div>\n<\/div>\n<\/div>\n<\/div>\n<\/div>\n<div class=\"related-products\">\n<div class=\"row\">\n<div class=\"col-lg-12 col-md-12 col-sm-12 col-xs-12\"><\/div>\n<\/div>\n<\/div>\n<\/div>\n<\/div>\n<\/div>\n","protected":false},"excerpt":{"rendered":"<p>Fabricada em a\u00e7o, tratado com processo de galvaniza\u00e7\u00e3o (anti-ferrugem)<br \/>\ne pintura a p\u00f3.<br \/>\nConex\u00e3o de acoplamento com a m\u00e1quina em a\u00e7o INOX.<br \/>\nEquipada com motor el\u00e9trico de indu\u00e7\u00e3o de 220 Volts.<\/p>\n","protected":false},"featured_media":795,"comment_status":"open","ping_status":"closed","template":"","meta":[],"product_cat":[58],"product_tag":[275,255],"class_list":{"0":"post-785","1":"product","2":"type-product","3":"status-publish","4":"has-post-thumbnail","5":"hentry","6":"product_cat-acessorios-e-ferramentas","7":"product_tag-maquina-de-pintura-airless-d-3-0x","8":"product_tag-nauber","10":"entry","11":"has-media","12":"owp-thumbs-layout-horizontal","13":"owp-btn-normal","14":"owp-tabs-layout-horizontal","15":"has-product-nav"},"_links":{"self":[{"href":"https:\/\/tintascuritiba.com.br\/index.php\/wp-json\/wp\/v2\/product\/785","targetHints":{"allow":["GET"]}}],"collection":[{"href":"https:\/\/tintascuritiba.com.br\/index.php\/wp-json\/wp\/v2\/product"}],"about":[{"href":"https:\/\/tintascuritiba.com.br\/index.php\/wp-json\/wp\/v2\/types\/product"}],"replies":[{"embeddable":true,"href":"https:\/\/tintascuritiba.com.br\/index.php\/wp-json\/wp\/v2\/comments?post=785"}],"wp:featuredmedia":[{"embeddable":true,"href":"https:\/\/tintascuritiba.com.br\/index.php\/wp-json\/wp\/v2\/media\/795"}],"wp:attachment":[{"href":"https:\/\/tintascuritiba.com.br\/index.php\/wp-json\/wp\/v2\/media?parent=785"}],"wp:term":[{"taxonomy":"product_cat","embeddable":true,"href":"https:\/\/tintascuritiba.com.br\/index.php\/wp-json\/wp\/v2\/product_cat?post=785"},{"taxonomy":"product_tag","embeddable":true,"href":"https:\/\/tintascuritiba.com.br\/index.php\/wp-json\/wp\/v2\/product_tag?post=785"}],"curies":[{"name":"wp","href":"https:\/\/api.w.org\/{rel}","templated":true}]}}