{"id":773,"date":"2022-12-06T16:56:08","date_gmt":"2022-12-06T19:56:08","guid":{"rendered":"https:\/\/tintascuritiba.com.br\/?post_type=product&#038;p=773"},"modified":"2022-12-06T16:56:08","modified_gmt":"2022-12-06T19:56:08","slug":"nauber-pistola-l1-nb-100-completa","status":"publish","type":"product","link":"https:\/\/tintascuritiba.com.br\/index.php\/produto\/nauber-pistola-l1-nb-100-completa\/","title":{"rendered":"Nauber Pistola L1 NB-100 completa"},"content":{"rendered":"<p>A pistola de proje\u00e7\u00e3o Nauber L1 foi desenvolvida especialmente para trabalhar em conjunto com a Projetora de Massas e Texturas Nauber NB-100 na aplica\u00e7\u00e3o de massas (camadas finas).<br \/>\nFabricada toda em alum\u00ednio, acompanha bico leque (op\u00e7\u00f5es 61,62,63,64) e bicos 4, 6 e 8mm.<br \/>\nPossui sistema de registro que permite limitar a vaz\u00e3o do ar.<br \/>\nCom vazador de ar que estabiliza a const\u00e2ncia de trabalho do compressor.<\/p>\n","protected":false},"excerpt":{"rendered":"<p>A pistola de proje\u00e7\u00e3o Nauber L1 foi desenvolvida especialmente para trabalhar em conjunto com a Projetora de Massas e Texturas Nauber NB-100 na aplica\u00e7\u00e3o de massas (camadas finas).<\/p>\n","protected":false},"featured_media":774,"comment_status":"open","ping_status":"closed","template":"","meta":[],"product_cat":[58],"product_tag":[255,263],"class_list":{"0":"post-773","1":"product","2":"type-product","3":"status-publish","4":"has-post-thumbnail","5":"hentry","6":"product_cat-acessorios-e-ferramentas","7":"product_tag-nauber","8":"product_tag-pistola-l1-nb-100-completa","10":"entry","11":"has-media","12":"owp-thumbs-layout-horizontal","13":"owp-btn-normal","14":"owp-tabs-layout-horizontal","15":"has-no-thumbnails","16":"has-product-nav"},"_links":{"self":[{"href":"https:\/\/tintascuritiba.com.br\/index.php\/wp-json\/wp\/v2\/product\/773","targetHints":{"allow":["GET"]}}],"collection":[{"href":"https:\/\/tintascuritiba.com.br\/index.php\/wp-json\/wp\/v2\/product"}],"about":[{"href":"https:\/\/tintascuritiba.com.br\/index.php\/wp-json\/wp\/v2\/types\/product"}],"replies":[{"embeddable":true,"href":"https:\/\/tintascuritiba.com.br\/index.php\/wp-json\/wp\/v2\/comments?post=773"}],"wp:featuredmedia":[{"embeddable":true,"href":"https:\/\/tintascuritiba.com.br\/index.php\/wp-json\/wp\/v2\/media\/774"}],"wp:attachment":[{"href":"https:\/\/tintascuritiba.com.br\/index.php\/wp-json\/wp\/v2\/media?parent=773"}],"wp:term":[{"taxonomy":"product_cat","embeddable":true,"href":"https:\/\/tintascuritiba.com.br\/index.php\/wp-json\/wp\/v2\/product_cat?post=773"},{"taxonomy":"product_tag","embeddable":true,"href":"https:\/\/tintascuritiba.com.br\/index.php\/wp-json\/wp\/v2\/product_tag?post=773"}],"curies":[{"name":"wp","href":"https:\/\/api.w.org\/{rel}","templated":true}]}}