{"id":764,"date":"2022-12-06T16:01:47","date_gmt":"2022-12-06T19:01:47","guid":{"rendered":"https:\/\/tintascuritiba.com.br\/?post_type=product&#038;p=764"},"modified":"2022-12-06T16:01:48","modified_gmt":"2022-12-06T19:01:48","slug":"nauber-desempenadeira-flex-aco-inox-100cm-80cm-60cm-40cm","status":"publish","type":"product","link":"https:\/\/tintascuritiba.com.br\/index.php\/produto\/nauber-desempenadeira-flex-aco-inox-100cm-80cm-60cm-40cm\/","title":{"rendered":"Nauber Desempenadeira Flex A\u00e7o Inox 100cm 80cm 60cm 40cm"},"content":{"rendered":"<p>Desempenadeira com l\u00e2mina em a\u00e7o INOX, resistente, leve e flex\u00edvel.<br \/>\nCabo ergon\u00f4mico.<br \/>\nAlto rendimento e acabamento.<\/p>\n","protected":false},"excerpt":{"rendered":"<p>Desempenadeira com l\u00e2mina em a\u00e7o INOX, resistente, leve e flex\u00edvel.<br \/>\nCabo ergon\u00f4mico.<br \/>\nAlto rendimento e acabamento.<\/p>\n","protected":false},"featured_media":765,"comment_status":"open","ping_status":"closed","template":"","meta":[],"product_cat":[58],"product_tag":[257,260,259,258,256,255],"class_list":{"0":"post-764","1":"product","2":"type-product","3":"status-publish","4":"has-post-thumbnail","5":"hentry","6":"product_cat-acessorios-e-ferramentas","7":"product_tag-100cm","8":"product_tag-40cm","9":"product_tag-60cm","10":"product_tag-80cm","11":"product_tag-desempenadeira-flex-aco-inox","12":"product_tag-nauber","14":"entry","15":"has-media","16":"owp-thumbs-layout-horizontal","17":"owp-btn-normal","18":"owp-tabs-layout-horizontal","19":"has-product-nav"},"_links":{"self":[{"href":"https:\/\/tintascuritiba.com.br\/index.php\/wp-json\/wp\/v2\/product\/764","targetHints":{"allow":["GET"]}}],"collection":[{"href":"https:\/\/tintascuritiba.com.br\/index.php\/wp-json\/wp\/v2\/product"}],"about":[{"href":"https:\/\/tintascuritiba.com.br\/index.php\/wp-json\/wp\/v2\/types\/product"}],"replies":[{"embeddable":true,"href":"https:\/\/tintascuritiba.com.br\/index.php\/wp-json\/wp\/v2\/comments?post=764"}],"wp:featuredmedia":[{"embeddable":true,"href":"https:\/\/tintascuritiba.com.br\/index.php\/wp-json\/wp\/v2\/media\/765"}],"wp:attachment":[{"href":"https:\/\/tintascuritiba.com.br\/index.php\/wp-json\/wp\/v2\/media?parent=764"}],"wp:term":[{"taxonomy":"product_cat","embeddable":true,"href":"https:\/\/tintascuritiba.com.br\/index.php\/wp-json\/wp\/v2\/product_cat?post=764"},{"taxonomy":"product_tag","embeddable":true,"href":"https:\/\/tintascuritiba.com.br\/index.php\/wp-json\/wp\/v2\/product_tag?post=764"}],"curies":[{"name":"wp","href":"https:\/\/api.w.org\/{rel}","templated":true}]}}