{"id":761,"date":"2022-12-06T15:36:08","date_gmt":"2022-12-06T18:36:08","guid":{"rendered":"https:\/\/tintascuritiba.com.br\/?post_type=product&#038;p=761"},"modified":"2022-12-06T15:36:08","modified_gmt":"2022-12-06T18:36:08","slug":"mundial-prime-cola-instantanea-mp93","status":"publish","type":"product","link":"https:\/\/tintascuritiba.com.br\/index.php\/produto\/mundial-prime-cola-instantanea-mp93\/","title":{"rendered":"Mundial Prime Cola Instant\u00e2nea MP93"},"content":{"rendered":"<div class=\"detalhes1\">\n<p class=\"texto\">A Super Cola MP93 Mundial Prime \u00e9 um adesivo multiuso de alta performance, com elevada resist\u00eancia e rapidez. Indicado para materiais porosos e n\u00e3o porosos.<\/p>\n<\/div>\n<div class=\"detalhes2\">\n<h3 class=\"sub-title-h3\"><i><\/i>Instru\u00e7\u00f5es de uso<\/h3>\n<p class=\"texto\">Limpe e seque bem as superf\u00edcies a serem trabalhadas (elimine \u00f3leo e sujeira); aplique o m\u00ednimo de adesivo que preencha a superf\u00edcie; pressione as partes unidas entre 2 e 12 segundos (superf\u00edcies porosas podem requerer maior tempo); ap\u00f3s o uso, limpe o bico com papel e tampe. N\u00e3o adere polietileno, polipropileno, pol\u00edmeros \ufb02uorados, resinas antiaderentes, superf\u00edcies siliconadas. N\u00e3o recomendado para tecidos e EPS.<\/p>\n<\/div>\n","protected":false},"excerpt":{"rendered":"<p>A Super Cola MP93 Mundial Prime \u00e9 um adesivo multiuso de alta performance, com elevada resist\u00eancia e rapidez. Indicado para materiais porosos e n\u00e3o porosos.<\/p>\n","protected":false},"featured_media":762,"comment_status":"open","ping_status":"closed","template":"","meta":[],"product_cat":[18],"product_tag":[253,254,239,252],"class_list":{"0":"post-761","1":"product","2":"type-product","3":"status-publish","4":"has-post-thumbnail","5":"hentry","6":"product_cat-geral","7":"product_tag-cola-instantanea","8":"product_tag-mp93","9":"product_tag-mundial-prime","10":"product_tag-super-cola","12":"entry","13":"has-media","14":"owp-thumbs-layout-horizontal","15":"owp-btn-normal","16":"owp-tabs-layout-horizontal","17":"has-no-thumbnails","18":"has-product-nav"},"_links":{"self":[{"href":"https:\/\/tintascuritiba.com.br\/index.php\/wp-json\/wp\/v2\/product\/761","targetHints":{"allow":["GET"]}}],"collection":[{"href":"https:\/\/tintascuritiba.com.br\/index.php\/wp-json\/wp\/v2\/product"}],"about":[{"href":"https:\/\/tintascuritiba.com.br\/index.php\/wp-json\/wp\/v2\/types\/product"}],"replies":[{"embeddable":true,"href":"https:\/\/tintascuritiba.com.br\/index.php\/wp-json\/wp\/v2\/comments?post=761"}],"wp:featuredmedia":[{"embeddable":true,"href":"https:\/\/tintascuritiba.com.br\/index.php\/wp-json\/wp\/v2\/media\/762"}],"wp:attachment":[{"href":"https:\/\/tintascuritiba.com.br\/index.php\/wp-json\/wp\/v2\/media?parent=761"}],"wp:term":[{"taxonomy":"product_cat","embeddable":true,"href":"https:\/\/tintascuritiba.com.br\/index.php\/wp-json\/wp\/v2\/product_cat?post=761"},{"taxonomy":"product_tag","embeddable":true,"href":"https:\/\/tintascuritiba.com.br\/index.php\/wp-json\/wp\/v2\/product_tag?post=761"}],"curies":[{"name":"wp","href":"https:\/\/api.w.org\/{rel}","templated":true}]}}