{"id":716,"date":"2022-12-05T13:49:15","date_gmt":"2022-12-05T16:49:15","guid":{"rendered":"https:\/\/tintascuritiba.com.br\/?post_type=product&#038;p=716"},"modified":"2024-04-18T16:39:32","modified_gmt":"2024-04-18T19:39:32","slug":"mundial-prime-tinta-spray-alta-temperatura-400ml","status":"publish","type":"product","link":"https:\/\/tintascuritiba.com.br\/index.php\/produto\/mundial-prime-tinta-spray-alta-temperatura-400ml\/","title":{"rendered":"Mundial Prime Tinta Spray Alta Temperatura 400ml"},"content":{"rendered":"<div class=\"detalhes1\">\n<p class=\"texto\">Tinta formulada para a pintura de partes externas de objetos ou superf\u00edcies met\u00e1licas expostas a temperaturas elevadas. Resiste a temperaturas de at\u00e9 300 \u00b0C cont\u00ednuos e at\u00e9 600 \u00b0C por curtos per\u00edodos de tempo.<\/p>\n<\/div>\n<div class=\"detalhes2\">\n<h3 class=\"sub-title-h3\"><i><\/i>Instru\u00e7\u00f5es de uso<\/h3>\n<p class=\"texto\">Prepare a superf\u00edcie eliminando qualquer tipo de res\u00edduo, como poeira, graxa, gordura e pintura velha e solta, que possa afetar a ader\u00eancia da tinta. N\u00e3o deve ser aplicada com qualquer vest\u00edgio de umidade. N\u00e3o adere em pe\u00e7as cromadas. Agite antes de usar, em movimentos verticais (para cima e para baixo), por aproximadamente 1 minuto. Aplique em dem\u00e3os finas e cruzadas sempre com movimentos constantes e uniformes, a uma dist\u00e2ncia de 20 a 25 cm para evitar escorrimentos indesej\u00e1veis, respeitando um intervalo entre dem\u00e3os de 15 minutos. A secagem total leva aproximadamente 24 horas. N\u00e3o \u00e9 recomendado o uso em superf\u00edcies que ter\u00e3o proximidade a alimentos. Antes de aplicar em partes pl\u00e1sticas, recomenda-se a realiza\u00e7\u00e3o de teste pr\u00e9vio de compatibilidade em uma pequena \u00e1rea.<\/p>\n<\/div>\n<div class=\"detalhes2\">\n<h3 class=\"sub-title-h3\">Aplica\u00e7\u00f5es<\/h3>\n<p class=\"texto\">Ideal para a pintura de escapamentos de carros e motos, churrasqueiras, lareiras, aquecedores, estufas, exaustores, chamin\u00e9s, motores, fog\u00f5es e fornos.<\/p>\n<\/div>\n<p>&nbsp;<\/p>\n<p>CORES: Preto, Alum\u00ednio e Branco<\/p>\n","protected":false},"excerpt":{"rendered":"<p>Tinta formulada para a pintura de partes externas de objetos ou superf\u00edcies met\u00e1licas expostas a temperaturas elevadas. Resiste a temperaturas de at\u00e9 300 \u00b0C cont\u00ednuos e at\u00e9 600 \u00b0C por curtos per\u00edodos de tempo.<\/p>\n","protected":false},"featured_media":717,"comment_status":"open","ping_status":"closed","template":"","meta":[],"product_cat":[18],"product_tag":[239,248],"class_list":{"0":"post-716","1":"product","2":"type-product","3":"status-publish","4":"has-post-thumbnail","5":"hentry","6":"product_cat-geral","7":"product_tag-mundial-prime","8":"product_tag-tinta-spray-alta-temperatura","10":"entry","11":"has-media","12":"owp-thumbs-layout-horizontal","13":"owp-btn-normal","14":"owp-tabs-layout-horizontal","15":"has-no-thumbnails","16":"has-product-nav"},"_links":{"self":[{"href":"https:\/\/tintascuritiba.com.br\/index.php\/wp-json\/wp\/v2\/product\/716","targetHints":{"allow":["GET"]}}],"collection":[{"href":"https:\/\/tintascuritiba.com.br\/index.php\/wp-json\/wp\/v2\/product"}],"about":[{"href":"https:\/\/tintascuritiba.com.br\/index.php\/wp-json\/wp\/v2\/types\/product"}],"replies":[{"embeddable":true,"href":"https:\/\/tintascuritiba.com.br\/index.php\/wp-json\/wp\/v2\/comments?post=716"}],"wp:featuredmedia":[{"embeddable":true,"href":"https:\/\/tintascuritiba.com.br\/index.php\/wp-json\/wp\/v2\/media\/717"}],"wp:attachment":[{"href":"https:\/\/tintascuritiba.com.br\/index.php\/wp-json\/wp\/v2\/media?parent=716"}],"wp:term":[{"taxonomy":"product_cat","embeddable":true,"href":"https:\/\/tintascuritiba.com.br\/index.php\/wp-json\/wp\/v2\/product_cat?post=716"},{"taxonomy":"product_tag","embeddable":true,"href":"https:\/\/tintascuritiba.com.br\/index.php\/wp-json\/wp\/v2\/product_tag?post=716"}],"curies":[{"name":"wp","href":"https:\/\/api.w.org\/{rel}","templated":true}]}}