{"id":704,"date":"2022-12-05T13:06:46","date_gmt":"2022-12-05T16:06:46","guid":{"rendered":"https:\/\/tintascuritiba.com.br\/?post_type=product&#038;p=704"},"modified":"2022-12-05T13:06:47","modified_gmt":"2022-12-05T16:06:47","slug":"mundial-prime-desengripante-mp1-lub","status":"publish","type":"product","link":"https:\/\/tintascuritiba.com.br\/index.php\/produto\/mundial-prime-desengripante-mp1-lub\/","title":{"rendered":"Mundial Prime Desengripante MP1 Lub"},"content":{"rendered":"<div class=\"detalhes1\">\n<p class=\"texto\">Produto indicado para prote\u00e7\u00e3o contra ferrugem, lubrificando e desoxidando pe\u00e7as expostas \u00e0 umidade do ar e \u00e0 corros\u00e3o. Desengripa de imediato e garante prote\u00e7\u00e3o total.<\/p>\n<\/div>\n<div class=\"detalhes2\">\n<h3 class=\"sub-title-h3\"><i><\/i>Instru\u00e7\u00f5es de uso<\/h3>\n<p class=\"texto\">Pulverize o Desengripante MP1 Lub no local desejado ou utilize o prolongador que acompanha a embalagem para aplica\u00e7\u00e3o em locais de dif\u00edcil acesso.<\/p>\n<\/div>\n<div class=\"detalhes2\">\n<h3 class=\"sub-title-h3\"><i><\/i>Aplica\u00e7\u00f5es<\/h3>\n<p class=\"texto\">No lar: fechaduras, dobradi\u00e7as, m\u00e1quinas de costura, trincos, eletrodom\u00e9sticos, janelas e basculantes. No carro: solta de forma r\u00e1pida porcas e parafusos, repele \u00e1gua do distribuidor e do sistema el\u00e9trico e protege os terminais. No esporte e lazer: remove a sujeira de catracas e correntes de sua bicicleta. Lubrifica carretilhas, molinetes, acess\u00f3rios n\u00e1uticos, skates e material de camping, ca\u00e7a e pesca. Na ind\u00fastria: usado na manuten\u00e7\u00e3o de m\u00e1quinas, motores, sistemas hidr\u00e1ulicos e a vapor e na conserva\u00e7\u00e3o de ferramentas.<\/p>\n<\/div>\n<div class=\"detalhes2\">\n<h3 class=\"sub-title-h3\"><i><\/i>Precau\u00e7\u00f5es<\/h3>\n<p class=\"texto\">Aerossol inflam\u00e1vel. Recipiente pressurizado. Pode romper se aquecido. Pode ser nocivo se ingerido ou em contato com a pele. Provoca irrita\u00e7\u00e3o ocular. Pode provocar irrita\u00e7\u00e3o das vias respirat\u00f3rias. Pode provocar danos ao sistema hematol\u00f3gico causando ao f\u00edgado dificuldade na coagula\u00e7\u00e3o, por exposi\u00e7\u00e3o repetida ou prolongada. Nocivo para organismos aqu\u00e1ticos com efeitos prolongados. Mantenha afastado de calor, fa\u00edsca, chama aberta ou superf\u00edcies quentes. N\u00e3o fume durante o uso. N\u00e3o perfurar a embalagem, mesmo vazia. Evite inalar. Utilize apenas ao ar livre ou em locais bem ventilados. Evite a libera\u00e7\u00e3o para o meio ambiente. Em caso de contato com a pele: lave com \u00e1gua em abund\u00e2ncia. Em caso de ingest\u00e3o: contate imediatamente um centro de informa\u00e7\u00e3o toxicol\u00f3gica ou um m\u00e9dico. N\u00e3o provoque v\u00f4mito. Em caso de contato com os olhos: enx\u00e1gue cuidadosamente com \u00e1gua durante v\u00e1rios minutos. No caso de uso de lentes de contato, remova-as se for f\u00e1cil e continue enxaguando. Caso a irrita\u00e7\u00e3o persista: consulte um m\u00e9dico.<\/p>\n<\/div>\n","protected":false},"excerpt":{"rendered":"<p>Produto indicado para prote\u00e7\u00e3o contra ferrugem, lubrificando e desoxidando pe\u00e7as expostas \u00e0 umidade do ar e \u00e0 corros\u00e3o. Desengripa de imediato e garante prote\u00e7\u00e3o total.<\/p>\n","protected":false},"featured_media":705,"comment_status":"open","ping_status":"closed","template":"","meta":[],"product_cat":[18],"product_tag":[244,239],"class_list":{"0":"post-704","1":"product","2":"type-product","3":"status-publish","4":"has-post-thumbnail","5":"hentry","6":"product_cat-geral","7":"product_tag-desengripante-mp1-lub","8":"product_tag-mundial-prime","10":"entry","11":"has-media","12":"owp-thumbs-layout-horizontal","13":"owp-btn-normal","14":"owp-tabs-layout-horizontal","15":"has-no-thumbnails","16":"has-product-nav"},"_links":{"self":[{"href":"https:\/\/tintascuritiba.com.br\/index.php\/wp-json\/wp\/v2\/product\/704","targetHints":{"allow":["GET"]}}],"collection":[{"href":"https:\/\/tintascuritiba.com.br\/index.php\/wp-json\/wp\/v2\/product"}],"about":[{"href":"https:\/\/tintascuritiba.com.br\/index.php\/wp-json\/wp\/v2\/types\/product"}],"replies":[{"embeddable":true,"href":"https:\/\/tintascuritiba.com.br\/index.php\/wp-json\/wp\/v2\/comments?post=704"}],"wp:featuredmedia":[{"embeddable":true,"href":"https:\/\/tintascuritiba.com.br\/index.php\/wp-json\/wp\/v2\/media\/705"}],"wp:attachment":[{"href":"https:\/\/tintascuritiba.com.br\/index.php\/wp-json\/wp\/v2\/media?parent=704"}],"wp:term":[{"taxonomy":"product_cat","embeddable":true,"href":"https:\/\/tintascuritiba.com.br\/index.php\/wp-json\/wp\/v2\/product_cat?post=704"},{"taxonomy":"product_tag","embeddable":true,"href":"https:\/\/tintascuritiba.com.br\/index.php\/wp-json\/wp\/v2\/product_tag?post=704"}],"curies":[{"name":"wp","href":"https:\/\/api.w.org\/{rel}","templated":true}]}}