{"id":697,"date":"2022-12-05T11:19:57","date_gmt":"2022-12-05T14:19:57","guid":{"rendered":"https:\/\/tintascuritiba.com.br\/?post_type=product&#038;p=697"},"modified":"2022-12-05T11:19:57","modified_gmt":"2022-12-05T14:19:57","slug":"mundial-prime-cola-branca-extra","status":"publish","type":"product","link":"https:\/\/tintascuritiba.com.br\/index.php\/produto\/mundial-prime-cola-branca-extra\/","title":{"rendered":"Mundial Prime Cola Branca Extra"},"content":{"rendered":"<div class=\"detalhes1\">\n<p class=\"texto\">Poderoso adesivo que, ap\u00f3s a secagem, apresenta uma pel\u00edcula transparente, plastificada, isenta de carga e com alta resist\u00eancia ao descolamento. A cola vem pronta para uso, n\u00e3o devendo ser dilu\u00edda em \u00e1gua no momento da aplica\u00e7\u00e3o.<\/p>\n<\/div>\n<div class=\"detalhes2\">\n<h3 class=\"sub-title-h3\"><i><\/i>Instru\u00e7\u00f5es de uso<\/h3>\n<p class=\"texto\">As superf\u00edcies dever\u00e3o estar limpas, secas, lixadas e planas. Aplicar a cola com um pincel ou rolo em uma das partes a serem coladas em camadas uniformes e juntar as partes imediatamente. Manter as partes unidas sob press\u00e3o por no m\u00ednimo 1 hora. A secagem inicial ocorre ap\u00f3s 4 horas, devendo-se considerar a temperatura, a umidade e a quantidade de cola aplicada. A secagem total leva entre 24 e 48 horas.<\/p>\n<\/div>\n<div class=\"detalhes2\">\n<h3 class=\"sub-title-h3\">Aplica\u00e7\u00f5es<\/h3>\n<p class=\"texto\">Desenvolvida para colagem de madeira, m\u00f3veis, compensados e aglomerados, laminados pl\u00e1sticos, papel, papel\u00e3o, tecidos e materiais porosos em geral.<\/p>\n<\/div>\n<p>&nbsp;<\/p>\n<p>Vendida em embalagens de 500g e 1kg.<\/p>\n","protected":false},"excerpt":{"rendered":"<p>Poderoso adesivo que, ap\u00f3s a secagem, apresenta uma pel\u00edcula transparente, plastificada, isenta de carga e com alta resist\u00eancia ao descolamento. A cola vem pronta para uso, n\u00e3o devendo ser dilu\u00edda em \u00e1gua no momento da aplica\u00e7\u00e3o.<\/p>\n","protected":false},"featured_media":698,"comment_status":"open","ping_status":"closed","template":"","meta":[],"product_cat":[18],"product_tag":[242,239],"class_list":{"0":"post-697","1":"product","2":"type-product","3":"status-publish","4":"has-post-thumbnail","5":"hentry","6":"product_cat-geral","7":"product_tag-cola-branca-extra","8":"product_tag-mundial-prime","10":"entry","11":"has-media","12":"owp-thumbs-layout-horizontal","13":"owp-btn-normal","14":"owp-tabs-layout-horizontal","15":"has-product-nav"},"_links":{"self":[{"href":"https:\/\/tintascuritiba.com.br\/index.php\/wp-json\/wp\/v2\/product\/697","targetHints":{"allow":["GET"]}}],"collection":[{"href":"https:\/\/tintascuritiba.com.br\/index.php\/wp-json\/wp\/v2\/product"}],"about":[{"href":"https:\/\/tintascuritiba.com.br\/index.php\/wp-json\/wp\/v2\/types\/product"}],"replies":[{"embeddable":true,"href":"https:\/\/tintascuritiba.com.br\/index.php\/wp-json\/wp\/v2\/comments?post=697"}],"wp:featuredmedia":[{"embeddable":true,"href":"https:\/\/tintascuritiba.com.br\/index.php\/wp-json\/wp\/v2\/media\/698"}],"wp:attachment":[{"href":"https:\/\/tintascuritiba.com.br\/index.php\/wp-json\/wp\/v2\/media?parent=697"}],"wp:term":[{"taxonomy":"product_cat","embeddable":true,"href":"https:\/\/tintascuritiba.com.br\/index.php\/wp-json\/wp\/v2\/product_cat?post=697"},{"taxonomy":"product_tag","embeddable":true,"href":"https:\/\/tintascuritiba.com.br\/index.php\/wp-json\/wp\/v2\/product_tag?post=697"}],"curies":[{"name":"wp","href":"https:\/\/api.w.org\/{rel}","templated":true}]}}