{"id":673,"date":"2022-12-01T16:36:47","date_gmt":"2022-12-01T19:36:47","guid":{"rendered":"https:\/\/tintascuritiba.com.br\/?post_type=product&#038;p=673"},"modified":"2022-12-01T16:36:47","modified_gmt":"2022-12-01T19:36:47","slug":"adere-fita-crepe-para-pintura-imobiliaria-427","status":"publish","type":"product","link":"https:\/\/tintascuritiba.com.br\/index.php\/produto\/adere-fita-crepe-para-pintura-imobiliaria-427\/","title":{"rendered":"ADERE Fita Crepe para Pintura Imobili\u00e1ria 427"},"content":{"rendered":"<p>Fita adesiva de papel crepado tratado com solu\u00e7\u00e3o base borracha e com adesivo a base de borracha e resina.<\/p>\n<h2 class=\"content-sub-title\">Aplica\u00e7\u00e3o<\/h2>\n<p>Ideal para pintura imobili\u00e1ria, sem deixar res\u00edduo de adesivo e sem remover tinta da parede;<br \/>\nUso mobili\u00e1rio (pintura);<br \/>\nFechamento de pacotes leves;<br \/>\nRefor\u00e7o de embalagens;<br \/>\nFixa\u00e7\u00e3o de pap\u00e9is ou pl\u00e1sticos.<\/p>\n<p>A Fita Crepe Adere\u00ae Pintura Imobili\u00e1ria 427, n\u00e3o \u00e9 indicada para o uso em pinturas automotivas.<\/p>\n<p>Remover dentro de 24h ap\u00f3s aplica\u00e7\u00e3o.<\/p>\n<p>Recomendada para ambiente interno.<\/p>\n<p>Vendida nas medidas: 18\/50; 24\/50; 32\/50; 48\/50.<\/p>\n","protected":false},"excerpt":{"rendered":"<p>Ideal para pintura imobili\u00e1ria, sem deixar res\u00edduo de adesivo e sem remover tinta da parede<\/p>\n","protected":false},"featured_media":674,"comment_status":"open","ping_status":"closed","template":"","meta":[],"product_cat":[58],"product_tag":[231,233,232],"class_list":{"0":"post-673","1":"product","2":"type-product","3":"status-publish","4":"has-post-thumbnail","5":"hentry","6":"product_cat-acessorios-e-ferramentas","7":"product_tag-adere","8":"product_tag-fita-crepe","9":"product_tag-fita-crepe-para-pintura-imobiliaria-427","11":"entry","12":"has-media","13":"owp-thumbs-layout-horizontal","14":"owp-btn-normal","15":"owp-tabs-layout-horizontal","16":"has-product-nav"},"_links":{"self":[{"href":"https:\/\/tintascuritiba.com.br\/index.php\/wp-json\/wp\/v2\/product\/673","targetHints":{"allow":["GET"]}}],"collection":[{"href":"https:\/\/tintascuritiba.com.br\/index.php\/wp-json\/wp\/v2\/product"}],"about":[{"href":"https:\/\/tintascuritiba.com.br\/index.php\/wp-json\/wp\/v2\/types\/product"}],"replies":[{"embeddable":true,"href":"https:\/\/tintascuritiba.com.br\/index.php\/wp-json\/wp\/v2\/comments?post=673"}],"wp:featuredmedia":[{"embeddable":true,"href":"https:\/\/tintascuritiba.com.br\/index.php\/wp-json\/wp\/v2\/media\/674"}],"wp:attachment":[{"href":"https:\/\/tintascuritiba.com.br\/index.php\/wp-json\/wp\/v2\/media?parent=673"}],"wp:term":[{"taxonomy":"product_cat","embeddable":true,"href":"https:\/\/tintascuritiba.com.br\/index.php\/wp-json\/wp\/v2\/product_cat?post=673"},{"taxonomy":"product_tag","embeddable":true,"href":"https:\/\/tintascuritiba.com.br\/index.php\/wp-json\/wp\/v2\/product_tag?post=673"}],"curies":[{"name":"wp","href":"https:\/\/api.w.org\/{rel}","templated":true}]}}