{"id":670,"date":"2022-12-01T16:18:19","date_gmt":"2022-12-01T19:18:19","guid":{"rendered":"https:\/\/tintascuritiba.com.br\/?post_type=product&#038;p=670"},"modified":"2022-12-01T16:18:19","modified_gmt":"2022-12-01T19:18:19","slug":"purplex-lixador-manual-pequeno-c-presilhas-ref-002","status":"publish","type":"product","link":"https:\/\/tintascuritiba.com.br\/index.php\/produto\/purplex-lixador-manual-pequeno-c-presilhas-ref-002\/","title":{"rendered":"PURPLEX Lixador Manual &#8220;Pequeno&#8221; C\/ Presilhas Ref.: 002"},"content":{"rendered":"<ul>\n<li><span class=\"s2\">Aumento na produtividade<\/span><span class=\"s3\">\u2800<\/span><\/li>\n<li><span class=\"s2\">Economia no consumo de lixa<\/span><span class=\"s3\">\u2800<\/span><\/li>\n<li><span class=\"s2\">M\u00e1xima qualidade no acabamento<\/span><\/li>\n<\/ul>\n<p>Tamanho: 68 x 204mm<\/p>\n<p><strong>Recomenda\u00e7\u00f5es de Uso:\u00a0<\/strong>Aproveitamento m\u00e1ximo da lixa (1\/4 folha de lixa), ferramenta ergon\u00f4mica, encaixa na m\u00e3o,<br \/>\n<span class=\"s2\">Presilhas resistentes, dur\u00e1veis, s<\/span>implicidade de uso,<br \/>\nEmpunhadura ergon\u00f4mica,<br \/>\n<span class=\"s2\">Presilhas que facilitam a fixa\u00e7\u00e3o r\u00e1pida da lixa,<\/span><br \/>\n<span class=\"s2\">Base com EVA plana, r<\/span>esistente a quedas.<\/p>\n<p class=\"p1\"><b>*\u00a0<\/b>Indicado para uso automotivo.<\/p>\n","protected":false},"excerpt":{"rendered":"<ul>\n<li><span class=\"s2\">Aumento na produtividade<\/span><span class=\"s3\">\u2800<\/span><\/li>\n<li><span class=\"s2\">Economia no consumo de lixa<\/span><span class=\"s3\">\u2800<\/span><\/li>\n<li><span class=\"s2\">M\u00e1xima qualidade no acabamento<\/span><\/li>\n<\/ul>\n","protected":false},"featured_media":671,"comment_status":"open","ping_status":"closed","template":"","meta":[],"product_cat":[58],"product_tag":[230,176,229],"class_list":{"0":"post-670","1":"product","2":"type-product","3":"status-publish","4":"has-post-thumbnail","5":"hentry","6":"product_cat-acessorios-e-ferramentas","7":"product_tag-lixador-manual-pequeno-c-presilhas","8":"product_tag-purplex","9":"product_tag-ref-002","11":"entry","12":"has-media","13":"owp-thumbs-layout-horizontal","14":"owp-btn-normal","15":"owp-tabs-layout-horizontal","16":"has-product-nav"},"_links":{"self":[{"href":"https:\/\/tintascuritiba.com.br\/index.php\/wp-json\/wp\/v2\/product\/670","targetHints":{"allow":["GET"]}}],"collection":[{"href":"https:\/\/tintascuritiba.com.br\/index.php\/wp-json\/wp\/v2\/product"}],"about":[{"href":"https:\/\/tintascuritiba.com.br\/index.php\/wp-json\/wp\/v2\/types\/product"}],"replies":[{"embeddable":true,"href":"https:\/\/tintascuritiba.com.br\/index.php\/wp-json\/wp\/v2\/comments?post=670"}],"wp:featuredmedia":[{"embeddable":true,"href":"https:\/\/tintascuritiba.com.br\/index.php\/wp-json\/wp\/v2\/media\/671"}],"wp:attachment":[{"href":"https:\/\/tintascuritiba.com.br\/index.php\/wp-json\/wp\/v2\/media?parent=670"}],"wp:term":[{"taxonomy":"product_cat","embeddable":true,"href":"https:\/\/tintascuritiba.com.br\/index.php\/wp-json\/wp\/v2\/product_cat?post=670"},{"taxonomy":"product_tag","embeddable":true,"href":"https:\/\/tintascuritiba.com.br\/index.php\/wp-json\/wp\/v2\/product_tag?post=670"}],"curies":[{"name":"wp","href":"https:\/\/api.w.org\/{rel}","templated":true}]}}