{"id":666,"date":"2022-12-01T16:15:12","date_gmt":"2022-12-01T19:15:12","guid":{"rendered":"https:\/\/tintascuritiba.com.br\/?post_type=product&#038;p=666"},"modified":"2022-12-01T16:15:12","modified_gmt":"2022-12-01T19:15:12","slug":"purplex-lixador-manual-pequeno-c-presilhas-e-alca-ref-040","status":"publish","type":"product","link":"https:\/\/tintascuritiba.com.br\/index.php\/produto\/purplex-lixador-manual-pequeno-c-presilhas-e-alca-ref-040\/","title":{"rendered":"PURPLEX Lixador Manual &#8220;Pequeno&#8221; C\/ Presilhas e Al\u00e7a Ref.: 040"},"content":{"rendered":"<div id=\"shopify-section-product-template\" class=\"shopify-section\">\n<div id=\"ProductSection-product-template\" class=\"product-template__container page-width\" data-section-id=\"product-template\" data-section-type=\"product\" data-enable-history-state=\"true\" data-ajax-enabled=\"true\">\n<div class=\"grid product-single product-single--medium-media\">\n<div class=\"grid__item medium-up--one-half\">\n<div class=\"product-single__description rte\">\n<div id=\"descricao\">\n<p>Possui base de EVA emborrachado, macio e especialmente plana para o perfeito acabamento<\/p>\n<ul>\n<li>Desenvolvido e injetado em Poliestireno de Alto Impacto muito resistente.<\/li>\n<li>Aproveitamento completo da lixa sem desperd\u00edcio<\/li>\n<li>Presilhas que permitem f\u00e1cil e r\u00e1pida fixa\u00e7\u00e3o da lixa<\/li>\n<\/ul>\n<\/div>\n<div id=\"detalhes\">\n<p>Tamanho: 70 x 185mm<\/p>\n<p><strong>Recomenda\u00e7\u00f5es de Uso:<\/strong> Deve ser usado com 1\/4 de folha de lixa de qualquer marca ou granula\u00e7\u00e3o. Dividir a lixa ao meio no seu comprimento. Agora, dividir novamente cada peda\u00e7o ao meio no mesmo sentido formando assim quatro tiras iguais que devem ser usadas individualmente uma de cada vez. Ideal para lixar guarni\u00e7\u00f5es, janelas e portas e pequenos cantos. Tamb\u00e9m \u00e9 muito usado em trabalhos manuais, artesanato e na restaura\u00e7\u00e3o de m\u00f3veis.<\/p>\n<\/div>\n<\/div>\n<p>&nbsp;<\/p>\n<\/div>\n<\/div>\n<\/div>\n<\/div>\n<div id=\"shopify-section-product-recommendations\" class=\"shopify-section\">\n<div class=\"page-width\" data-base-url=\"\/recommendations\/products\" data-product-id=\"6018949709981\" data-section-id=\"product-recommendations\" data-section-type=\"product-recommendations\">\n<div class=\"product-recommendations__inner\">\n<div class=\"section-header text-center\"><\/div>\n<\/div>\n<\/div>\n<\/div>\n","protected":false},"excerpt":{"rendered":"<p>Possui base de EVA emborrachado, macio e especialmente plana para o perfeito acabamento<\/p>\n<ul>\n<li>Desenvolvido e injetado em Poliestireno de Alto Impacto muito resistente.<\/li>\n<li>Aproveitamento completo da lixa sem desperd\u00edcio<\/li>\n<li>Presilhas que permitem f\u00e1cil e r\u00e1pida fixa\u00e7\u00e3o da lixa<\/li>\n<\/ul>\n","protected":false},"featured_media":667,"comment_status":"open","ping_status":"closed","template":"","meta":[],"product_cat":[58],"product_tag":[228,176,227],"class_list":{"0":"post-666","1":"product","2":"type-product","3":"status-publish","4":"has-post-thumbnail","5":"hentry","6":"product_cat-acessorios-e-ferramentas","7":"product_tag-lixador-manual-pequeno-c-presilhas-e-alca","8":"product_tag-purplex","9":"product_tag-ref-040","11":"entry","12":"has-media","13":"owp-thumbs-layout-horizontal","14":"owp-btn-normal","15":"owp-tabs-layout-horizontal","16":"has-product-nav"},"_links":{"self":[{"href":"https:\/\/tintascuritiba.com.br\/index.php\/wp-json\/wp\/v2\/product\/666","targetHints":{"allow":["GET"]}}],"collection":[{"href":"https:\/\/tintascuritiba.com.br\/index.php\/wp-json\/wp\/v2\/product"}],"about":[{"href":"https:\/\/tintascuritiba.com.br\/index.php\/wp-json\/wp\/v2\/types\/product"}],"replies":[{"embeddable":true,"href":"https:\/\/tintascuritiba.com.br\/index.php\/wp-json\/wp\/v2\/comments?post=666"}],"wp:featuredmedia":[{"embeddable":true,"href":"https:\/\/tintascuritiba.com.br\/index.php\/wp-json\/wp\/v2\/media\/667"}],"wp:attachment":[{"href":"https:\/\/tintascuritiba.com.br\/index.php\/wp-json\/wp\/v2\/media?parent=666"}],"wp:term":[{"taxonomy":"product_cat","embeddable":true,"href":"https:\/\/tintascuritiba.com.br\/index.php\/wp-json\/wp\/v2\/product_cat?post=666"},{"taxonomy":"product_tag","embeddable":true,"href":"https:\/\/tintascuritiba.com.br\/index.php\/wp-json\/wp\/v2\/product_tag?post=666"}],"curies":[{"name":"wp","href":"https:\/\/api.w.org\/{rel}","templated":true}]}}