{"id":662,"date":"2022-12-01T16:09:52","date_gmt":"2022-12-01T19:09:52","guid":{"rendered":"https:\/\/tintascuritiba.com.br\/?post_type=product&#038;p=662"},"modified":"2022-12-01T16:09:53","modified_gmt":"2022-12-01T19:09:53","slug":"purplex-lixador-manual-medio-c-presilhas-ref-101","status":"publish","type":"product","link":"https:\/\/tintascuritiba.com.br\/index.php\/produto\/purplex-lixador-manual-medio-c-presilhas-ref-101\/","title":{"rendered":"PURPLEX Lixador Manual &#8220;M\u00e9dio&#8221; C\/ Presilhas Ref.: 101"},"content":{"rendered":"<ul>\n<li><span class=\"s2\">Aumento na produtividade<\/span><span class=\"s3\">\u2800<\/span><\/li>\n<li><span class=\"s1\">\u00a0<\/span><span class=\"s2\">Economia no consumo de lixa<\/span><span class=\"s3\">\u2800<\/span><\/li>\n<li><span class=\"s1\">\u00a0<\/span><span class=\"s2\">M\u00e1xima qualidade no acabamento<\/span><\/li>\n<\/ul>\n<p><span class=\"s2\">Tamanho: 105 x 220mm\u00a0<\/span><\/p>\n<p><span class=\"s2\"><strong>Recomenda\u00e7\u00f5es de Uso:<\/strong>\u00a0\u00a0Aproveitamento m\u00e1ximo da lixa (1\/2 folha de lixa), \u00e9 uma f<\/span>erramenta ergon\u00f4mica, encaixa na m\u00e3o, com espera para os dedos.<\/p>\n<p><span class=\"s2\">Presilhas resistentes, d<\/span>ur\u00e1veis, simplicidade de uso. Empunhadura ergon\u00f4mica com presilhas que facilitam a fixa\u00e7\u00e3o r\u00e1pida da lixa<br \/>\n<span class=\"s2\">Base de EVA plana, r<\/span>esistente a quedas.<\/p>\n<p>*Indicado para linha automotiva.<\/p>\n","protected":false},"excerpt":{"rendered":"<ul>\n<li><span class=\"s2\">Aumento na produtividade<\/span><span class=\"s3\">\u2800<\/span><\/li>\n<li><span class=\"s1\">\u00a0<\/span><span class=\"s2\">Economia no consumo de lixa<\/span><span class=\"s3\">\u2800<\/span><\/li>\n<li><span class=\"s1\">\u00a0<\/span><span class=\"s2\">M\u00e1xima qualidade no acabamento<\/span><\/li>\n<\/ul>\n","protected":false},"featured_media":663,"comment_status":"open","ping_status":"closed","template":"","meta":[],"product_cat":[58],"product_tag":[226,176,225],"class_list":{"0":"post-662","1":"product","2":"type-product","3":"status-publish","4":"has-post-thumbnail","5":"hentry","6":"product_cat-acessorios-e-ferramentas","7":"product_tag-lixador-manual-medio-c-presilhas","8":"product_tag-purplex","9":"product_tag-ref-101","11":"entry","12":"has-media","13":"owp-thumbs-layout-horizontal","14":"owp-btn-normal","15":"owp-tabs-layout-horizontal","16":"has-product-nav"},"_links":{"self":[{"href":"https:\/\/tintascuritiba.com.br\/index.php\/wp-json\/wp\/v2\/product\/662","targetHints":{"allow":["GET"]}}],"collection":[{"href":"https:\/\/tintascuritiba.com.br\/index.php\/wp-json\/wp\/v2\/product"}],"about":[{"href":"https:\/\/tintascuritiba.com.br\/index.php\/wp-json\/wp\/v2\/types\/product"}],"replies":[{"embeddable":true,"href":"https:\/\/tintascuritiba.com.br\/index.php\/wp-json\/wp\/v2\/comments?post=662"}],"wp:featuredmedia":[{"embeddable":true,"href":"https:\/\/tintascuritiba.com.br\/index.php\/wp-json\/wp\/v2\/media\/663"}],"wp:attachment":[{"href":"https:\/\/tintascuritiba.com.br\/index.php\/wp-json\/wp\/v2\/media?parent=662"}],"wp:term":[{"taxonomy":"product_cat","embeddable":true,"href":"https:\/\/tintascuritiba.com.br\/index.php\/wp-json\/wp\/v2\/product_cat?post=662"},{"taxonomy":"product_tag","embeddable":true,"href":"https:\/\/tintascuritiba.com.br\/index.php\/wp-json\/wp\/v2\/product_tag?post=662"}],"curies":[{"name":"wp","href":"https:\/\/api.w.org\/{rel}","templated":true}]}}