{"id":658,"date":"2022-12-01T16:04:20","date_gmt":"2022-12-01T19:04:20","guid":{"rendered":"https:\/\/tintascuritiba.com.br\/?post_type=product&#038;p=658"},"modified":"2022-12-01T16:04:21","modified_gmt":"2022-12-01T19:04:21","slug":"purplex-lixador-manual-medio-c-alca-presilha-e-conexao-ref-011","status":"publish","type":"product","link":"https:\/\/tintascuritiba.com.br\/index.php\/produto\/purplex-lixador-manual-medio-c-alca-presilha-e-conexao-ref-011\/","title":{"rendered":"PURPLEX Lixador Manual &#8220;M\u00e9dio&#8221; C\/ Al\u00e7a\/Presilha e Conex\u00e3o Ref.: 011"},"content":{"rendered":"<div id=\"descricao\">\n<ul>\n<li>Fabricado em Poliestireno de Alto Impacto<\/li>\n<li>Resistente a fortes quedas<\/li>\n<li>Presilhas que permitem f\u00e1cil e r\u00e1pida fixa\u00e7\u00e3o da lixa<\/li>\n<\/ul>\n<p>Permite duas fun\u00e7\u00f5es no lixamento, usando simplesmente com o cabo ou acoplando a conex\u00e3o para o uso do extensor, facilitando assim o lixamento em paredes mais altas ou tetos. Troca r\u00e1pida e f\u00e1cil de cabo para conector. Possui base de EVA emborrachado, macio e especialmente plana para um perfeito acabamento em massa corrida ou gesso. . Conforto, produtividade e acabamento perfeito.<\/p>\n<\/div>\n<div id=\"detalhes\">\n<p>Tamanho: 110 x 230mm<\/p>\n<p><strong>Recomenda\u00e7\u00f5es de Uso:<\/strong>\u00a0Sua principal fun\u00e7\u00e3o \u00e9 no lixamento de massa corrida ou gesso. Deve ser usado com 1\/2 folha de lixa, ou lixa em rolo, de qualquer marca ou granula\u00e7\u00e3o. Em locais de dif\u00edcil acesso como: paredes altas ou tetos, poder\u00e1 ser acoplado a conex\u00e3o para o uso do extensor ou cabo de vassoura com rosca multi-uso. Alto rendimento, conforto ao operador, qualidade no acabamento e sem desperd\u00edcio de lixa.<\/p>\n<\/div>\n","protected":false},"excerpt":{"rendered":"<ul>\n<li>Fabricado em Poliestireno de Alto Impacto<\/li>\n<li>Resistente a fortes quedas<\/li>\n<li>Presilhas que permitem f\u00e1cil e r\u00e1pida fixa\u00e7\u00e3o da lixa<\/li>\n<\/ul>\n","protected":false},"featured_media":659,"comment_status":"open","ping_status":"closed","template":"","meta":[],"product_cat":[58],"product_tag":[224,176,223],"class_list":{"0":"post-658","1":"product","2":"type-product","3":"status-publish","4":"has-post-thumbnail","5":"hentry","6":"product_cat-acessorios-e-ferramentas","7":"product_tag-lixador-manual-medio-c-alca-presilha-e-conexao","8":"product_tag-purplex","9":"product_tag-ref-011","11":"entry","12":"has-media","13":"owp-thumbs-layout-horizontal","14":"owp-btn-normal","15":"owp-tabs-layout-horizontal","16":"has-product-nav"},"_links":{"self":[{"href":"https:\/\/tintascuritiba.com.br\/index.php\/wp-json\/wp\/v2\/product\/658","targetHints":{"allow":["GET"]}}],"collection":[{"href":"https:\/\/tintascuritiba.com.br\/index.php\/wp-json\/wp\/v2\/product"}],"about":[{"href":"https:\/\/tintascuritiba.com.br\/index.php\/wp-json\/wp\/v2\/types\/product"}],"replies":[{"embeddable":true,"href":"https:\/\/tintascuritiba.com.br\/index.php\/wp-json\/wp\/v2\/comments?post=658"}],"wp:featuredmedia":[{"embeddable":true,"href":"https:\/\/tintascuritiba.com.br\/index.php\/wp-json\/wp\/v2\/media\/659"}],"wp:attachment":[{"href":"https:\/\/tintascuritiba.com.br\/index.php\/wp-json\/wp\/v2\/media?parent=658"}],"wp:term":[{"taxonomy":"product_cat","embeddable":true,"href":"https:\/\/tintascuritiba.com.br\/index.php\/wp-json\/wp\/v2\/product_cat?post=658"},{"taxonomy":"product_tag","embeddable":true,"href":"https:\/\/tintascuritiba.com.br\/index.php\/wp-json\/wp\/v2\/product_tag?post=658"}],"curies":[{"name":"wp","href":"https:\/\/api.w.org\/{rel}","templated":true}]}}