{"id":655,"date":"2022-12-01T15:56:07","date_gmt":"2022-12-01T18:56:07","guid":{"rendered":"https:\/\/tintascuritiba.com.br\/?post_type=product&#038;p=655"},"modified":"2022-12-01T15:56:07","modified_gmt":"2022-12-01T18:56:07","slug":"purplex-lixador-manual-medio-c-alca-presilha-ref-087","status":"publish","type":"product","link":"https:\/\/tintascuritiba.com.br\/index.php\/produto\/purplex-lixador-manual-medio-c-alca-presilha-ref-087\/","title":{"rendered":"PURPLEX Lixador Manual &#8220;M\u00e9dio&#8221; C\/ Al\u00e7a\/Presilha Ref.: 087"},"content":{"rendered":"<div id=\"descricao\">\n<ul>\n<li>Fabricado em Poliestireno de Alto Impacto \u00e9 resistente a fortes quedas.<\/li>\n<li>Possui base de EVA emborrachado e macio para o perfeito acabamento.<\/li>\n<li>Presilhas que permitem f\u00e1cil e r\u00e1pida fixa\u00e7\u00e3o da lixa<\/li>\n<\/ul>\n<\/div>\n<div id=\"detalhes\">\n<p>Tamanho: 110 x 230mm<\/p>\n<p><strong>Recomenda\u00e7\u00f5es de Uso:<\/strong>\u00a0Deve ser usado com 1\/2 folha de lixa de qualquer marca ou gr\u00e3o. Dividir a folha ao meio no seu comprimento e utilizar uma parte de cada vez. Ideal para lixamento de massa corrida e gesso. Muito leve e pr\u00e1tica troca de lixa atrav\u00e9s das presilhas. Mais produtividade e acabamento na sua pintura.<\/p>\n<\/div>\n<p>Aproveitamento completo da lixa e sem desperd\u00edcios. Alta produtividade, especialmente em grandes superf\u00edcies, com menor esfor\u00e7o f\u00edsico.<\/p>\n","protected":false},"excerpt":{"rendered":"<ul>\n<li>Fabricado em Poliestireno de Alto Impacto \u00e9 resistente a fortes quedas.<\/li>\n<li>Possui base de EVA emborrachado e macio para o perfeito acabamento.<\/li>\n<li>Presilhas que permitem f\u00e1cil e r\u00e1pida fixa\u00e7\u00e3o da lixa<\/li>\n<\/ul>\n","protected":false},"featured_media":656,"comment_status":"open","ping_status":"closed","template":"","meta":[],"product_cat":[58],"product_tag":[222,176,221],"class_list":{"0":"post-655","1":"product","2":"type-product","3":"status-publish","4":"has-post-thumbnail","5":"hentry","6":"product_cat-acessorios-e-ferramentas","7":"product_tag-lixador-manual-medio-c-alca-presilha","8":"product_tag-purplex","9":"product_tag-ref-087","11":"entry","12":"has-media","13":"owp-thumbs-layout-horizontal","14":"owp-btn-normal","15":"owp-tabs-layout-horizontal","16":"has-product-nav"},"_links":{"self":[{"href":"https:\/\/tintascuritiba.com.br\/index.php\/wp-json\/wp\/v2\/product\/655","targetHints":{"allow":["GET"]}}],"collection":[{"href":"https:\/\/tintascuritiba.com.br\/index.php\/wp-json\/wp\/v2\/product"}],"about":[{"href":"https:\/\/tintascuritiba.com.br\/index.php\/wp-json\/wp\/v2\/types\/product"}],"replies":[{"embeddable":true,"href":"https:\/\/tintascuritiba.com.br\/index.php\/wp-json\/wp\/v2\/comments?post=655"}],"wp:featuredmedia":[{"embeddable":true,"href":"https:\/\/tintascuritiba.com.br\/index.php\/wp-json\/wp\/v2\/media\/656"}],"wp:attachment":[{"href":"https:\/\/tintascuritiba.com.br\/index.php\/wp-json\/wp\/v2\/media?parent=655"}],"wp:term":[{"taxonomy":"product_cat","embeddable":true,"href":"https:\/\/tintascuritiba.com.br\/index.php\/wp-json\/wp\/v2\/product_cat?post=655"},{"taxonomy":"product_tag","embeddable":true,"href":"https:\/\/tintascuritiba.com.br\/index.php\/wp-json\/wp\/v2\/product_tag?post=655"}],"curies":[{"name":"wp","href":"https:\/\/api.w.org\/{rel}","templated":true}]}}