{"id":652,"date":"2022-12-01T15:52:03","date_gmt":"2022-12-01T18:52:03","guid":{"rendered":"https:\/\/tintascuritiba.com.br\/?post_type=product&#038;p=652"},"modified":"2022-12-01T15:52:04","modified_gmt":"2022-12-01T18:52:04","slug":"purplex-lixador-manual-grande-c-presilhas-ref-001","status":"publish","type":"product","link":"https:\/\/tintascuritiba.com.br\/index.php\/produto\/purplex-lixador-manual-grande-c-presilhas-ref-001\/","title":{"rendered":"PURPLEX Lixador Manual &#8220;Grande&#8221; C\/ Presilhas Ref.: 001"},"content":{"rendered":"<ul>\n<li>Aumento na produtividade<\/li>\n<li>Economia no consumo de lixa<\/li>\n<li>M\u00e1xima qualidade no acabamento<\/li>\n<\/ul>\n<p>Tamanho: 105 x 243mm<\/p>\n<p><strong>Recomenda\u00e7\u00f5es de Uso:<\/strong>\u00a0Aproveitamento m\u00e1ximo da lixa ( 1\/2 folha de lixa ), ferramenta ergon\u00f4mica,<br \/>\nEncaixa na m\u00e3o com presilhas resistentes,\u00a0Empunhadura ergon\u00f4mica, dur\u00e1veis, simplicidade de uso,<\/p>\n<p>Presilhas que facilitam a fixa\u00e7\u00e3o r\u00e1pida da lixa, base com EVA plana, resistente a quedas,<\/p>\n<p><strong>*\u00a0<\/strong>Indicado para uso automotivo.<\/p>\n","protected":false},"excerpt":{"rendered":"<ul>\n<li>Aumento na produtividade<\/li>\n<li>Economia no consumo de lixa<\/li>\n<li>M\u00e1xima qualidade no acabamento<\/li>\n<\/ul>\n","protected":false},"featured_media":653,"comment_status":"open","ping_status":"closed","template":"","meta":[],"product_cat":[58],"product_tag":[220,176,219],"class_list":{"0":"post-652","1":"product","2":"type-product","3":"status-publish","4":"has-post-thumbnail","5":"hentry","6":"product_cat-acessorios-e-ferramentas","7":"product_tag-lixador-manual-grande-c-presilhas","8":"product_tag-purplex","9":"product_tag-ref-001","11":"entry","12":"has-media","13":"owp-thumbs-layout-horizontal","14":"owp-btn-normal","15":"owp-tabs-layout-horizontal","16":"has-product-nav"},"_links":{"self":[{"href":"https:\/\/tintascuritiba.com.br\/index.php\/wp-json\/wp\/v2\/product\/652","targetHints":{"allow":["GET"]}}],"collection":[{"href":"https:\/\/tintascuritiba.com.br\/index.php\/wp-json\/wp\/v2\/product"}],"about":[{"href":"https:\/\/tintascuritiba.com.br\/index.php\/wp-json\/wp\/v2\/types\/product"}],"replies":[{"embeddable":true,"href":"https:\/\/tintascuritiba.com.br\/index.php\/wp-json\/wp\/v2\/comments?post=652"}],"wp:featuredmedia":[{"embeddable":true,"href":"https:\/\/tintascuritiba.com.br\/index.php\/wp-json\/wp\/v2\/media\/653"}],"wp:attachment":[{"href":"https:\/\/tintascuritiba.com.br\/index.php\/wp-json\/wp\/v2\/media?parent=652"}],"wp:term":[{"taxonomy":"product_cat","embeddable":true,"href":"https:\/\/tintascuritiba.com.br\/index.php\/wp-json\/wp\/v2\/product_cat?post=652"},{"taxonomy":"product_tag","embeddable":true,"href":"https:\/\/tintascuritiba.com.br\/index.php\/wp-json\/wp\/v2\/product_tag?post=652"}],"curies":[{"name":"wp","href":"https:\/\/api.w.org\/{rel}","templated":true}]}}