{"id":647,"date":"2022-12-01T15:23:21","date_gmt":"2022-12-01T18:23:21","guid":{"rendered":"https:\/\/tintascuritiba.com.br\/?post_type=product&#038;p=647"},"modified":"2022-12-01T15:23:22","modified_gmt":"2022-12-01T18:23:22","slug":"purplex-desempenadeira-rigida-p-textura-ref-131","status":"publish","type":"product","link":"https:\/\/tintascuritiba.com.br\/index.php\/produto\/purplex-desempenadeira-rigida-p-textura-ref-131\/","title":{"rendered":"PURPLEX Desempenadeira R\u00edgida P\/ Textura Ref.: 131"},"content":{"rendered":"<div>\n<blockquote>\n<ul>\n<li>Fabricado em poliestireno de alto impacto, plana e resistente<\/li>\n<li>Possui cabo anat\u00f4mico e sua face superior \u00e9 lisa<\/li>\n<\/ul>\n<\/blockquote>\n<\/div>\n<div id=\"detalhes\">\n<p>Tamanho: 150 x 280mm<\/p>\n<p><strong>Recomenda\u00e7\u00f5es de Uso:<\/strong>\u00a0Ideal para aplica\u00e7\u00e3o de massa textura de qualquer tipo ou marca e para quaisquer tipo de efeito decorativo ou desenho. N\u00e3o permitindo o acumulo de res\u00edduos e facilitando a limpeza, mantendo-a sempre leve. Chanfrada nas extremidades proporcionando qualquer efeito e atingindo lugares de dif\u00edcil acesso.<\/p>\n<\/div>\n","protected":false},"excerpt":{"rendered":"<ul>\n<li>Fabricado em poliestireno de alto impacto, plana e resistente<\/li>\n<li>Possui cabo anat\u00f4mico e sua face superior \u00e9 lisa<\/li>\n<\/ul>\n","protected":false},"featured_media":648,"comment_status":"open","ping_status":"closed","template":"","meta":[],"product_cat":[58],"product_tag":[218,176,217],"class_list":{"0":"post-647","1":"product","2":"type-product","3":"status-publish","4":"has-post-thumbnail","5":"hentry","6":"product_cat-acessorios-e-ferramentas","7":"product_tag-desempenadeira-rigida-p-textura","8":"product_tag-purplex","9":"product_tag-ref-131","11":"entry","12":"has-media","13":"owp-thumbs-layout-horizontal","14":"owp-btn-normal","15":"owp-tabs-layout-horizontal","16":"has-product-nav"},"_links":{"self":[{"href":"https:\/\/tintascuritiba.com.br\/index.php\/wp-json\/wp\/v2\/product\/647","targetHints":{"allow":["GET"]}}],"collection":[{"href":"https:\/\/tintascuritiba.com.br\/index.php\/wp-json\/wp\/v2\/product"}],"about":[{"href":"https:\/\/tintascuritiba.com.br\/index.php\/wp-json\/wp\/v2\/types\/product"}],"replies":[{"embeddable":true,"href":"https:\/\/tintascuritiba.com.br\/index.php\/wp-json\/wp\/v2\/comments?post=647"}],"wp:featuredmedia":[{"embeddable":true,"href":"https:\/\/tintascuritiba.com.br\/index.php\/wp-json\/wp\/v2\/media\/648"}],"wp:attachment":[{"href":"https:\/\/tintascuritiba.com.br\/index.php\/wp-json\/wp\/v2\/media?parent=647"}],"wp:term":[{"taxonomy":"product_cat","embeddable":true,"href":"https:\/\/tintascuritiba.com.br\/index.php\/wp-json\/wp\/v2\/product_cat?post=647"},{"taxonomy":"product_tag","embeddable":true,"href":"https:\/\/tintascuritiba.com.br\/index.php\/wp-json\/wp\/v2\/product_tag?post=647"}],"curies":[{"name":"wp","href":"https:\/\/api.w.org\/{rel}","templated":true}]}}