{"id":625,"date":"2022-12-01T14:31:27","date_gmt":"2022-12-01T17:31:27","guid":{"rendered":"https:\/\/tintascuritiba.com.br\/?post_type=product&#038;p=625"},"modified":"2022-12-01T14:31:28","modified_gmt":"2022-12-01T17:31:28","slug":"purplex-bandeja-c-cabo-p-rolo-de-ate-9cm-ref-046","status":"publish","type":"product","link":"https:\/\/tintascuritiba.com.br\/index.php\/produto\/purplex-bandeja-c-cabo-p-rolo-de-ate-9cm-ref-046\/","title":{"rendered":"PURPLEX Bandeja C\/ Cabo P\/ Rolo de At\u00e9 9cm Ref.: 046"},"content":{"rendered":"<ul>\n<li>Praticidade, conforto, produtividade e f\u00e1cil manuseio<\/li>\n<li>Resistente ao solvente ou thinner<\/li>\n<li>Exclusivo cabo lateral para segurar a bandeja com a tinta enquanto est\u00e1 pintando<\/li>\n<\/ul>\n<div id=\"detalhes\">\n<p>&nbsp;<\/p>\n<p><strong>Recomenda\u00e7\u00f5es de Uso:<\/strong>\u00a0Ideal para uso profissional. Ajuda a evitar a fadiga causada pelo movimento repetitivo de &#8220;abaixa\/levanta&#8221; para abastecer o rolo ou pincel. Tamb\u00e9m recomendado para artes\u00f5es e artistas pl\u00e1sticos.<\/p>\n<\/div>\n","protected":false},"excerpt":{"rendered":"<ul>\n<li>Praticidade, conforto, produtividade e f\u00e1cil manuseio<\/li>\n<li>Resistente ao solvente ou thinner<\/li>\n<li>Exclusivo cabo lateral para segurar a bandeja com a tinta enquanto est\u00e1 pintando<\/li>\n<\/ul>\n","protected":false},"featured_media":626,"comment_status":"open","ping_status":"closed","template":"","meta":[],"product_cat":[58],"product_tag":[204,176,203],"class_list":{"0":"post-625","1":"product","2":"type-product","3":"status-publish","4":"has-post-thumbnail","5":"hentry","6":"product_cat-acessorios-e-ferramentas","7":"product_tag-bandeja-c-cabo-p-rolo-de-ate-9cm","8":"product_tag-purplex","9":"product_tag-ref-046","11":"entry","12":"has-media","13":"owp-thumbs-layout-horizontal","14":"owp-btn-normal","15":"owp-tabs-layout-horizontal","16":"has-product-nav"},"_links":{"self":[{"href":"https:\/\/tintascuritiba.com.br\/index.php\/wp-json\/wp\/v2\/product\/625","targetHints":{"allow":["GET"]}}],"collection":[{"href":"https:\/\/tintascuritiba.com.br\/index.php\/wp-json\/wp\/v2\/product"}],"about":[{"href":"https:\/\/tintascuritiba.com.br\/index.php\/wp-json\/wp\/v2\/types\/product"}],"replies":[{"embeddable":true,"href":"https:\/\/tintascuritiba.com.br\/index.php\/wp-json\/wp\/v2\/comments?post=625"}],"wp:featuredmedia":[{"embeddable":true,"href":"https:\/\/tintascuritiba.com.br\/index.php\/wp-json\/wp\/v2\/media\/626"}],"wp:attachment":[{"href":"https:\/\/tintascuritiba.com.br\/index.php\/wp-json\/wp\/v2\/media?parent=625"}],"wp:term":[{"taxonomy":"product_cat","embeddable":true,"href":"https:\/\/tintascuritiba.com.br\/index.php\/wp-json\/wp\/v2\/product_cat?post=625"},{"taxonomy":"product_tag","embeddable":true,"href":"https:\/\/tintascuritiba.com.br\/index.php\/wp-json\/wp\/v2\/product_tag?post=625"}],"curies":[{"name":"wp","href":"https:\/\/api.w.org\/{rel}","templated":true}]}}