{"id":616,"date":"2022-11-30T17:26:08","date_gmt":"2022-11-30T20:26:08","guid":{"rendered":"https:\/\/tintascuritiba.com.br\/?post_type=product&#038;p=616"},"modified":"2022-11-30T17:26:08","modified_gmt":"2022-11-30T20:26:08","slug":"purplex-engate-rapido-er-767-schweers-ref-052","status":"publish","type":"product","link":"https:\/\/tintascuritiba.com.br\/index.php\/produto\/purplex-engate-rapido-er-767-schweers-ref-052\/","title":{"rendered":"PURPLEX Engate r\u00e1pido Er 767 schweers ref.: 052"},"content":{"rendered":"<p>Engate R\u00e1pido 1\/4 Rosca F\u00eamea 1\/4 Er 767 F 1\/4 Schweers<\/p>\n<p>Os engates-r\u00e1pidos schweers (tipo Orion) s\u00e3o utilizados nas mais variadas opera\u00e7\u00f5es de transfer\u00eancia de ar, gases ou l\u00edquidos. S\u00e3o utilizados em sistemas de ar-comprimido, equipamentos de pintura e lubrifica\u00e7\u00e3o, bicos para encher pneus, pulverizadores, rodo calibradores, ferramentas pneum\u00e1ticas, linhas de ar-comprimido, etc.<\/p>\n<p>Especifica\u00e7\u00f5es t\u00e9cnicas:<\/p>\n<p>&#8211; Di\u00e2metro interno: 1\/4&#8243;<br \/>\n&#8211; Veda\u00e7\u00e3o: Borracha Nitr\u00edlica<br \/>\n&#8211; Peso: 115 g<br \/>\n&#8211; Molas: a\u00e7o din 17223\/64C<br \/>\n&#8211; Press\u00e3o m\u00e1x. trabalho: 250 lbs\/ pol2\/ 16bar<br \/>\n&#8211; Componentes: a\u00e7o \/ zamac<br \/>\n&#8211; Vaz\u00e3o: 0,96 Nm3\/min. (6 kgf\/cm\u00b2 press. )<br \/>\n&#8211; Temp. trabalho: &#8211; 20\/ + 100\u00b0<br \/>\n&#8211; Rosca: F\u00eamea 1\/4&#8243;<br \/>\nCodigo do fornecedor: er 767 F 1\/4<\/p>\n","protected":false},"excerpt":{"rendered":"<p>Os engates-r\u00e1pidos schweers (tipo Orion) s\u00e3o utilizados nas mais variadas opera\u00e7\u00f5es de transfer\u00eancia de ar, gases ou l\u00edquidos. S\u00e3o utilizados em sistemas de ar-comprimido, equipamentos de pintura e lubrifica\u00e7\u00e3o, bicos para encher pneus, pulverizadores, rodo calibradores, ferramentas pneum\u00e1ticas, linhas de ar-comprimido, etc.<\/p>\n","protected":false},"featured_media":617,"comment_status":"open","ping_status":"closed","template":"","meta":[],"product_cat":[58],"product_tag":[200,176,199],"class_list":{"0":"post-616","1":"product","2":"type-product","3":"status-publish","4":"has-post-thumbnail","5":"hentry","6":"product_cat-acessorios-e-ferramentas","7":"product_tag-engate-rapido-er-767-schweers","8":"product_tag-purplex","9":"product_tag-ref-052","11":"entry","12":"has-media","13":"owp-thumbs-layout-horizontal","14":"owp-btn-normal","15":"owp-tabs-layout-horizontal","16":"has-no-thumbnails","17":"has-product-nav"},"_links":{"self":[{"href":"https:\/\/tintascuritiba.com.br\/index.php\/wp-json\/wp\/v2\/product\/616","targetHints":{"allow":["GET"]}}],"collection":[{"href":"https:\/\/tintascuritiba.com.br\/index.php\/wp-json\/wp\/v2\/product"}],"about":[{"href":"https:\/\/tintascuritiba.com.br\/index.php\/wp-json\/wp\/v2\/types\/product"}],"replies":[{"embeddable":true,"href":"https:\/\/tintascuritiba.com.br\/index.php\/wp-json\/wp\/v2\/comments?post=616"}],"wp:featuredmedia":[{"embeddable":true,"href":"https:\/\/tintascuritiba.com.br\/index.php\/wp-json\/wp\/v2\/media\/617"}],"wp:attachment":[{"href":"https:\/\/tintascuritiba.com.br\/index.php\/wp-json\/wp\/v2\/media?parent=616"}],"wp:term":[{"taxonomy":"product_cat","embeddable":true,"href":"https:\/\/tintascuritiba.com.br\/index.php\/wp-json\/wp\/v2\/product_cat?post=616"},{"taxonomy":"product_tag","embeddable":true,"href":"https:\/\/tintascuritiba.com.br\/index.php\/wp-json\/wp\/v2\/product_tag?post=616"}],"curies":[{"name":"wp","href":"https:\/\/api.w.org\/{rel}","templated":true}]}}