{"id":604,"date":"2022-11-30T16:25:25","date_gmt":"2022-11-30T19:25:25","guid":{"rendered":"https:\/\/tintascuritiba.com.br\/?post_type=product&#038;p=604"},"modified":"2022-11-30T16:25:25","modified_gmt":"2022-11-30T19:25:25","slug":"purplex-espatula-limpa-facil-lamb-lamb-ref-023","status":"publish","type":"product","link":"https:\/\/tintascuritiba.com.br\/index.php\/produto\/purplex-espatula-limpa-facil-lamb-lamb-ref-023\/","title":{"rendered":"PURPLEX Esp\u00e1tula Limpa F\u00e1cil (Lamb-Lamb) Ref.: 023"},"content":{"rendered":"<div>\n<ul>\n<li>Constru\u00eddo com arame de a\u00e7o zincado, ponteira de chapa de 1,5mm<\/li>\n<li>PVC flex\u00edvel resistente ao solvente ou thinner<\/li>\n<\/ul>\n<\/div>\n<div id=\"detalhes\">\n<p>&nbsp;<\/p>\n<p>Tamanho: 280mm<\/p>\n<p><strong>Recomenda\u00e7\u00f5es de Uso:<\/strong>\u00a0Ideal para limpeza de latas de tinta, primers ou massas. Pode permanecer por longo per\u00edodo imerso no thinner ou solvente sem sofrer altera\u00e7\u00f5es.<\/p>\n<\/div>\n","protected":false},"excerpt":{"rendered":"<ul>\n<li>Constru\u00eddo com arame de a\u00e7o zincado, ponteira de chapa de 1,5mm<\/li>\n<li>PVC flex\u00edvel resistente ao solvente ou thinner<\/li>\n<\/ul>\n","protected":false},"featured_media":605,"comment_status":"open","ping_status":"closed","template":"","meta":[],"product_cat":[58],"product_tag":[192,176,191],"class_list":{"0":"post-604","1":"product","2":"type-product","3":"status-publish","4":"has-post-thumbnail","5":"hentry","6":"product_cat-acessorios-e-ferramentas","7":"product_tag-espatula-limpa-facil-lamb-lamb","8":"product_tag-purplex","9":"product_tag-ref-023","11":"entry","12":"has-media","13":"owp-thumbs-layout-horizontal","14":"owp-btn-normal","15":"owp-tabs-layout-horizontal","16":"has-product-nav"},"_links":{"self":[{"href":"https:\/\/tintascuritiba.com.br\/index.php\/wp-json\/wp\/v2\/product\/604","targetHints":{"allow":["GET"]}}],"collection":[{"href":"https:\/\/tintascuritiba.com.br\/index.php\/wp-json\/wp\/v2\/product"}],"about":[{"href":"https:\/\/tintascuritiba.com.br\/index.php\/wp-json\/wp\/v2\/types\/product"}],"replies":[{"embeddable":true,"href":"https:\/\/tintascuritiba.com.br\/index.php\/wp-json\/wp\/v2\/comments?post=604"}],"wp:featuredmedia":[{"embeddable":true,"href":"https:\/\/tintascuritiba.com.br\/index.php\/wp-json\/wp\/v2\/media\/605"}],"wp:attachment":[{"href":"https:\/\/tintascuritiba.com.br\/index.php\/wp-json\/wp\/v2\/media?parent=604"}],"wp:term":[{"taxonomy":"product_cat","embeddable":true,"href":"https:\/\/tintascuritiba.com.br\/index.php\/wp-json\/wp\/v2\/product_cat?post=604"},{"taxonomy":"product_tag","embeddable":true,"href":"https:\/\/tintascuritiba.com.br\/index.php\/wp-json\/wp\/v2\/product_tag?post=604"}],"curies":[{"name":"wp","href":"https:\/\/api.w.org\/{rel}","templated":true}]}}