{"id":596,"date":"2022-11-30T16:15:21","date_gmt":"2022-11-30T19:15:21","guid":{"rendered":"https:\/\/tintascuritiba.com.br\/?post_type=product&#038;p=596"},"modified":"2022-11-30T16:15:22","modified_gmt":"2022-11-30T19:15:22","slug":"purplex-misturador-plastico-p-balde-18-litros-ref-185","status":"publish","type":"product","link":"https:\/\/tintascuritiba.com.br\/index.php\/produto\/purplex-misturador-plastico-p-balde-18-litros-ref-185\/","title":{"rendered":"PURPLEX Misturador Pl\u00e1stico P\/ Balde &#8220;18 Litros&#8221; Ref.: 185"},"content":{"rendered":"<ul>\n<li>Misturador de tintas para\u00a0balde de uso profissional,<\/li>\n<li>N\u00e3o altera a pigmenta\u00e7\u00e3o da tinta<\/li>\n<li>De f\u00e1cil limpeza<\/li>\n<\/ul>\n<p>&nbsp;<\/p>\n<p><b>Recomenda\u00e7\u00f5es de Uso:\u00a0<\/b>Especialmente desenvolvido\u00a0para usos em solvente.<\/p>\n","protected":false},"excerpt":{"rendered":"<ul>\n<li>Misturador de tintas para\u00a0balde de uso profissional,<\/li>\n<li>N\u00e3o altera a pigmenta\u00e7\u00e3o da tinta<\/li>\n<li>De f\u00e1cil limpeza<\/li>\n<\/ul>\n<p>&nbsp;<\/p>\n","protected":false},"featured_media":597,"comment_status":"open","ping_status":"closed","template":"","meta":[],"product_cat":[58],"product_tag":[188,176,187],"class_list":{"0":"post-596","1":"product","2":"type-product","3":"status-publish","4":"has-post-thumbnail","5":"hentry","6":"product_cat-acessorios-e-ferramentas","7":"product_tag-misturador-plastico-p-balde-18-litros","8":"product_tag-purplex","9":"product_tag-ref-185","11":"entry","12":"has-media","13":"owp-thumbs-layout-horizontal","14":"owp-btn-normal","15":"owp-tabs-layout-horizontal","16":"has-product-nav"},"_links":{"self":[{"href":"https:\/\/tintascuritiba.com.br\/index.php\/wp-json\/wp\/v2\/product\/596","targetHints":{"allow":["GET"]}}],"collection":[{"href":"https:\/\/tintascuritiba.com.br\/index.php\/wp-json\/wp\/v2\/product"}],"about":[{"href":"https:\/\/tintascuritiba.com.br\/index.php\/wp-json\/wp\/v2\/types\/product"}],"replies":[{"embeddable":true,"href":"https:\/\/tintascuritiba.com.br\/index.php\/wp-json\/wp\/v2\/comments?post=596"}],"wp:featuredmedia":[{"embeddable":true,"href":"https:\/\/tintascuritiba.com.br\/index.php\/wp-json\/wp\/v2\/media\/597"}],"wp:attachment":[{"href":"https:\/\/tintascuritiba.com.br\/index.php\/wp-json\/wp\/v2\/media?parent=596"}],"wp:term":[{"taxonomy":"product_cat","embeddable":true,"href":"https:\/\/tintascuritiba.com.br\/index.php\/wp-json\/wp\/v2\/product_cat?post=596"},{"taxonomy":"product_tag","embeddable":true,"href":"https:\/\/tintascuritiba.com.br\/index.php\/wp-json\/wp\/v2\/product_tag?post=596"}],"curies":[{"name":"wp","href":"https:\/\/api.w.org\/{rel}","templated":true}]}}