{"id":590,"date":"2022-11-30T10:59:31","date_gmt":"2022-11-30T13:59:31","guid":{"rendered":"https:\/\/tintascuritiba.com.br\/?post_type=product&#038;p=590"},"modified":"2022-11-30T10:59:31","modified_gmt":"2022-11-30T13:59:31","slug":"purplex-pistola-p-aplicacao-spray-ref-132","status":"publish","type":"product","link":"https:\/\/tintascuritiba.com.br\/index.php\/produto\/purplex-pistola-p-aplicacao-spray-ref-132\/","title":{"rendered":"PURPLEX Pistola P\/ Aplica\u00e7\u00e3o Spray Ref.: 132"},"content":{"rendered":"<ul>\n<li>Fabricada em polietileno de alta densidade<\/li>\n<li>Leve e resistente ao solvente ou thinner<\/li>\n<li>Alta Produtividade<\/li>\n<\/ul>\n<p><span class=\"s1\"><strong>Recomenda\u00e7\u00f5es de Uso: <\/strong>Para acabar de vez com a fadiga no uso de latas de spray,\u00a0<\/span><span class=\"s1\">nos dedos e m\u00e3os causadas pela press\u00e3o das v\u00e1lvulas.<\/span><br \/>\n<span class=\"s1\">Evita o contato do produto com a pele, muito mais pr\u00e1tico e preciso para o uso.<\/span><br \/>\n<span class=\"s1\">Desenho ergon\u00f4mico, m<\/span><span class=\"s1\">aior rendimento, com controle de velocidade do spray<\/span><br \/>\n<span class=\"s1\">Qualidade com melhor precis\u00e3o na dire\u00e7\u00e3o do spray<\/span><\/p>\n<p><span class=\"s1\"><strong>*<\/strong>Uso em diversos tipos de produtos, tintas, solventes, Inseticidas&#8230;<\/span><\/p>\n","protected":false},"excerpt":{"rendered":"<ul>\n<li>Fabricada em polietileno de alta densidade<\/li>\n<li>Leve e resistente ao solvente ou thinner<\/li>\n<li>Alta Produtividade<\/li>\n<\/ul>\n","protected":false},"featured_media":591,"comment_status":"open","ping_status":"closed","template":"","meta":[],"product_cat":[58],"product_tag":[185,176,186],"class_list":{"0":"post-590","1":"product","2":"type-product","3":"status-publish","4":"has-post-thumbnail","5":"hentry","6":"product_cat-acessorios-e-ferramentas","7":"product_tag-pistola-p-aplicacao-spray","8":"product_tag-purplex","9":"product_tag-ref-132","11":"entry","12":"has-media","13":"owp-thumbs-layout-horizontal","14":"owp-btn-normal","15":"owp-tabs-layout-horizontal","16":"has-product-nav"},"_links":{"self":[{"href":"https:\/\/tintascuritiba.com.br\/index.php\/wp-json\/wp\/v2\/product\/590","targetHints":{"allow":["GET"]}}],"collection":[{"href":"https:\/\/tintascuritiba.com.br\/index.php\/wp-json\/wp\/v2\/product"}],"about":[{"href":"https:\/\/tintascuritiba.com.br\/index.php\/wp-json\/wp\/v2\/types\/product"}],"replies":[{"embeddable":true,"href":"https:\/\/tintascuritiba.com.br\/index.php\/wp-json\/wp\/v2\/comments?post=590"}],"wp:featuredmedia":[{"embeddable":true,"href":"https:\/\/tintascuritiba.com.br\/index.php\/wp-json\/wp\/v2\/media\/591"}],"wp:attachment":[{"href":"https:\/\/tintascuritiba.com.br\/index.php\/wp-json\/wp\/v2\/media?parent=590"}],"wp:term":[{"taxonomy":"product_cat","embeddable":true,"href":"https:\/\/tintascuritiba.com.br\/index.php\/wp-json\/wp\/v2\/product_cat?post=590"},{"taxonomy":"product_tag","embeddable":true,"href":"https:\/\/tintascuritiba.com.br\/index.php\/wp-json\/wp\/v2\/product_tag?post=590"}],"curies":[{"name":"wp","href":"https:\/\/api.w.org\/{rel}","templated":true}]}}