{"id":585,"date":"2022-11-29T17:05:16","date_gmt":"2022-11-29T20:05:16","guid":{"rendered":"https:\/\/tintascuritiba.com.br\/?post_type=product&#038;p=585"},"modified":"2022-11-29T17:05:16","modified_gmt":"2022-11-29T20:05:16","slug":"purplex-regua-misturador-com-escala-25cm-ref-014","status":"publish","type":"product","link":"https:\/\/tintascuritiba.com.br\/index.php\/produto\/purplex-regua-misturador-com-escala-25cm-ref-014\/","title":{"rendered":"Purplex R\u00e9gua Misturador com Escala 25cm Ref.: 014"},"content":{"rendered":"<div id=\"descricao\">\n<ul>\n<li>Fabricado em polietileno de alta densidade com escala em cent\u00edmetros em uma das faces. Tamb\u00e9m possui em uma das extremidades uma ponta de a\u00e7o para abrir latas<\/li>\n<li>Resistente a solvente ou thinner.<\/li>\n<\/ul>\n<\/div>\n<p>Tamanho: 25 x 345mm<strong><br \/>\n<\/strong><\/p>\n<p><strong>Recomenda\u00e7\u00f5es de Uso:<\/strong>\u00a0Ideal para homogenizar tintas de qualquer natureza e especialmente na catalize de produtos bi-componentes automotivos, porque sua escala em cm facilita no preparo exato da quantidade de cada componente. A ponteira de a\u00e7o em uma de suas extremidades ajuda facilitando na abertura da lata.<\/p>\n","protected":false},"excerpt":{"rendered":"<ul>\n<li>Fabricado em polietileno de alta densidade com escala em cent\u00edmetros em uma das faces. Tamb\u00e9m possui em uma das extremidades uma ponta de a\u00e7o para abrir latas<\/li>\n<li>Resistente a solvente ou thinner.<\/li>\n<\/ul>\n","protected":false},"featured_media":586,"comment_status":"open","ping_status":"closed","template":"","meta":[],"product_cat":[58],"product_tag":[184,176,183,182],"class_list":{"0":"post-585","1":"product","2":"type-product","3":"status-publish","4":"has-post-thumbnail","5":"hentry","6":"product_cat-acessorios-e-ferramentas","7":"product_tag-misturador","8":"product_tag-purplex","9":"product_tag-regua","10":"product_tag-regua-misturador-com-escala-25cm","12":"entry","13":"has-media","14":"owp-thumbs-layout-horizontal","15":"owp-btn-normal","16":"owp-tabs-layout-horizontal","17":"has-product-nav"},"_links":{"self":[{"href":"https:\/\/tintascuritiba.com.br\/index.php\/wp-json\/wp\/v2\/product\/585","targetHints":{"allow":["GET"]}}],"collection":[{"href":"https:\/\/tintascuritiba.com.br\/index.php\/wp-json\/wp\/v2\/product"}],"about":[{"href":"https:\/\/tintascuritiba.com.br\/index.php\/wp-json\/wp\/v2\/types\/product"}],"replies":[{"embeddable":true,"href":"https:\/\/tintascuritiba.com.br\/index.php\/wp-json\/wp\/v2\/comments?post=585"}],"wp:featuredmedia":[{"embeddable":true,"href":"https:\/\/tintascuritiba.com.br\/index.php\/wp-json\/wp\/v2\/media\/586"}],"wp:attachment":[{"href":"https:\/\/tintascuritiba.com.br\/index.php\/wp-json\/wp\/v2\/media?parent=585"}],"wp:term":[{"taxonomy":"product_cat","embeddable":true,"href":"https:\/\/tintascuritiba.com.br\/index.php\/wp-json\/wp\/v2\/product_cat?post=585"},{"taxonomy":"product_tag","embeddable":true,"href":"https:\/\/tintascuritiba.com.br\/index.php\/wp-json\/wp\/v2\/product_tag?post=585"}],"curies":[{"name":"wp","href":"https:\/\/api.w.org\/{rel}","templated":true}]}}