{"id":580,"date":"2022-11-29T16:59:51","date_gmt":"2022-11-29T19:59:51","guid":{"rendered":"https:\/\/tintascuritiba.com.br\/?post_type=product&#038;p=580"},"modified":"2022-11-29T16:59:51","modified_gmt":"2022-11-29T19:59:51","slug":"purplex-taco-lixador-manual-grande-de-borracha-ref-005","status":"publish","type":"product","link":"https:\/\/tintascuritiba.com.br\/index.php\/produto\/purplex-taco-lixador-manual-grande-de-borracha-ref-005\/","title":{"rendered":"PURPLEX Taco Lixador Manual &#8220;Grande&#8221; de Borracha Ref.: 005"},"content":{"rendered":"<ul>\n<li>Fabricado em borracha sint\u00e9tica, resistente<\/li>\n<li>Base plana<\/li>\n<li>Seu tamanho maior ajuda a melhorar o poder de nivelamento.<\/li>\n<\/ul>\n<div>Tamanho: 65 x 122mm<\/div>\n<div><\/div>\n<p><strong>Recomenda\u00e7\u00f5es de Uso:\u00a0<\/strong>S\u00e3o utilizados no nivelamento de massas e primers em opera\u00e7\u00f5es de repara\u00e7\u00e3o automotiva e em qualquer tipo ou sistema de lixamento.<br \/>\nDividir a folha de lixa, de qualquer marca ou gr\u00e3o, ao meio e depois cada peda\u00e7o novamente ao meio, totalizando 04 peda\u00e7os iguais, que devem ser usados um de cada vez.<\/p>\n","protected":false},"excerpt":{"rendered":"<p>S\u00e3o utilizados no nivelamento de massas e primers em opera\u00e7\u00f5es de repara\u00e7\u00e3o automotiva e em qualquer tipo ou sistema de lixamento.<\/p>\n","protected":false},"featured_media":582,"comment_status":"open","ping_status":"closed","template":"","meta":[],"product_cat":[58],"product_tag":[176,181,180],"class_list":{"0":"post-580","1":"product","2":"type-product","3":"status-publish","4":"has-post-thumbnail","5":"hentry","6":"product_cat-acessorios-e-ferramentas","7":"product_tag-purplex","8":"product_tag-taco","9":"product_tag-taco-lixador-manual-grande-de-borracha","11":"entry","12":"has-media","13":"owp-thumbs-layout-horizontal","14":"owp-btn-normal","15":"owp-tabs-layout-horizontal","16":"has-product-nav"},"_links":{"self":[{"href":"https:\/\/tintascuritiba.com.br\/index.php\/wp-json\/wp\/v2\/product\/580","targetHints":{"allow":["GET"]}}],"collection":[{"href":"https:\/\/tintascuritiba.com.br\/index.php\/wp-json\/wp\/v2\/product"}],"about":[{"href":"https:\/\/tintascuritiba.com.br\/index.php\/wp-json\/wp\/v2\/types\/product"}],"replies":[{"embeddable":true,"href":"https:\/\/tintascuritiba.com.br\/index.php\/wp-json\/wp\/v2\/comments?post=580"}],"wp:featuredmedia":[{"embeddable":true,"href":"https:\/\/tintascuritiba.com.br\/index.php\/wp-json\/wp\/v2\/media\/582"}],"wp:attachment":[{"href":"https:\/\/tintascuritiba.com.br\/index.php\/wp-json\/wp\/v2\/media?parent=580"}],"wp:term":[{"taxonomy":"product_cat","embeddable":true,"href":"https:\/\/tintascuritiba.com.br\/index.php\/wp-json\/wp\/v2\/product_cat?post=580"},{"taxonomy":"product_tag","embeddable":true,"href":"https:\/\/tintascuritiba.com.br\/index.php\/wp-json\/wp\/v2\/product_tag?post=580"}],"curies":[{"name":"wp","href":"https:\/\/api.w.org\/{rel}","templated":true}]}}