{"id":572,"date":"2022-11-29T16:51:04","date_gmt":"2022-11-29T19:51:04","guid":{"rendered":"https:\/\/tintascuritiba.com.br\/?post_type=product&#038;p=572"},"modified":"2022-11-29T16:51:04","modified_gmt":"2022-11-29T19:51:04","slug":"purplex-lixador-manual-p-grade-ref-012","status":"publish","type":"product","link":"https:\/\/tintascuritiba.com.br\/index.php\/produto\/purplex-lixador-manual-p-grade-ref-012\/","title":{"rendered":"Purplex Lixador Manual P\/ Grade Ref.: 012"},"content":{"rendered":"<div id=\"descricao\">\n<p>Desenvolvido e injetado em material altamente resistente e com \u00f3tima ergometria e maciez. Seu tamanho permite o uso da lixa de qualquer marca ou sistema com total aproveitamento. Alto rendimento com menor esfor\u00e7o f\u00edsico, eliminando o uso de fita nos dedos.<\/p>\n<\/div>\n<div id=\"detalhes\">\n<p>Tamanho: 125mm<\/p>\n<p><strong>Recomenda\u00e7\u00f5es de Uso:<\/strong>\u00a0Ideal para lixar grades de ferro ou madeira, redondas ou chatas, permitindo um melhor acabamento com menor esfor\u00e7o f\u00edsico e maior aproveitamento da lixa. A folha de lixa dever\u00e1 ser dividida ao meio pelo seu comprimento e depois cada peda\u00e7o ser dividido novamente ao meio, proporcionando assim, 04 fatias que devem ser usadas uma de cada vez.<\/p>\n<\/div>\n","protected":false},"excerpt":{"rendered":"<p>Desenvolvido e injetado em material altamente resistente e com \u00f3tima ergometria e maciez. Seu tamanho permite o uso da lixa de qualquer marca ou sistema com total aproveitamento. Alto rendimento com menor esfor\u00e7o f\u00edsico, eliminando o uso de fita nos dedos.<\/p>\n","protected":false},"featured_media":573,"comment_status":"open","ping_status":"closed","template":"","meta":[],"product_cat":[58],"product_tag":[178,176],"class_list":{"0":"post-572","1":"product","2":"type-product","3":"status-publish","4":"has-post-thumbnail","5":"hentry","6":"product_cat-acessorios-e-ferramentas","7":"product_tag-lixador-manual-p-grade","8":"product_tag-purplex","10":"entry","11":"has-media","12":"owp-thumbs-layout-horizontal","13":"owp-btn-normal","14":"owp-tabs-layout-horizontal","15":"has-product-nav"},"_links":{"self":[{"href":"https:\/\/tintascuritiba.com.br\/index.php\/wp-json\/wp\/v2\/product\/572","targetHints":{"allow":["GET"]}}],"collection":[{"href":"https:\/\/tintascuritiba.com.br\/index.php\/wp-json\/wp\/v2\/product"}],"about":[{"href":"https:\/\/tintascuritiba.com.br\/index.php\/wp-json\/wp\/v2\/types\/product"}],"replies":[{"embeddable":true,"href":"https:\/\/tintascuritiba.com.br\/index.php\/wp-json\/wp\/v2\/comments?post=572"}],"wp:featuredmedia":[{"embeddable":true,"href":"https:\/\/tintascuritiba.com.br\/index.php\/wp-json\/wp\/v2\/media\/573"}],"wp:attachment":[{"href":"https:\/\/tintascuritiba.com.br\/index.php\/wp-json\/wp\/v2\/media?parent=572"}],"wp:term":[{"taxonomy":"product_cat","embeddable":true,"href":"https:\/\/tintascuritiba.com.br\/index.php\/wp-json\/wp\/v2\/product_cat?post=572"},{"taxonomy":"product_tag","embeddable":true,"href":"https:\/\/tintascuritiba.com.br\/index.php\/wp-json\/wp\/v2\/product_tag?post=572"}],"curies":[{"name":"wp","href":"https:\/\/api.w.org\/{rel}","templated":true}]}}