{"id":565,"date":"2022-11-29T16:30:22","date_gmt":"2022-11-29T19:30:22","guid":{"rendered":"https:\/\/tintascuritiba.com.br\/?post_type=product&#038;p=565"},"modified":"2022-11-29T16:30:22","modified_gmt":"2022-11-29T19:30:22","slug":"pag-espatula-de-aco-carbono-servico-pesado","status":"publish","type":"product","link":"https:\/\/tintascuritiba.com.br\/index.php\/produto\/pag-espatula-de-aco-carbono-servico-pesado\/","title":{"rendered":"PAG Esp\u00e1tula de A\u00e7o Carbono Servi\u00e7o Pesado"},"content":{"rendered":"<p>Produzidas com a\u00e7o alto carbono, \u00a0de qualidade elevada e maior durabilidade, r\u00edgida, com cabo de madeira, mais resistente para melhor precis\u00e3o no raspar.<\/p>\n<p>&nbsp;<\/p>\n<h4>Indica\u00e7\u00e3o<\/h4>\n<p>Ideal para raspagens de tintas, cimento e outros res\u00edduos.<\/p>\n<p>&nbsp;<\/p>\n<h4>Tamanhos dispon\u00edveis<\/h4>\n<p>Dispon\u00edvel nos tamanhos 4 cm, 6 cm, 8 cm, 10 cm, 12 cm e 15 cm.<\/p>\n","protected":false},"excerpt":{"rendered":"<p>Produzidas com a\u00e7o alto carbono, \u00a0de qualidade elevada e maior durabilidade, r\u00edgida, com cabo de madeira, mais resistente para melhor precis\u00e3o no raspar.<\/p>\n","protected":false},"featured_media":566,"comment_status":"open","ping_status":"closed","template":"","meta":[],"product_cat":[58],"product_tag":[174,173,169,175],"class_list":{"0":"post-565","1":"product","2":"type-product","3":"status-publish","4":"has-post-thumbnail","5":"hentry","6":"product_cat-acessorios-e-ferramentas","7":"product_tag-cabo-de-madeira","8":"product_tag-espatula-de-aco-carbono","9":"product_tag-pag","10":"product_tag-servico-pesado","12":"entry","13":"has-media","14":"owp-thumbs-layout-horizontal","15":"owp-btn-normal","16":"owp-tabs-layout-horizontal","17":"has-no-thumbnails","18":"has-product-nav"},"_links":{"self":[{"href":"https:\/\/tintascuritiba.com.br\/index.php\/wp-json\/wp\/v2\/product\/565","targetHints":{"allow":["GET"]}}],"collection":[{"href":"https:\/\/tintascuritiba.com.br\/index.php\/wp-json\/wp\/v2\/product"}],"about":[{"href":"https:\/\/tintascuritiba.com.br\/index.php\/wp-json\/wp\/v2\/types\/product"}],"replies":[{"embeddable":true,"href":"https:\/\/tintascuritiba.com.br\/index.php\/wp-json\/wp\/v2\/comments?post=565"}],"wp:featuredmedia":[{"embeddable":true,"href":"https:\/\/tintascuritiba.com.br\/index.php\/wp-json\/wp\/v2\/media\/566"}],"wp:attachment":[{"href":"https:\/\/tintascuritiba.com.br\/index.php\/wp-json\/wp\/v2\/media?parent=565"}],"wp:term":[{"taxonomy":"product_cat","embeddable":true,"href":"https:\/\/tintascuritiba.com.br\/index.php\/wp-json\/wp\/v2\/product_cat?post=565"},{"taxonomy":"product_tag","embeddable":true,"href":"https:\/\/tintascuritiba.com.br\/index.php\/wp-json\/wp\/v2\/product_tag?post=565"}],"curies":[{"name":"wp","href":"https:\/\/api.w.org\/{rel}","templated":true}]}}