{"id":561,"date":"2022-11-29T16:18:54","date_gmt":"2022-11-29T19:18:54","guid":{"rendered":"https:\/\/tintascuritiba.com.br\/?post_type=product&#038;p=561"},"modified":"2022-11-29T16:18:54","modified_gmt":"2022-11-29T19:18:54","slug":"pag-top-rolo-la-25-mm","status":"publish","type":"product","link":"https:\/\/tintascuritiba.com.br\/index.php\/produto\/pag-top-rolo-la-25-mm\/","title":{"rendered":"PAG TOP Rolo L\u00e3 25 mm"},"content":{"rendered":"<p>Rolo de l\u00e3 mais longa e densa, 100% pele natural de carneiro.<\/p>\n<p>&nbsp;<\/p>\n<h4>Indica\u00e7\u00e3o<\/h4>\n<p>Indicado para tintas \u00e0 base d&#8217;\u00e1gua, l\u00e1tex PVA e acr\u00edlica. Ideal para superf\u00edcies lisas, irregulares, rugosas e \u00e1speras, resultando maior rendimento, retendo maior quantidade de tinta, devido \u00e0 altura da l\u00e3.<\/p>\n<p>&nbsp;<\/p>\n<h4>Tamanhos dispon\u00edveis<\/h4>\n<p>Dispon\u00edvel no tamanho 23 cm.\u00a0Com e sem Garfo de Press\u00e3o. Tubo 40 mm.<\/p>\n","protected":false},"excerpt":{"rendered":"<p>Rolo de l\u00e3 mais longa e densa, 100% pele natural de carneiro.<\/p>\n","protected":false},"featured_media":562,"comment_status":"open","ping_status":"closed","template":"","meta":[],"product_cat":[58],"product_tag":[169,172],"class_list":{"0":"post-561","1":"product","2":"type-product","3":"status-publish","4":"has-post-thumbnail","5":"hentry","6":"product_cat-acessorios-e-ferramentas","7":"product_tag-pag","8":"product_tag-rolo-de-la-carneiro","10":"entry","11":"has-media","12":"owp-thumbs-layout-horizontal","13":"owp-btn-normal","14":"owp-tabs-layout-horizontal","15":"has-product-nav"},"_links":{"self":[{"href":"https:\/\/tintascuritiba.com.br\/index.php\/wp-json\/wp\/v2\/product\/561","targetHints":{"allow":["GET"]}}],"collection":[{"href":"https:\/\/tintascuritiba.com.br\/index.php\/wp-json\/wp\/v2\/product"}],"about":[{"href":"https:\/\/tintascuritiba.com.br\/index.php\/wp-json\/wp\/v2\/types\/product"}],"replies":[{"embeddable":true,"href":"https:\/\/tintascuritiba.com.br\/index.php\/wp-json\/wp\/v2\/comments?post=561"}],"wp:featuredmedia":[{"embeddable":true,"href":"https:\/\/tintascuritiba.com.br\/index.php\/wp-json\/wp\/v2\/media\/562"}],"wp:attachment":[{"href":"https:\/\/tintascuritiba.com.br\/index.php\/wp-json\/wp\/v2\/media?parent=561"}],"wp:term":[{"taxonomy":"product_cat","embeddable":true,"href":"https:\/\/tintascuritiba.com.br\/index.php\/wp-json\/wp\/v2\/product_cat?post=561"},{"taxonomy":"product_tag","embeddable":true,"href":"https:\/\/tintascuritiba.com.br\/index.php\/wp-json\/wp\/v2\/product_tag?post=561"}],"curies":[{"name":"wp","href":"https:\/\/api.w.org\/{rel}","templated":true}]}}